{"id":1298,"date":"2012-08-28T12:02:37","date_gmt":"2012-08-28T09:02:37","guid":{"rendered":"http:\/\/lauska.lv\/veikalsbeta\/?post_type=product&#038;p=1298"},"modified":"2018-10-04T22:18:38","modified_gmt":"2018-10-04T19:18:38","slug":"es-esmu-rits","status":"publish","type":"product","link":"https:\/\/lauska.lv\/veikals\/Preces\/es-esmu-rits\/","title":{"rendered":"Es esmu r\u012bts"},"content":{"rendered":"<p>P\u0113d\u0113jos gadus Haralds S\u012bmanis daudz muzic\u0113jis kop\u0101 ar \u0123it\u0101risti Ilzi Grunti. Ar Ilzi un vi\u0146as br\u0101li, kontrabasa meistaru Andri Grunti, ir rad\u012bta koncertprogramma, kas veido albuma \u201eEs esmu r\u012bts\u201d pamatu. Visu dziesmu tekstu autors ir Arv\u012bds Ulme. Ierakst\u0101 pied\u0101v\u0101tas 11 kompoz\u012bcijas.<\/p>\n","protected":false},"excerpt":{"rendered":"<p><strong>Izpild\u012bt\u0101js<\/strong>\u00a0<a href=\"http:\/\/lauska.lv\/veikals\/simanis-haralds\/\" target=\"_blank\" rel=\"noopener\">Haralds S\u012bmanis<\/a><\/p>\n<p><strong>\u017danri <\/strong><a href=\"http:\/\/lauska.lv\/veikals\/dziesminieki-autormuzika\/\" target=\"_blank\" rel=\"noopener\">Dziesminieki \/ Autorm\u016bzika<\/a><\/p>\n","protected":false},"featured_media":1279,"template":"","meta":{"jetpack_post_was_ever_published":false,"jetpack_publicize_message":"","jetpack_is_tweetstorm":false,"jetpack_publicize_feature_enabled":true,"jetpack_social_post_already_shared":true,"jetpack_social_options":{"image_generator_settings":{"template":"highway","enabled":false}}},"product_cat":[49,101,209,249],"product_tag":[40],"jetpack_publicize_connections":[],"jetpack_sharing_enabled":true,"_links":{"self":[{"href":"https:\/\/lauska.lv\/veikals\/wp-json\/wp\/v2\/product\/1298"}],"collection":[{"href":"https:\/\/lauska.lv\/veikals\/wp-json\/wp\/v2\/product"}],"about":[{"href":"https:\/\/lauska.lv\/veikals\/wp-json\/wp\/v2\/types\/product"}],"wp:featuredmedia":[{"embeddable":true,"href":"https:\/\/lauska.lv\/veikals\/wp-json\/wp\/v2\/media\/1279"}],"wp:attachment":[{"href":"https:\/\/lauska.lv\/veikals\/wp-json\/wp\/v2\/media?parent=1298"}],"wp:term":[{"taxonomy":"product_cat","embeddable":true,"href":"https:\/\/lauska.lv\/veikals\/wp-json\/wp\/v2\/product_cat?post=1298"},{"taxonomy":"product_tag","embeddable":true,"href":"https:\/\/lauska.lv\/veikals\/wp-json\/wp\/v2\/product_tag?post=1298"}],"curies":[{"name":"wp","href":"https:\/\/api.w.org\/{rel}","templated":true}]}}