{"id":12921,"date":"2020-01-15T11:17:11","date_gmt":"2020-01-15T09:17:11","guid":{"rendered":"http:\/\/lauska.lv\/veikals\/?post_type=product&#038;p=12921"},"modified":"2021-08-10T09:29:36","modified_gmt":"2021-08-10T06:29:36","slug":"trip","status":"publish","type":"product","link":"https:\/\/lauska.lv\/veikals\/Preces\/trip\/","title":{"rendered":"tr\u012bp!"},"content":{"rendered":"<p>Postfolkloras grupa \u201cRik\u0161i\u201d pie albuma str\u0101d\u0101jusi divus gadus. Albuma nosaukums ir \u201ctr\u012bp!\u201d jeb latviski\u00a0\u2013 triep! Triept\u00a0\u2013 k\u0101 viens no veidiem, k\u0101 uzkl\u0101t kr\u0101su uz audekla. V\u0101rds &#8220;tr\u012bp&#8221; raisa asoci\u0101cijas ar\u012b ar ang\u013cu valodas v\u0101rdu &#8220;trip&#8221; \u2013 ce\u013cojums, un, k\u0101 atz\u012bst grupas dal\u012bbnieki, albuma st\u0101st\u0101 \u0161\u012b paral\u0113le \u013coti labi iederas.<\/p>\n<p>\u201c\u0160\u012b programma ir balst\u012bta uz gadsk\u0101rtu dziesm\u0101m, kas ir pierakst\u012btas R\u0113zeknes pus\u0113, un, str\u0101d\u0101jot ar \u0161o materi\u0101lu, m\u0113s saprat\u0101m, ka gadsk\u0101rtu var uztvert ne tikai caur to, kas iziet cauri gadam, bet tikpat labi var izdz\u012bvot gadsk\u0101rtu emocijas dienas laik\u0101, tikpat labi t\u0101 var izskat\u012bties k\u0101ds tavs cikls dz\u012bv\u0113. Un svar\u012bgi, lai emocijas ir dz\u012bv\u0113, lai nav balts un pel\u0113ks,\u201d st\u0101sta \u0112riks Zeps.<\/p>\n<p>Album\u0101 iek\u013cautas R\u0113zeknes puses tautasdziesmas latgaliski, izejot gadsk\u0101rtu iera\u017eu sv\u0113tkus, svinot un kr\u0101sojot dz\u012bvi kr\u0101saini. Par jauno albumu st\u0101sta grupas dal\u012bbnieki \u0112riks Zeps, Madara Broli\u0161a, Ivars Ut\u0101ns un Jur\u0123is Lipskis. Tie\u0161i Jur\u0123is,\u00a0pievienojoties grupai k\u0101 sitaminstrument\u0101lists, ienesis taj\u0101 jaunu skan\u0113jumu.<\/p>\n<p>&nbsp;<\/p>\n<p>&nbsp;<\/p>\n<p>&nbsp;<\/p>\n<p>&nbsp;<\/p>\n","protected":false},"excerpt":{"rendered":"<p><strong>IZPILD\u012aT\u0100JS\u00a0<\/strong><a href=\"\/veikals?page_id=1089\" target=\"_blank\" rel=\"noopener noreferrer\">Rik\u0161i<\/a><\/p>\n<p><strong>\u017dANRS\u00a0<\/strong><a href=\"\/veikals?page_id=855\">Post-folks<\/a><\/p>\n","protected":false},"featured_media":12922,"template":"","meta":{"jetpack_post_was_ever_published":false,"jetpack_publicize_message":"","jetpack_is_tweetstorm":false,"jetpack_publicize_feature_enabled":true,"jetpack_social_post_already_shared":true,"jetpack_social_options":{"image_generator_settings":{"template":"highway","enabled":false}}},"product_cat":[101,202],"product_tag":[712],"jetpack_publicize_connections":[],"jetpack_sharing_enabled":true,"_links":{"self":[{"href":"https:\/\/lauska.lv\/veikals\/wp-json\/wp\/v2\/product\/12921"}],"collection":[{"href":"https:\/\/lauska.lv\/veikals\/wp-json\/wp\/v2\/product"}],"about":[{"href":"https:\/\/lauska.lv\/veikals\/wp-json\/wp\/v2\/types\/product"}],"wp:featuredmedia":[{"embeddable":true,"href":"https:\/\/lauska.lv\/veikals\/wp-json\/wp\/v2\/media\/12922"}],"wp:attachment":[{"href":"https:\/\/lauska.lv\/veikals\/wp-json\/wp\/v2\/media?parent=12921"}],"wp:term":[{"taxonomy":"product_cat","embeddable":true,"href":"https:\/\/lauska.lv\/veikals\/wp-json\/wp\/v2\/product_cat?post=12921"},{"taxonomy":"product_tag","embeddable":true,"href":"https:\/\/lauska.lv\/veikals\/wp-json\/wp\/v2\/product_tag?post=12921"}],"curies":[{"name":"wp","href":"https:\/\/api.w.org\/{rel}","templated":true}]}}