{"id":1291,"date":"2012-12-28T11:57:14","date_gmt":"2012-12-28T09:57:14","guid":{"rendered":"http:\/\/lauska.lv\/veikalsbeta\/?post_type=product&#038;p=1291"},"modified":"2024-01-29T18:44:11","modified_gmt":"2024-01-29T16:44:11","slug":"sviests-3","status":"publish","type":"product","link":"https:\/\/lauska.lv\/veikals\/Preces\/sviests-3\/","title":{"rendered":"SVIESTS 3"},"content":{"rendered":"<p>M\u016bsdienu tautas m\u016bzikas izlase, kas dod ieskatu taj\u0101, ko ar latvie\u0161u tautas dziesm\u0101m un melodij\u0101m var izdar\u012bt \u0161odien &#8211; cik \u0161\u012bs dziesmas m\u016bs sp\u0113j uzrun\u0101t, aizkustin\u0101t, un, galu gal\u0101, iedvesmot, lai rad\u012btu v\u0113l kaut ko jaunu. \u0160aj\u0101 izlas\u0113 ieskan\u0101s tik da\u017e\u0101di virzieni k\u0101 reps, regejs, met\u0101ls, folks, viduslaic\u012bgas ska\u0146as un v\u0113l citi eksperiment\u0101l\u0101ki skan\u0113jumi. Tam visam pa vidu ir ar\u012b t\u012bri tradicion\u0101las dziesmas, kuras aizrauj ar skaidru nesam\u0101kslot\u012bbu un spar\u012bgu dz\u012bvesprieku.<\/p>\n","protected":false},"excerpt":{"rendered":"<p><strong>Izpild\u012bt\u0101js<\/strong>\u00a0Da\u017e\u0101di izpild\u012bt\u0101ji<\/p>\n<p><strong>\u017danri<\/strong>\u00a0<a href=\"http:\/\/lauska.lv\/veikals\/post-folks\/\">Post-folks<\/a><\/p>\n","protected":false},"featured_media":1282,"template":"","meta":{"jetpack_post_was_ever_published":false,"jetpack_publicize_message":"","jetpack_is_tweetstorm":false,"jetpack_publicize_feature_enabled":true,"jetpack_social_post_already_shared":true,"jetpack_social_options":{"image_generator_settings":{"template":"highway","enabled":false}}},"product_cat":[649,119,124,126,130,650,141,144,101,162,163,165,166,171,651,179,191,214,737,229,234,240,244,247],"product_tag":[37],"jetpack_publicize_connections":[],"jetpack_sharing_enabled":true,"_links":{"self":[{"href":"https:\/\/lauska.lv\/veikals\/wp-json\/wp\/v2\/product\/1291"}],"collection":[{"href":"https:\/\/lauska.lv\/veikals\/wp-json\/wp\/v2\/product"}],"about":[{"href":"https:\/\/lauska.lv\/veikals\/wp-json\/wp\/v2\/types\/product"}],"wp:featuredmedia":[{"embeddable":true,"href":"https:\/\/lauska.lv\/veikals\/wp-json\/wp\/v2\/media\/1282"}],"wp:attachment":[{"href":"https:\/\/lauska.lv\/veikals\/wp-json\/wp\/v2\/media?parent=1291"}],"wp:term":[{"taxonomy":"product_cat","embeddable":true,"href":"https:\/\/lauska.lv\/veikals\/wp-json\/wp\/v2\/product_cat?post=1291"},{"taxonomy":"product_tag","embeddable":true,"href":"https:\/\/lauska.lv\/veikals\/wp-json\/wp\/v2\/product_tag?post=1291"}],"curies":[{"name":"wp","href":"https:\/\/api.w.org\/{rel}","templated":true}]}}