{"id":1275,"date":"2012-11-28T11:55:02","date_gmt":"2012-11-28T09:55:02","guid":{"rendered":"http:\/\/lauska.lv\/veikalsbeta\/?post_type=product&#038;p=1275"},"modified":"2018-10-04T22:20:54","modified_gmt":"2018-10-04T19:20:54","slug":"saviesu-melosana","status":"publish","type":"product","link":"https:\/\/lauska.lv\/veikals\/Preces\/saviesu-melosana\/","title":{"rendered":"Savie\u0161u m\u0113\u013co\u0161ana"},"content":{"rendered":"<p>Izdevums &#8220;Savie\u0161u m\u0113\u013co\u0161ana&#8221; ir velt\u012bts tradicion\u0101lu vilnas dzijas kr\u0101so\u0161anas pa\u0146\u0113mienu skaidro\u0161anai un apdzied\u0101\u0161anai. Gr\u0101mat\u0101 aprakst\u012bts kr\u0101su izmantojums senajos godu t\u0113rpos, aprakst\u012bti un uzz\u012bm\u0113ti kr\u0101so\u0161anai der\u012bgie augi, sniegtas senas receptes dzijas kr\u0101so\u0161anai, k\u0101 ar\u012b iek\u013cautas un koment\u0113tas tautasdziesmas par kr\u0101so\u0161anu ar augiem jeb m\u0113\u013co\u0161anu, madaro\u0161anu, ie\u0161anu kodel\u0101s.<br \/>\nGr\u0101matas audiopielikum\u0101 folkloras draugu kopa \u201eSavie\u0161i\u201d izdzied 18 latvie\u0161u tautas dziesmas no visiem Latvijas novadiem par kr\u0101so\u0161anai izmantotiem augiem un sen\u0101m tekstila tehnik\u0101m.<br \/>\nIzdevums noder\u0113s latvie\u0161u tradicion\u0101l\u0101s kult\u016bras izzin\u0101\u0161anai, senu prasmju apguvei, k\u0101 ar\u012b ierosmei p\u0113t\u012bt un eksperiment\u0113t.<\/p>\n<p>Gr\u0101mata (form\u0101ts 14&#215;12.5 cm; 60 lpp.) latvie\u0161u un ang\u013cu valod\u0101 un CD.<\/p>\n","protected":false},"excerpt":{"rendered":"<p><strong>Izpild\u012bt\u0101js<\/strong> <a href=\"http:\/\/lauska.lv\/veikals\/saviesi\/\" target=\"_blank\" rel=\"noopener\">Savie\u0161i<\/a><\/p>\n<p><strong>\u017danri<\/strong>\u00a0<a href=\"http:\/\/lauska.lv\/veikals\/folklora\/\">Folklora<\/a>, <a href=\"http:\/\/lauska.lv\/veikals\/literari-diski-un-gramatas\/\" target=\"_blank\" rel=\"noopener\">Liter\u0101ri diski un gr\u0101matas<\/a><\/p>\n<p><strong>ISBN<\/strong> 978-9934-8276-1-7<\/p>\n","protected":false},"featured_media":1285,"template":"","meta":{"jetpack_post_was_ever_published":false,"jetpack_publicize_message":"","jetpack_is_tweetstorm":false,"jetpack_publicize_feature_enabled":true,"jetpack_social_post_already_shared":true,"jetpack_social_options":{"image_generator_settings":{"template":"highway","enabled":false}}},"product_cat":[250,101,251,208,249],"product_tag":[40],"jetpack_publicize_connections":[],"jetpack_sharing_enabled":true,"_links":{"self":[{"href":"https:\/\/lauska.lv\/veikals\/wp-json\/wp\/v2\/product\/1275"}],"collection":[{"href":"https:\/\/lauska.lv\/veikals\/wp-json\/wp\/v2\/product"}],"about":[{"href":"https:\/\/lauska.lv\/veikals\/wp-json\/wp\/v2\/types\/product"}],"wp:featuredmedia":[{"embeddable":true,"href":"https:\/\/lauska.lv\/veikals\/wp-json\/wp\/v2\/media\/1285"}],"wp:attachment":[{"href":"https:\/\/lauska.lv\/veikals\/wp-json\/wp\/v2\/media?parent=1275"}],"wp:term":[{"taxonomy":"product_cat","embeddable":true,"href":"https:\/\/lauska.lv\/veikals\/wp-json\/wp\/v2\/product_cat?post=1275"},{"taxonomy":"product_tag","embeddable":true,"href":"https:\/\/lauska.lv\/veikals\/wp-json\/wp\/v2\/product_tag?post=1275"}],"curies":[{"name":"wp","href":"https:\/\/api.w.org\/{rel}","templated":true}]}}