{"id":1272,"date":"2012-12-28T11:51:58","date_gmt":"2012-12-28T09:51:58","guid":{"rendered":"http:\/\/lauska.lv\/veikalsbeta\/?post_type=product&#038;p=1272"},"modified":"2021-01-26T17:16:10","modified_gmt":"2021-01-26T15:16:10","slug":"teatra-krustojums","status":"publish","type":"product","link":"https:\/\/lauska.lv\/veikals\/Preces\/teatra-krustojums\/","title":{"rendered":"Te\u0101tra krustojums"},"content":{"rendered":"<p>Album\u0101 \u201eTe\u0101tra krustojums\u201d ansamblis papla\u0161ina m\u016bzikas emocion\u0101l\u0101 satura izpausmes, sadarb\u012bb\u0101 ar citu \u017eanru m\u0101ksliniekiem pievienojot m\u016bzikai dzeju un fotogr\u0101fijas \u2013 radot jaunas, subjekt\u012bvas asoci\u0101cijas par ska\u0146darbu t\u0113m\u0101m. Dzeju, iedvesmojoties no m\u016bzikas, sarakst\u012bjis publicists Ilm\u0101rs \u0160l\u0101pins. Savuk\u0101rt fotogr\u0101fi Inese Kalni\u0146a, Ansis Klucis, U\u0123is Nastevi\u010ds un Art\u016brs Daukulis katram ska\u0146darbam velt\u012bju\u0161i foto att\u0113lu. \u0160o da\u017e\u0101do nozaru m\u0101kslinieku kopdarbs ir apkopots albuma gr\u0101mati\u0146\u0101, kas veido vienotu foto-ambientu m\u0101kslas darbu, kuru klaus\u012bties, las\u012bt un skat\u012bties.<br \/>\nAlbums ir velt\u012bts visiem, kuri sp\u0113j dzird\u0113t, redz\u0113t, just un atbalsoties cits cit\u0101. Jo viss, kas ir ap mums ir tikai m\u016bsu pa\u0161u dv\u0113seles atspulgs. Lai tas ir skaists!<\/p>\n","protected":false},"excerpt":{"rendered":"<p><strong>Izpild\u012bt\u0101js<\/strong> <a href=\"http:\/\/lauska.lv\/veikals\/vetras-saites\/\" target=\"_blank\" rel=\"noopener\">V\u0113tras Saites<\/a><\/p>\n<p><strong>\u017danri<\/strong>\u00a0<a href=\"http:\/\/lauska.lv\/veikals\/post-folks\/\">Post-folks<\/a><\/p>\n","protected":false},"featured_media":1644,"template":"","meta":{"jetpack_post_was_ever_published":false,"jetpack_publicize_message":"","jetpack_is_tweetstorm":false,"jetpack_publicize_feature_enabled":true,"jetpack_social_post_already_shared":true,"jetpack_social_options":{"image_generator_settings":{"template":"highway","enabled":false}}},"product_cat":[101,252,237,249],"product_tag":[40],"jetpack_publicize_connections":[],"jetpack_sharing_enabled":true,"_links":{"self":[{"href":"https:\/\/lauska.lv\/veikals\/wp-json\/wp\/v2\/product\/1272"}],"collection":[{"href":"https:\/\/lauska.lv\/veikals\/wp-json\/wp\/v2\/product"}],"about":[{"href":"https:\/\/lauska.lv\/veikals\/wp-json\/wp\/v2\/types\/product"}],"wp:featuredmedia":[{"embeddable":true,"href":"https:\/\/lauska.lv\/veikals\/wp-json\/wp\/v2\/media\/1644"}],"wp:attachment":[{"href":"https:\/\/lauska.lv\/veikals\/wp-json\/wp\/v2\/media?parent=1272"}],"wp:term":[{"taxonomy":"product_cat","embeddable":true,"href":"https:\/\/lauska.lv\/veikals\/wp-json\/wp\/v2\/product_cat?post=1272"},{"taxonomy":"product_tag","embeddable":true,"href":"https:\/\/lauska.lv\/veikals\/wp-json\/wp\/v2\/product_tag?post=1272"}],"curies":[{"name":"wp","href":"https:\/\/api.w.org\/{rel}","templated":true}]}}