{"id":1266,"date":"2013-08-28T11:49:22","date_gmt":"2013-08-28T08:49:22","guid":{"rendered":"http:\/\/lauska.lv\/veikalsbeta\/?post_type=product&#038;p=1266"},"modified":"2018-10-04T22:52:45","modified_gmt":"2018-10-04T19:52:45","slug":"kokles-un-koklesana-latvija","status":"publish","type":"product","link":"https:\/\/lauska.lv\/veikals\/Preces\/kokles-un-koklesana-latvija\/","title":{"rendered":"Kokles un kokl\u0113\u0161ana Latvij\u0101"},"content":{"rendered":"<p>Izdevums tapis ar UNESCO L\u012bdzdal\u012bbas programmas, Nemateri\u0101l\u0101 kult\u016bras mantojuma valsts a\u0123ent\u016bras, VKKF un Valsts p\u0113t\u012bjumu programmas \u201eLetonika\u201d atbalstu.<\/p>\n<p>Gr\u0101mat\u0101 ir ietverts visp\u0101r\u0113js apskats par kokl\u0113m un kokl\u0113\u0161anas trad\u012bcij\u0101m un v\u0113sturi Latvij\u0101, k\u0101 ar\u012b kok\u013cu uzb\u016bvi, att\u012bst\u012bbu un to vari\u0101cij\u0101m. Tom\u0113r liel\u0101ko gr\u0101matas da\u013cu aiz\u0146em kok\u013cu sp\u0113les m\u0101c\u012bbu metodika ar ska\u0146ojumu piem\u0113riem, akordiem, vingrin\u0101jumiem, un da\u017e\u0101d\u0101m latvie\u0161u melodij\u0101m \u2013 dziesm\u0101m un dan\u010diem.<\/p>\n<p>\u012apa\u0161s audiopielikums \u201eKokl\u0113tprieks \u2013 ska\u0146ojumi, vingrin\u0101jumi, repertu\u0101rs\u201d pal\u012bdz\u0113s ikvienam, kur\u0161 v\u0113las pa\u0146emt kokli rok\u0101, iem\u0101c\u012bties to sp\u0113l\u0113t. Audio CD papildina gr\u0101matas metodikas da\u013cu, atvieglojot kok\u013cu sp\u0113les prasmju apguvi. L\u012bdz ar to gr\u0101mata b\u016bs noder\u012bga gan kok\u013cu sp\u0113les skolot\u0101jiem un folkloras kopu vad\u012bt\u0101jiem, gan cilv\u0113kiem, kas v\u0113las apg\u016bt \u0161\u012b instrumenta sp\u0113li piln\u012bgi patst\u0101v\u012bgi.<\/p>\n<p>Gr\u0101mata (117 lpp.) latvie\u0161u un ang\u013cu valod\u0101 un CD.<\/p>\n","protected":false},"excerpt":{"rendered":"<p><strong>Autors\u00a0<\/strong><a href=\"http:\/\/lauska.lv\/veikals\/muktupavels-valdis\/\" target=\"_blank\" rel=\"noopener\">Valdis Muktup\u0101vels<\/a><\/p>\n<p><strong>\u017danri\u00a0<\/strong><a href=\"http:\/\/lauska.lv\/veikals\/literari-diski-un-gramatas\/\" target=\"_blank\" rel=\"noopener\">Liter\u0101ri diski un gr\u0101matas<\/a><\/p>\n<p><strong>ISBN<\/strong> 978-9984-39-959-1<\/p>\n","protected":false},"featured_media":1237,"template":"","meta":{"jetpack_post_was_ever_published":false,"jetpack_publicize_message":"","jetpack_is_tweetstorm":false,"jetpack_publicize_feature_enabled":true,"jetpack_social_post_already_shared":true,"jetpack_social_options":{"image_generator_settings":{"template":"highway","enabled":false}}},"product_cat":[101,251,182,249],"product_tag":[37,41],"jetpack_publicize_connections":[],"jetpack_sharing_enabled":true,"_links":{"self":[{"href":"https:\/\/lauska.lv\/veikals\/wp-json\/wp\/v2\/product\/1266"}],"collection":[{"href":"https:\/\/lauska.lv\/veikals\/wp-json\/wp\/v2\/product"}],"about":[{"href":"https:\/\/lauska.lv\/veikals\/wp-json\/wp\/v2\/types\/product"}],"wp:featuredmedia":[{"embeddable":true,"href":"https:\/\/lauska.lv\/veikals\/wp-json\/wp\/v2\/media\/1237"}],"wp:attachment":[{"href":"https:\/\/lauska.lv\/veikals\/wp-json\/wp\/v2\/media?parent=1266"}],"wp:term":[{"taxonomy":"product_cat","embeddable":true,"href":"https:\/\/lauska.lv\/veikals\/wp-json\/wp\/v2\/product_cat?post=1266"},{"taxonomy":"product_tag","embeddable":true,"href":"https:\/\/lauska.lv\/veikals\/wp-json\/wp\/v2\/product_tag?post=1266"}],"curies":[{"name":"wp","href":"https:\/\/api.w.org\/{rel}","templated":true}]}}