{"id":1265,"date":"2013-08-28T11:47:20","date_gmt":"2013-08-28T08:47:20","guid":{"rendered":"http:\/\/lauska.lv\/veikalsbeta\/?post_type=product&#038;p=1265"},"modified":"2018-10-04T22:50:52","modified_gmt":"2018-10-04T19:50:52","slug":"pa-celenu","status":"publish","type":"product","link":"https:\/\/lauska.lv\/veikals\/Preces\/pa-celenu\/","title":{"rendered":"Pa cele\u0146u\u2026"},"content":{"rendered":"<p>Album\u0101 iek\u013cautais materi\u0101ls sniedz br\u012bni\u0161\u0137\u012bgu iesp\u0113ju ieklaus\u012bties Vaboles pagasta tradicion\u0101laj\u0101 m\u016bzik\u0101, ieraudz\u012bt, k\u0101 21. gadsimta s\u0101kum\u0101 \u0161is repertu\u0101rs dz\u012bvo Daugavpils apk\u0101rtn\u0113 \u2013 novad\u0101, kura muzik\u0101lais mantojums l\u012bdz \u0161im nav bijis pieejams pla\u0161\u0101kam klaus\u012bt\u0101ju lokam public\u0113tas bl\u012bvplates veidol\u0101. Album\u0101 p\u0101rst\u0101v\u0113ts interesants vok\u0101lais un instrument\u0101lais repertu\u0101rs, kas bag\u0101tin\u0101ts ar teic\u0113ju st\u0101st\u012bjumiem, sniedzot spilgtu ansamb\u013ca portretu un kopum\u0101 \u2013 b\u016btisku pienesumu Latvijas tradicion\u0101l\u0101s m\u016bzikas diskogr\u0101fij\u0101.<\/p>\n","protected":false},"excerpt":{"rendered":"<p><strong>Izpild\u012bt\u0101js<\/strong> <a href=\"http:\/\/lauska.lv\/veikals\/vabalis\/\" target=\"_blank\" rel=\"noopener\">Vaba\u013cis<\/a><\/p>\n<p><strong>\u017danri<\/strong>\u00a0<a href=\"http:\/\/lauska.lv\/veikals\/folklora\/\" target=\"_blank\" rel=\"noopener\">Folklora<\/a><\/p>\n","protected":false},"featured_media":1234,"template":"","meta":{"jetpack_post_was_ever_published":false,"jetpack_publicize_message":"","jetpack_is_tweetstorm":false,"jetpack_publicize_feature_enabled":true,"jetpack_social_post_already_shared":true,"jetpack_social_options":{"image_generator_settings":{"template":"highway","enabled":false}}},"product_cat":[250,101,249],"product_tag":[41],"jetpack_publicize_connections":[],"jetpack_sharing_enabled":true,"_links":{"self":[{"href":"https:\/\/lauska.lv\/veikals\/wp-json\/wp\/v2\/product\/1265"}],"collection":[{"href":"https:\/\/lauska.lv\/veikals\/wp-json\/wp\/v2\/product"}],"about":[{"href":"https:\/\/lauska.lv\/veikals\/wp-json\/wp\/v2\/types\/product"}],"wp:featuredmedia":[{"embeddable":true,"href":"https:\/\/lauska.lv\/veikals\/wp-json\/wp\/v2\/media\/1234"}],"wp:attachment":[{"href":"https:\/\/lauska.lv\/veikals\/wp-json\/wp\/v2\/media?parent=1265"}],"wp:term":[{"taxonomy":"product_cat","embeddable":true,"href":"https:\/\/lauska.lv\/veikals\/wp-json\/wp\/v2\/product_cat?post=1265"},{"taxonomy":"product_tag","embeddable":true,"href":"https:\/\/lauska.lv\/veikals\/wp-json\/wp\/v2\/product_tag?post=1265"}],"curies":[{"name":"wp","href":"https:\/\/api.w.org\/{rel}","templated":true}]}}