{"id":1259,"date":"2013-08-28T11:44:59","date_gmt":"2013-08-28T08:44:59","guid":{"rendered":"http:\/\/lauska.lv\/veikalsbeta\/?post_type=product&#038;p=1259"},"modified":"2021-02-26T10:21:47","modified_gmt":"2021-02-26T08:21:47","slug":"seju-veju-rallala","status":"publish","type":"product","link":"https:\/\/lauska.lv\/veikals\/Preces\/seju-veju-rallala\/","title":{"rendered":"Seju, veju, rallal\u0101!"},"content":{"rendered":"<p>Viens no sen\u0101kajiem etnogr\u0101fiskajiem ansamb\u013ciem Naktineica iedzied\u0101jis albumu, kur\u0101 klaus\u0101mas 13 dziesmas,kas ir kolekt\u012bva repertu\u0101r\u0101 kop\u0161 t\u0101 pirms\u0101kumiem un ir rakstur\u012bgas Prei\u013cu novada Anspoku un Pr\u012bku\u013cu pusei.<\/p>\n","protected":false},"excerpt":{"rendered":"<p><strong>Izpild\u012bt\u0101js<\/strong> <a href=\"http:\/\/lauska.lv\/veikals\/naktineica\/\" target=\"_blank\" rel=\"noopener\">Naktineica<\/a><\/p>\n<p><strong>\u017danri\u00a0<\/strong><a href=\"http:\/\/lauska.lv\/veikals\/folklora\/\" target=\"_blank\" rel=\"noopener\">Folklora<\/a><\/p>\n","protected":false},"featured_media":1231,"template":"","meta":{"jetpack_post_was_ever_published":false,"jetpack_publicize_message":"","jetpack_is_tweetstorm":false,"jetpack_publicize_feature_enabled":true,"jetpack_social_post_already_shared":true,"jetpack_social_options":{"image_generator_settings":{"template":"highway","enabled":false}}},"product_cat":[250,101,183,249],"product_tag":[41],"jetpack_publicize_connections":[],"jetpack_sharing_enabled":true,"_links":{"self":[{"href":"https:\/\/lauska.lv\/veikals\/wp-json\/wp\/v2\/product\/1259"}],"collection":[{"href":"https:\/\/lauska.lv\/veikals\/wp-json\/wp\/v2\/product"}],"about":[{"href":"https:\/\/lauska.lv\/veikals\/wp-json\/wp\/v2\/types\/product"}],"wp:featuredmedia":[{"embeddable":true,"href":"https:\/\/lauska.lv\/veikals\/wp-json\/wp\/v2\/media\/1231"}],"wp:attachment":[{"href":"https:\/\/lauska.lv\/veikals\/wp-json\/wp\/v2\/media?parent=1259"}],"wp:term":[{"taxonomy":"product_cat","embeddable":true,"href":"https:\/\/lauska.lv\/veikals\/wp-json\/wp\/v2\/product_cat?post=1259"},{"taxonomy":"product_tag","embeddable":true,"href":"https:\/\/lauska.lv\/veikals\/wp-json\/wp\/v2\/product_tag?post=1259"}],"curies":[{"name":"wp","href":"https:\/\/api.w.org\/{rel}","templated":true}]}}