{"id":1249,"date":"2013-08-28T11:39:47","date_gmt":"2013-08-28T08:39:47","guid":{"rendered":"http:\/\/lauska.lv\/veikalsbeta\/?post_type=product&#038;p=1249"},"modified":"2018-10-04T22:47:33","modified_gmt":"2018-10-04T19:47:33","slug":"tarkski-ganos","status":"publish","type":"product","link":"https:\/\/lauska.lv\/veikals\/Preces\/tarkski-ganos\/","title":{"rendered":"Tark\u0161\u0137i ganos"},"content":{"rendered":"<p>Album\u0101 b\u0113rnu un jaunie\u0161u folkloras kopa Tark\u0161\u0137i no Iecavas iedzied\u0101jusi dz\u012bvespriec\u012bgas ganu dziesmas, \u0161\u016bpu\u013cdziesmas, putnu, dz\u012bvnieku dziesmas, ir ar\u012b dan\u010du un rota\u013cu dziesmas. T\u0101pat albums papildin\u0101ts ar \u012bpa\u0161i sagatavotu videoklipu dziesmai \u00abC\u012brulis un p\u016bc\u012bte\u00bb.<\/p>\n","protected":false},"excerpt":{"rendered":"<p><strong>Izpild\u012bt\u0101js<\/strong> <a href=\"http:\/\/lauska.lv\/veikals\/tarkski\/\" target=\"_blank\" rel=\"noopener\">Tark\u0161\u0137i<\/a><\/p>\n<p><strong>\u017danri <\/strong><a href=\"http:\/\/lauska.lv\/veikals\/folklora\/\" target=\"_blank\" rel=\"noopener\">Folklora<\/a><\/p>\n","protected":false},"featured_media":1225,"template":"","meta":{"jetpack_post_was_ever_published":false,"jetpack_publicize_message":"","jetpack_is_tweetstorm":false,"jetpack_publicize_feature_enabled":true,"jetpack_social_post_already_shared":true,"jetpack_social_options":{"image_generator_settings":{"template":"highway","enabled":false}}},"product_cat":[250,101,222,223,249],"product_tag":[41],"jetpack_publicize_connections":[],"jetpack_sharing_enabled":true,"_links":{"self":[{"href":"https:\/\/lauska.lv\/veikals\/wp-json\/wp\/v2\/product\/1249"}],"collection":[{"href":"https:\/\/lauska.lv\/veikals\/wp-json\/wp\/v2\/product"}],"about":[{"href":"https:\/\/lauska.lv\/veikals\/wp-json\/wp\/v2\/types\/product"}],"wp:featuredmedia":[{"embeddable":true,"href":"https:\/\/lauska.lv\/veikals\/wp-json\/wp\/v2\/media\/1225"}],"wp:attachment":[{"href":"https:\/\/lauska.lv\/veikals\/wp-json\/wp\/v2\/media?parent=1249"}],"wp:term":[{"taxonomy":"product_cat","embeddable":true,"href":"https:\/\/lauska.lv\/veikals\/wp-json\/wp\/v2\/product_cat?post=1249"},{"taxonomy":"product_tag","embeddable":true,"href":"https:\/\/lauska.lv\/veikals\/wp-json\/wp\/v2\/product_tag?post=1249"}],"curies":[{"name":"wp","href":"https:\/\/api.w.org\/{rel}","templated":true}]}}