{"id":1248,"date":"2013-11-28T11:37:45","date_gmt":"2013-11-28T09:37:45","guid":{"rendered":"http:\/\/lauska.lv\/veikalsbeta\/?post_type=product&#038;p=1248"},"modified":"2018-10-04T22:54:26","modified_gmt":"2018-10-04T19:54:26","slug":"puzurs","status":"publish","type":"product","link":"https:\/\/lauska.lv\/veikals\/Preces\/puzurs\/","title":{"rendered":"Puzurs"},"content":{"rendered":"<p>Album\u0101 \u00abPuzurs\u00bb ir apkopotas 12 postfolkloras grupas \u00abVecpils\u0113tas dzied\u0101t\u0101ji\u00bb rad\u012bt\u0101s ori\u0123in\u0101lkompoz\u012bcijas gada visskaist\u0101ko sv\u0113tku \u2013 ziemas saulgrie\u017eu \u2013 noska\u0146\u0101s.<\/p>\n<p>Postfolkloras grupa \u00abVecpils\u0113tas dzied\u0101t\u0101ji\u00bb br\u012bvi rota\u013c\u0101jas ar latvie\u0161u folkloru, sme\u013coties taj\u0101 idejas dziesmu v\u0101rdiem, bet m\u016bziku rada, mekl\u0113jot iedvesmu apk\u0101rt\u0113j\u0101s pasaules kr\u0101\u0161\u0146um\u0101 un noska\u0146\u0101s. Grupai rakstur\u012bgaj\u0101 skan\u0113jum\u0101 savijas gan sp\u0113c\u012bgas, gan maigas sievie\u0161u balsis un daudzveid\u012bgs m\u016bzikas instrumentu kl\u0101sts, s\u0101kot no pavisam tradicion\u0101liem l\u012bdz m\u016bsdien\u012bgiem.<\/p>\n","protected":false},"excerpt":{"rendered":"<p><strong>Izpild\u012bt\u0101js<\/strong> <a href=\"http:\/\/lauska.lv\/veikals\/vecpilsetas-dziedataja\/\" target=\"_blank\" rel=\"noopener\">Vecpils\u0113tas dzied\u0101t\u0101ji<\/a><\/p>\n<p><strong>\u017danri <\/strong><a href=\"http:\/\/lauska.lv\/veikals\/post-folks\/\" target=\"_blank\" rel=\"noopener\">Post-folks<\/a><\/p>\n","protected":false},"featured_media":1222,"template":"","meta":{"jetpack_post_was_ever_published":false,"jetpack_publicize_message":"","jetpack_is_tweetstorm":false,"jetpack_publicize_feature_enabled":true,"jetpack_social_post_already_shared":true,"jetpack_social_options":{"image_generator_settings":{"template":"highway","enabled":false}}},"product_cat":[101,252,234,249],"product_tag":[41],"jetpack_publicize_connections":[],"jetpack_sharing_enabled":true,"_links":{"self":[{"href":"https:\/\/lauska.lv\/veikals\/wp-json\/wp\/v2\/product\/1248"}],"collection":[{"href":"https:\/\/lauska.lv\/veikals\/wp-json\/wp\/v2\/product"}],"about":[{"href":"https:\/\/lauska.lv\/veikals\/wp-json\/wp\/v2\/types\/product"}],"wp:featuredmedia":[{"embeddable":true,"href":"https:\/\/lauska.lv\/veikals\/wp-json\/wp\/v2\/media\/1222"}],"wp:attachment":[{"href":"https:\/\/lauska.lv\/veikals\/wp-json\/wp\/v2\/media?parent=1248"}],"wp:term":[{"taxonomy":"product_cat","embeddable":true,"href":"https:\/\/lauska.lv\/veikals\/wp-json\/wp\/v2\/product_cat?post=1248"},{"taxonomy":"product_tag","embeddable":true,"href":"https:\/\/lauska.lv\/veikals\/wp-json\/wp\/v2\/product_tag?post=1248"}],"curies":[{"name":"wp","href":"https:\/\/api.w.org\/{rel}","templated":true}]}}