{"id":1245,"date":"2013-12-28T11:35:06","date_gmt":"2013-12-28T09:35:06","guid":{"rendered":"http:\/\/lauska.lv\/veikalsbeta\/?post_type=product&#038;p=1245"},"modified":"2018-10-04T22:56:13","modified_gmt":"2018-10-04T19:56:13","slug":"es-cigana-meita-biju","status":"publish","type":"product","link":"https:\/\/lauska.lv\/veikals\/Preces\/es-cigana-meita-biju\/","title":{"rendered":"Es \u010dig\u0101na meita biju"},"content":{"rendered":"<p>\u0160is albums ir velt\u012bts vienai no kr\u0101sain\u0101kaj\u0101m un jautr\u0101kaj\u0101m gadsk\u0101rtu noris\u0113m &#8211; \u010dig\u0101nos ie\u0161anai. Dziesmas Laiksnes izpild\u012bjum\u0101 atsedz sen\u0101s trad\u012bcijas burv\u012bbu un tai pat laik\u0101 skan aktu\u0101li un m\u016bsdien\u012bgi.<\/p>\n","protected":false},"excerpt":{"rendered":"<p><strong>Izpild\u012bt\u0101js<\/strong> <a href=\"http:\/\/lauska.lv\/veikals\/laiksne\/\" target=\"_blank\" rel=\"noopener\">Laiksne<\/a><\/p>\n<p><strong>\u017danri <\/strong><a href=\"http:\/\/lauska.lv\/veikals\/post-folks\/\" target=\"_blank\" rel=\"noopener\">Post-folks<\/a><\/p>\n","protected":false},"featured_media":1219,"template":"","meta":{"jetpack_post_was_ever_published":false,"jetpack_publicize_message":"","jetpack_is_tweetstorm":false,"jetpack_publicize_feature_enabled":true,"jetpack_social_post_already_shared":true,"jetpack_social_options":{"image_generator_settings":{"template":"highway","enabled":false}}},"product_cat":[101,165,252,249],"product_tag":[41],"jetpack_publicize_connections":[],"jetpack_sharing_enabled":true,"_links":{"self":[{"href":"https:\/\/lauska.lv\/veikals\/wp-json\/wp\/v2\/product\/1245"}],"collection":[{"href":"https:\/\/lauska.lv\/veikals\/wp-json\/wp\/v2\/product"}],"about":[{"href":"https:\/\/lauska.lv\/veikals\/wp-json\/wp\/v2\/types\/product"}],"wp:featuredmedia":[{"embeddable":true,"href":"https:\/\/lauska.lv\/veikals\/wp-json\/wp\/v2\/media\/1219"}],"wp:attachment":[{"href":"https:\/\/lauska.lv\/veikals\/wp-json\/wp\/v2\/media?parent=1245"}],"wp:term":[{"taxonomy":"product_cat","embeddable":true,"href":"https:\/\/lauska.lv\/veikals\/wp-json\/wp\/v2\/product_cat?post=1245"},{"taxonomy":"product_tag","embeddable":true,"href":"https:\/\/lauska.lv\/veikals\/wp-json\/wp\/v2\/product_tag?post=1245"}],"curies":[{"name":"wp","href":"https:\/\/api.w.org\/{rel}","templated":true}]}}