{"id":1206,"date":"2013-08-28T11:01:19","date_gmt":"2013-08-28T08:01:19","guid":{"rendered":"http:\/\/lauska.lv\/veikalsbeta\/?post_type=product&#038;p=1206"},"modified":"2024-01-29T18:18:47","modified_gmt":"2024-01-29T16:18:47","slug":"sviests-v","status":"publish","type":"product","link":"https:\/\/lauska.lv\/veikals\/Preces\/sviests-v\/","title":{"rendered":"SVIESTS V"},"content":{"rendered":"<p>Katru otro gadu grup\u0101m, kuras iedvesmojas no tautas m\u016bzikas, ir iesp\u0113ja piedal\u012bties \u0161aj\u0101 projekt\u0101, t\u0101tad nu jau aptverts laika posms desmit gadu garum\u0101. Laika gait\u0101 albumos par\u0101d\u0101s arvien jauni dal\u012bbnieki un tai pat laik\u0101 turpina darboties un att\u012bst\u012bties ar\u012b liela da\u013ca no t\u0101m grup\u0101m un m\u016bzi\u0137iem, kas piedal\u012bj\u0101s jau pirm\u0101 Sviesta kul\u0161an\u0101.<\/p>\n","protected":false},"excerpt":{"rendered":"<p><strong>Izpild\u012bt\u0101js<\/strong> Da\u017e\u0101di Izpild\u012bt\u0101js<\/p>\n<p><strong>\u017danri <\/strong><a href=\"http:\/\/lauska.lv\/veikals\/post-folks\/\">Post-folks<\/a><\/p>\n","protected":false},"featured_media":1216,"template":"","meta":{"jetpack_post_was_ever_published":false,"jetpack_publicize_message":"","jetpack_is_tweetstorm":false,"jetpack_publicize_feature_enabled":true,"jetpack_social_post_already_shared":true,"jetpack_social_options":{"image_generator_settings":{"template":"highway","enabled":false}}},"product_cat":[118,119,135,648,155,101,167,168,173,175,184,647,187,190,252,195,205,210,214,218,737,222,234,235,237,249],"product_tag":[41],"jetpack_publicize_connections":[],"jetpack_sharing_enabled":true,"_links":{"self":[{"href":"https:\/\/lauska.lv\/veikals\/wp-json\/wp\/v2\/product\/1206"}],"collection":[{"href":"https:\/\/lauska.lv\/veikals\/wp-json\/wp\/v2\/product"}],"about":[{"href":"https:\/\/lauska.lv\/veikals\/wp-json\/wp\/v2\/types\/product"}],"wp:featuredmedia":[{"embeddable":true,"href":"https:\/\/lauska.lv\/veikals\/wp-json\/wp\/v2\/media\/1216"}],"wp:attachment":[{"href":"https:\/\/lauska.lv\/veikals\/wp-json\/wp\/v2\/media?parent=1206"}],"wp:term":[{"taxonomy":"product_cat","embeddable":true,"href":"https:\/\/lauska.lv\/veikals\/wp-json\/wp\/v2\/product_cat?post=1206"},{"taxonomy":"product_tag","embeddable":true,"href":"https:\/\/lauska.lv\/veikals\/wp-json\/wp\/v2\/product_tag?post=1206"}],"curies":[{"name":"wp","href":"https:\/\/api.w.org\/{rel}","templated":true}]}}