{"id":1204,"date":"2014-08-28T10:59:08","date_gmt":"2014-08-28T07:59:08","guid":{"rendered":"http:\/\/lauska.lv\/veikalsbeta\/?post_type=product&#038;p=1204"},"modified":"2024-01-29T19:00:57","modified_gmt":"2024-01-29T17:00:57","slug":"dziediet-meitas-vokora","status":"publish","type":"product","link":"https:\/\/lauska.lv\/veikals\/Preces\/dziediet-meitas-vokora\/","title":{"rendered":"dziediet, meitas, vokor\u0101"},"content":{"rendered":"<p>\u0160aj\u0101 album\u0101 ir p\u0113t\u012bjums par S\u0113lpils un V\u0101rnavas folkloru.<\/p>\n<p>Gr\u0101mata (96 lapas) satur skaidrojumus par latvie\u0161u tradicion\u0101lo daudzbals\u012bbu un S\u0113lpil\u012b un V\u0101rnav\u0101 pierakst\u012bt\u0101m dziesm\u0101m un melodij\u0101m, k\u0101 ar\u012b to teic\u0113jiem un v\u0101c\u0113jiem. Tradicion\u0101l\u0101s dzied\u0101\u0161anas kopa Sauc\u0113jas ir g\u0101ju\u0161as \u0161iem teic\u0113jiem pa p\u0113d\u0101m un gr\u0101matas pielikum\u0101 ierakst\u0101 atveido \u0161o \u012bpa\u0161o dzied\u0101\u0161anas stilu.<\/p>\n","protected":false},"excerpt":{"rendered":"<p><strong>Izpild\u012bt\u0101js\u00a0<\/strong><a href=\"http:\/\/lauska.lv\/veikals\/saucejas\/\" target=\"_blank\" rel=\"noopener\">Sauc\u0113jas<\/a><\/p>\n<p><strong>\u017danri<\/strong> <a href=\"http:\/\/lauska.lv\/veikals\/literari-diski-un-gramatas\/\">Liter\u0101ri diski un gr\u0101matas<\/a>, <a href=\"http:\/\/lauska.lv\/veikals\/folklora\/\">Folklora<\/a><\/p>\n<p><strong>ISBN<\/strong> 978-9934-8276-0-0<\/p>\n","protected":false},"featured_media":1196,"template":"","meta":{"jetpack_post_was_ever_published":false,"jetpack_publicize_message":"","jetpack_is_tweetstorm":false,"jetpack_publicize_feature_enabled":true,"jetpack_social_post_already_shared":true,"jetpack_social_options":{"image_generator_settings":{"template":"highway","enabled":false}}},"product_cat":[250,101,251,207,249],"product_tag":[40],"jetpack_publicize_connections":[],"jetpack_sharing_enabled":true,"_links":{"self":[{"href":"https:\/\/lauska.lv\/veikals\/wp-json\/wp\/v2\/product\/1204"}],"collection":[{"href":"https:\/\/lauska.lv\/veikals\/wp-json\/wp\/v2\/product"}],"about":[{"href":"https:\/\/lauska.lv\/veikals\/wp-json\/wp\/v2\/types\/product"}],"wp:featuredmedia":[{"embeddable":true,"href":"https:\/\/lauska.lv\/veikals\/wp-json\/wp\/v2\/media\/1196"}],"wp:attachment":[{"href":"https:\/\/lauska.lv\/veikals\/wp-json\/wp\/v2\/media?parent=1204"}],"wp:term":[{"taxonomy":"product_cat","embeddable":true,"href":"https:\/\/lauska.lv\/veikals\/wp-json\/wp\/v2\/product_cat?post=1204"},{"taxonomy":"product_tag","embeddable":true,"href":"https:\/\/lauska.lv\/veikals\/wp-json\/wp\/v2\/product_tag?post=1204"}],"curies":[{"name":"wp","href":"https:\/\/api.w.org\/{rel}","templated":true}]}}