{"id":1203,"date":"2014-08-28T10:56:32","date_gmt":"2014-08-28T07:56:32","guid":{"rendered":"http:\/\/lauska.lv\/veikalsbeta\/?post_type=product&#038;p=1203"},"modified":"2018-10-04T23:00:52","modified_gmt":"2018-10-04T20:00:52","slug":"brivdiena","status":"publish","type":"product","link":"https:\/\/lauska.lv\/veikals\/Preces\/brivdiena\/","title":{"rendered":"Br\u012bvdiena"},"content":{"rendered":"<p>Ansamb\u013ca repertu\u0101r\u0101 galvenok\u0101rt ir aran\u017e\u0113ta tautas m\u016bzika, tom\u0113r moderniz\u0113t\u0101 kokle, jeb koncertkokle dod iesp\u0113jas ar\u012b sp\u0113l\u0113t da\u017e\u0101du laikmeta un stila m\u016bziku \u2013 no baroka un klasikas l\u012bdz m\u016bsdienu komponistu sacer\u0113jumiem. Album\u0101 \u00abBr\u012bvdiena\u00bb ir iek\u013cauta gan latvie\u0161u, gan \u0101rzemju komponistu ori\u0123in\u0101lm\u016bzika.<\/p>\n<p>Izes Arnes un J\u0113kaba N\u012bma\u0146a kompoz\u012bcijas, kuras velt\u012btas \u012bpa\u0161i ansamblim \u00abTeiksma\u00bb, k\u0101 ar\u012b K\u0101r\u013ca L\u0101\u010da dziesmas \u00abBr\u012bvdiena\u00bb instrument\u0101l\u0101 versija, kura l\u012bdz \u0161im vair\u0101k paz\u012bstama Intara Busu\u013ca izpild\u012bjum\u0101. Fran\u010du komponista Bern\u0101ra Andr\u0113 cikls \u00abGar\u0161vielas\u00bb, kur\u0161 rakst\u012bts arfai solo, ievada starptautisku komponistu ska\u0146darbu s\u0113riju, kuru p\u0101rst\u0101v da\u017e\u0101das popul\u0101ras melodijas.<\/p>\n","protected":false},"excerpt":{"rendered":"<p><strong>Izpild\u012bt\u0101js<\/strong>\u00a0<a href=\"http:\/\/lauska.lv\/veikals\/teiksma\/\" target=\"_blank\" rel=\"noopener\">Teiksma<\/a><\/p>\n<p><strong>\u017danrs <\/strong><a href=\"http:\/\/lauska.lv\/veikals\/post-folks\/\" target=\"_blank\" rel=\"noopener\">Post-folks<\/a><\/p>\n","protected":false},"featured_media":1193,"template":"","meta":{"jetpack_post_was_ever_published":false,"jetpack_publicize_message":"","jetpack_is_tweetstorm":false,"jetpack_publicize_feature_enabled":true,"jetpack_social_post_already_shared":true,"jetpack_social_options":{"image_generator_settings":{"template":"highway","enabled":false}}},"product_cat":[101,252,226,249],"product_tag":[42],"jetpack_publicize_connections":[],"jetpack_sharing_enabled":true,"_links":{"self":[{"href":"https:\/\/lauska.lv\/veikals\/wp-json\/wp\/v2\/product\/1203"}],"collection":[{"href":"https:\/\/lauska.lv\/veikals\/wp-json\/wp\/v2\/product"}],"about":[{"href":"https:\/\/lauska.lv\/veikals\/wp-json\/wp\/v2\/types\/product"}],"wp:featuredmedia":[{"embeddable":true,"href":"https:\/\/lauska.lv\/veikals\/wp-json\/wp\/v2\/media\/1193"}],"wp:attachment":[{"href":"https:\/\/lauska.lv\/veikals\/wp-json\/wp\/v2\/media?parent=1203"}],"wp:term":[{"taxonomy":"product_cat","embeddable":true,"href":"https:\/\/lauska.lv\/veikals\/wp-json\/wp\/v2\/product_cat?post=1203"},{"taxonomy":"product_tag","embeddable":true,"href":"https:\/\/lauska.lv\/veikals\/wp-json\/wp\/v2\/product_tag?post=1203"}],"curies":[{"name":"wp","href":"https:\/\/api.w.org\/{rel}","templated":true}]}}