{"id":1202,"date":"2014-08-28T10:54:29","date_gmt":"2014-08-28T07:54:29","guid":{"rendered":"http:\/\/lauska.lv\/veikalsbeta\/?post_type=product&#038;p=1202"},"modified":"2018-10-04T22:59:26","modified_gmt":"2018-10-04T19:59:26","slug":"ievinas","status":"publish","type":"product","link":"https:\/\/lauska.lv\/veikals\/Preces\/ievinas\/","title":{"rendered":"Ievi\u0146as"},"content":{"rendered":"<p>Ievi\u0146u ermo\u0146ikas v\u0113l pirms 60-70 gadiem, \u012bpa\u0161i Vidzem\u0113 bija neiztr\u016bksto\u0161i katr\u0101s m\u0101jas vies\u012bb\u0101s vai deju pas\u0101kumos, t\u0101 sauktaj\u0101s &#8220;kaktu ball\u012bt\u0113s&#8221;, bet \u0161odien \u0161ie instrumenti kr\u0101j putek\u013cus senlietu kolekcij\u0101s vai greznojas muzeju fondos.<\/p>\n<p>&#8220;Ievi\u0146as&#8221; ir etnomuzikologa Oskara Patjanko diplomdarba p\u0113t\u012bjums, stud\u0113jot J\u0101zepa V\u012btola Latvijas M\u016bzikas akad\u0113mij\u0101. Gr\u0101mat\u0101 (96 lapas) ir public\u0113ts \u0161is p\u0113t\u012bjums latvie\u0161u un ang\u013cu valod\u0101s, k\u0101 ar\u012b pielikum\u0101 ir disks ar Oskara Patjanko kapelas iesp\u0113l\u0113tiem meldi\u0146iem un dziesm\u0101m, kur\u0101s galvenais instruments ir skan\u012bg\u0101s un \u013coti izskat\u012bg\u0101s Ievi\u0146as &#8211; ermo\u0146ikas.<\/p>\n","protected":false},"excerpt":{"rendered":"<p><strong>Izpild\u012bt\u0101js<\/strong> <a href=\"http:\/\/lauska.lv\/veikals\/patjanko-oskars\/\" target=\"_blank\" rel=\"noopener\">Oskars Patjanko<\/a><\/p>\n<p><strong>\u017danri <\/strong> <a href=\"http:\/\/lauska.lv\/veikals\/literari-diski-un-gramatas\/\">Liter\u0101ri diski un gr\u0101matas<\/a>, <a href=\"http:\/\/lauska.lv\/veikals\/folklora\/\">Folklora<\/a><\/p>\n<p><strong>ISBN<\/strong> 978-9934-8276-4-8<\/p>\n","protected":false},"featured_media":1190,"template":"","meta":{"jetpack_post_was_ever_published":false,"jetpack_publicize_message":"","jetpack_is_tweetstorm":false,"jetpack_publicize_feature_enabled":true,"jetpack_social_post_already_shared":true,"jetpack_social_options":{"image_generator_settings":{"template":"highway","enabled":false}}},"product_cat":[250,101,251,189,249],"product_tag":[42],"jetpack_publicize_connections":[],"jetpack_sharing_enabled":true,"_links":{"self":[{"href":"https:\/\/lauska.lv\/veikals\/wp-json\/wp\/v2\/product\/1202"}],"collection":[{"href":"https:\/\/lauska.lv\/veikals\/wp-json\/wp\/v2\/product"}],"about":[{"href":"https:\/\/lauska.lv\/veikals\/wp-json\/wp\/v2\/types\/product"}],"wp:featuredmedia":[{"embeddable":true,"href":"https:\/\/lauska.lv\/veikals\/wp-json\/wp\/v2\/media\/1190"}],"wp:attachment":[{"href":"https:\/\/lauska.lv\/veikals\/wp-json\/wp\/v2\/media?parent=1202"}],"wp:term":[{"taxonomy":"product_cat","embeddable":true,"href":"https:\/\/lauska.lv\/veikals\/wp-json\/wp\/v2\/product_cat?post=1202"},{"taxonomy":"product_tag","embeddable":true,"href":"https:\/\/lauska.lv\/veikals\/wp-json\/wp\/v2\/product_tag?post=1202"}],"curies":[{"name":"wp","href":"https:\/\/api.w.org\/{rel}","templated":true}]}}