{"id":1201,"date":"2014-10-28T10:50:02","date_gmt":"2014-10-28T08:50:02","guid":{"rendered":"http:\/\/lauska.lv\/veikalsbeta\/?post_type=product&#038;p=1201"},"modified":"2018-10-04T23:04:09","modified_gmt":"2018-10-04T20:04:09","slug":"antarktida-kust","status":"publish","type":"product","link":"https:\/\/lauska.lv\/veikals\/Preces\/antarktida-kust\/","title":{"rendered":"Antarkt\u012bda k\u016bst!"},"content":{"rendered":"<p>K\u0101 nor\u0101da grupas dal\u012bbnieki, jaunais albums ir &#8220;himna cilv\u0113ku un tautu draudz\u012bbai ar dzi\u013ci ekolo\u0123isku saturu, atkl\u0101jot str\u012bdu un karu bezj\u0113dz\u012bbu kop\u0113j\u0101s saj\u016btas &#8220;plan\u0113ta &#8211; m\u016bsu m\u0101jas&#8221; priek\u0161\u0101&#8221;. Par to liecina ar\u012b ska\u0146darbu nosaukumi &#8211; &#8220;Tilti sap\u0146o par bezgal\u012bbu&#8221;, &#8220;Home&#8221;, &#8220;Kalns, no kura var redz\u0113t visu pasauli&#8221;, &#8220;Austrumu ekspresis&#8221;.<\/p>\n","protected":false},"excerpt":{"rendered":"<p><strong>Izpild\u012bt\u0101js<\/strong>\u00a0<a href=\"http:\/\/lauska.lv\/veikals\/nepieradinata-folka-orkestris\/\" target=\"_blank\" rel=\"noopener\">Nepieradin\u0101t\u0101 Folka Or\u0137estris<\/a><\/p>\n<p><strong>\u017danri<\/strong> <a href=\"http:\/\/lauska.lv\/veikals\/post-folks\/\">Post-folks<\/a><\/p>\n","protected":false},"featured_media":1187,"template":"","meta":{"jetpack_post_was_ever_published":false,"jetpack_publicize_message":"","jetpack_is_tweetstorm":false,"jetpack_publicize_feature_enabled":true,"jetpack_social_post_already_shared":true,"jetpack_social_options":{"image_generator_settings":{"template":"highway","enabled":false}}},"product_cat":[101,184,252,249],"product_tag":[42],"jetpack_publicize_connections":[],"jetpack_sharing_enabled":true,"_links":{"self":[{"href":"https:\/\/lauska.lv\/veikals\/wp-json\/wp\/v2\/product\/1201"}],"collection":[{"href":"https:\/\/lauska.lv\/veikals\/wp-json\/wp\/v2\/product"}],"about":[{"href":"https:\/\/lauska.lv\/veikals\/wp-json\/wp\/v2\/types\/product"}],"wp:featuredmedia":[{"embeddable":true,"href":"https:\/\/lauska.lv\/veikals\/wp-json\/wp\/v2\/media\/1187"}],"wp:attachment":[{"href":"https:\/\/lauska.lv\/veikals\/wp-json\/wp\/v2\/media?parent=1201"}],"wp:term":[{"taxonomy":"product_cat","embeddable":true,"href":"https:\/\/lauska.lv\/veikals\/wp-json\/wp\/v2\/product_cat?post=1201"},{"taxonomy":"product_tag","embeddable":true,"href":"https:\/\/lauska.lv\/veikals\/wp-json\/wp\/v2\/product_tag?post=1201"}],"curies":[{"name":"wp","href":"https:\/\/api.w.org\/{rel}","templated":true}]}}