{"id":1200,"date":"2014-11-28T10:47:53","date_gmt":"2014-11-28T08:47:53","guid":{"rendered":"http:\/\/lauska.lv\/veikalsbeta\/?post_type=product&#038;p=1200"},"modified":"2024-12-06T11:02:18","modified_gmt":"2024-12-06T09:02:18","slug":"kokneses-balss","status":"publish","type":"product","link":"https:\/\/lauska.lv\/veikals\/Preces\/kokneses-balss\/","title":{"rendered":"Kokneses balss"},"content":{"rendered":"<p>Par skutelniekiem Kokneses pus\u0113 k\u0101dreiz sauca maskotus \u013caudis, kas ap Mete\u0146iem staig\u0101ju\u0161i no m\u0101jas uz m\u0101ju, sv\u0113t\u012bbu un prieku v\u0113l\u0113dami. Kompaktdisk\u0101 \u00abKokneses balss\u00bb ir apkopotas Koknes\u0113 un tuv\u0101kaj\u0101 apk\u0101rtn\u0113 pierakst\u012btas dziesmas, zi\u0146\u0123es, rota\u013cas un dejas. Da\u017eas tom\u0113r n\u0101ku\u0161as t\u0101l\u0101ku ce\u013cu no S\u0113lijas, Latgales un Kurzemes.<\/p>\n","protected":false},"excerpt":{"rendered":"<p><strong>Izpild\u012bt\u0101js<\/strong> <a href=\"http:\/\/lauska.lv\/veikals\/skutelnieki\/\" target=\"_blank\" rel=\"noopener\">Skutelnieki<\/a><\/p>\n<p><strong>\u017danri <\/strong><a href=\"http:\/\/lauska.lv\/veikals\/folklora\/\">Folklora<\/a><\/p>\n","protected":false},"featured_media":1184,"template":"","meta":{"jetpack_post_was_ever_published":false,"jetpack_publicize_message":"","jetpack_is_tweetstorm":false,"jetpack_publicize_feature_enabled":true,"jetpack_social_post_already_shared":true,"jetpack_social_options":{"image_generator_settings":{"template":"highway","enabled":false}}},"product_cat":[250,101,213,249],"product_tag":[42],"jetpack_publicize_connections":[],"jetpack_sharing_enabled":true,"_links":{"self":[{"href":"https:\/\/lauska.lv\/veikals\/wp-json\/wp\/v2\/product\/1200"}],"collection":[{"href":"https:\/\/lauska.lv\/veikals\/wp-json\/wp\/v2\/product"}],"about":[{"href":"https:\/\/lauska.lv\/veikals\/wp-json\/wp\/v2\/types\/product"}],"wp:featuredmedia":[{"embeddable":true,"href":"https:\/\/lauska.lv\/veikals\/wp-json\/wp\/v2\/media\/1184"}],"wp:attachment":[{"href":"https:\/\/lauska.lv\/veikals\/wp-json\/wp\/v2\/media?parent=1200"}],"wp:term":[{"taxonomy":"product_cat","embeddable":true,"href":"https:\/\/lauska.lv\/veikals\/wp-json\/wp\/v2\/product_cat?post=1200"},{"taxonomy":"product_tag","embeddable":true,"href":"https:\/\/lauska.lv\/veikals\/wp-json\/wp\/v2\/product_tag?post=1200"}],"curies":[{"name":"wp","href":"https:\/\/api.w.org\/{rel}","templated":true}]}}