{"id":1177,"date":"2014-12-28T10:41:17","date_gmt":"2014-12-28T08:41:17","guid":{"rendered":"http:\/\/lauska.lv\/veikalsbeta\/?post_type=product&#038;p=1177"},"modified":"2018-10-04T23:07:06","modified_gmt":"2018-10-04T20:07:06","slug":"lobais-reits","status":"publish","type":"product","link":"https:\/\/lauska.lv\/veikals\/Preces\/lobais-reits\/","title":{"rendered":"Lobais reits"},"content":{"rendered":"<p>Album\u0101 apkopotas etnogr\u0101fisk\u0101 ansamb\u013ca \u201eVaba\u013cis\u201d dal\u012bbnie\u010du dzied\u0101t\u0101s kato\u013cu dziesmas, kuras \u013caudis jau vair\u0101kus gadsimtus dzied ikdien\u0101 un sv\u0113tkos. L\u012bdz\u0101s tautasdziesmai kato\u013cu dziesmas Latgal\u0113 ir viena no tradicion\u0101l\u0101s m\u016bzikas pamatkategorij\u0101m, tom\u0113r \u0161\u0101da veida ieraksti Latvij\u0101 l\u012bdz \u0161im nav izdoti.<\/p>\n<p>Kato\u013cu dziesmu teksti, kuras dzied kato\u013cu bazn\u012bcas gada sv\u0113tku laik\u0101 un krist\u012bb\u0101s, k\u0101z\u0101s un b\u0113r\u0113s, p\u0101rsvar\u0101 ir \u0146emtas no l\u016bg\u0161anu gr\u0101mat\u0101m, kuras latvie\u0161u valod\u0101 lielos metienos tika izdotas jau 18.gadsimta beig\u0101s. Tom\u0113r dziesmu melodijas tika p\u0101rmantotas mutisk\u0101 ce\u013c\u0101, t\u0101pat k\u0101 tautasdziesmas. Daudz\u0101m dziesm\u0101m tikusi pavisam konkr\u0113ta funkcija \u2013 ir no r\u012bta un vakar\u0101 dziedam\u0101s dziesmas, dziesmas pret nelaimi un Antona dziesma pret p\u0113rkona negaisu, ir pat dziesma mazu\u013ca zobu \u0161\u0137il\u0161an\u0101s s\u0101pju remd\u0113\u0161anai.<\/p>\n<p>Albuma buklet\u0101 iek\u013cauts muzikologa M\u0101rti\u0146a Boiko koment\u0101rs par \u0161o katolisko trad\u012bciju, dziesm\u0101m un dzied\u0101\u0161anas veidu.<\/p>\n","protected":false},"excerpt":{"rendered":"<p><strong>Izpild\u012bt\u0101js<\/strong> <a href=\"http:\/\/lauska.lv\/veikals\/vabalis\/\" target=\"_blank\" rel=\"noopener\">Vaba\u013cis<\/a><\/p>\n<p><strong>\u017danri <\/strong><a href=\"http:\/\/lauska.lv\/veikals\/folklora\/\">Folklora<\/a><\/p>\n","protected":false},"featured_media":1178,"template":"","meta":{"jetpack_post_was_ever_published":false,"jetpack_publicize_message":"","jetpack_is_tweetstorm":false,"jetpack_publicize_feature_enabled":true,"jetpack_social_post_already_shared":true,"jetpack_social_options":{"image_generator_settings":{"template":"highway","enabled":false}}},"product_cat":[250,101,232,249],"product_tag":[42],"jetpack_publicize_connections":[],"jetpack_sharing_enabled":true,"_links":{"self":[{"href":"https:\/\/lauska.lv\/veikals\/wp-json\/wp\/v2\/product\/1177"}],"collection":[{"href":"https:\/\/lauska.lv\/veikals\/wp-json\/wp\/v2\/product"}],"about":[{"href":"https:\/\/lauska.lv\/veikals\/wp-json\/wp\/v2\/types\/product"}],"wp:featuredmedia":[{"embeddable":true,"href":"https:\/\/lauska.lv\/veikals\/wp-json\/wp\/v2\/media\/1178"}],"wp:attachment":[{"href":"https:\/\/lauska.lv\/veikals\/wp-json\/wp\/v2\/media?parent=1177"}],"wp:term":[{"taxonomy":"product_cat","embeddable":true,"href":"https:\/\/lauska.lv\/veikals\/wp-json\/wp\/v2\/product_cat?post=1177"},{"taxonomy":"product_tag","embeddable":true,"href":"https:\/\/lauska.lv\/veikals\/wp-json\/wp\/v2\/product_tag?post=1177"}],"curies":[{"name":"wp","href":"https:\/\/api.w.org\/{rel}","templated":true}]}}