{"id":1176,"date":"2015-08-28T10:20:39","date_gmt":"2015-08-28T07:20:39","guid":{"rendered":"http:\/\/lauska.lv\/veikalsbeta\/?post_type=product&#038;p=1176"},"modified":"2021-01-26T17:19:39","modified_gmt":"2021-01-26T15:19:39","slug":"mieram","status":"publish","type":"product","link":"https:\/\/lauska.lv\/veikals\/Preces\/mieram\/","title":{"rendered":"Mieram"},"content":{"rendered":"<p>Laimas Dimantas pirmaj\u0101 album\u0101 &#8211; minidisk\u0101 &#8220;Mieram&#8221; jaun\u0101 dzied\u0101t\u0101ja ir ierakst\u012bjusi piecas kompoz\u012bcijas, izmantojot tik paz\u012bstamu dzejnieku k\u0101 Aleksandrs \u010caks, Imants Ziedonis un Oj\u0101rs V\u0101cietis &#8211; dzeju, k\u0101 ar\u012b pa\u0161ai izpau\u017eoties gan kompozicij\u0101, gan dzej\u0101.<\/p>\n","protected":false},"excerpt":{"rendered":"<p><b>M\u0101kslinieks\u00a0<\/b><a href=\"http:\/\/lauska.lv\/veikals\/dimanta-laima\/\" target=\"_blank\" rel=\"noopener\">Dimanta Laima<\/a><\/p>\n<p><strong>\u017danrs\u00a0<\/strong><a href=\"http:\/\/lauska.lv\/veikals\/roks-pops\/\" target=\"_blank\" rel=\"noopener\">Roks \/ pops<\/a><\/p>\n","protected":false},"featured_media":1139,"template":"","meta":{"jetpack_post_was_ever_published":false,"jetpack_publicize_message":"","jetpack_is_tweetstorm":false,"jetpack_publicize_feature_enabled":true,"jetpack_social_post_already_shared":true,"jetpack_social_options":{"image_generator_settings":{"template":"highway","enabled":false}}},"product_cat":[108,101,253,249],"product_tag":[43],"jetpack_publicize_connections":[],"jetpack_sharing_enabled":true,"_links":{"self":[{"href":"https:\/\/lauska.lv\/veikals\/wp-json\/wp\/v2\/product\/1176"}],"collection":[{"href":"https:\/\/lauska.lv\/veikals\/wp-json\/wp\/v2\/product"}],"about":[{"href":"https:\/\/lauska.lv\/veikals\/wp-json\/wp\/v2\/types\/product"}],"wp:featuredmedia":[{"embeddable":true,"href":"https:\/\/lauska.lv\/veikals\/wp-json\/wp\/v2\/media\/1139"}],"wp:attachment":[{"href":"https:\/\/lauska.lv\/veikals\/wp-json\/wp\/v2\/media?parent=1176"}],"wp:term":[{"taxonomy":"product_cat","embeddable":true,"href":"https:\/\/lauska.lv\/veikals\/wp-json\/wp\/v2\/product_cat?post=1176"},{"taxonomy":"product_tag","embeddable":true,"href":"https:\/\/lauska.lv\/veikals\/wp-json\/wp\/v2\/product_tag?post=1176"}],"curies":[{"name":"wp","href":"https:\/\/api.w.org\/{rel}","templated":true}]}}