{"id":1172,"date":"2015-04-12T10:16:44","date_gmt":"2015-04-12T07:16:44","guid":{"rendered":"http:\/\/lauska.lv\/veikalsbeta\/?post_type=product&#038;p=1172"},"modified":"2018-10-04T23:11:47","modified_gmt":"2018-10-04T20:11:47","slug":"dindaru","status":"publish","type":"product","link":"https:\/\/lauska.lv\/veikals\/Preces\/dindaru\/","title":{"rendered":"DinDaru"},"content":{"rendered":"<p>&#8220;P\u0113rkonv\u012bru&#8221; m\u016bzik\u0101 vienm\u0113r kaut kas puls\u0113, r\u012bb un d\u0101rd &#8211; &#8220;P\u0113rkonv\u012bri&#8221; sp\u0113l\u0113 perkusijas un sitamos instrumentus. Grupas m\u016bzik\u0101 satiekas pla\u0161\u0101s pasaules iespaidi, piedz\u012bvojumi un nosl\u0113pumainais t\u0101lums, kas atrod vietu latvie\u0161u dzimt\u0101s s\u0113tas ozola zaros. &#8220;Ar\u012b pasaka ir mazs pasaules modelis, t\u0101da k\u0101 karte, ar kuru varonim j\u0101dodas p\u0101rbaud\u012bjumos dz\u012bv\u0113. M\u016bsdien\u0101s visai maz rodas iesp\u0113ja dzird\u0113t tie\u0161u, neiestud\u0113tu pasakas st\u0101st\u012bjumu. T\u0101ds nu ir ierakst\u012bts un kop\u0101 ar ekspertu koment\u0101riem iek\u013cauts album\u0101. Lai pasaka rosina apzin\u0101ties un nov\u0113rt\u0113t pa\u0161u bag\u0101t\u012bbas! Varb\u016bt k\u0101dam t\u0101 noder\u0113s ar\u012b k\u0101 karte, jo zem ozola parasti ir norakta k\u0101da l\u0101de,&#8221; par albumu st\u0101sta Mikus \u010cavarts.<\/p>\n<p>Ierakst\u0101 piedal\u0101s dziesminieks <a href=\"https:\/\/lauska.lv\/veikals\/makslinieki-2\/daksis-imants\/\" target=\"_blank\" rel=\"noopener\">Imants Daksis<\/a>.<\/p>\n","protected":false},"excerpt":{"rendered":"<p><strong>Izpild\u012bt\u0101js <\/strong><a href=\"http:\/\/lauska.lv\/veikals\/perkonviri\/\" target=\"_blank\" rel=\"noopener\">P\u0113rkonv\u012bri<\/a><\/p>\n<p><strong>\u017danri <\/strong><a href=\"http:\/\/lauska.lv\/veikals\/post-folks\/\">Post-folks<\/a><\/p>\n","protected":false},"featured_media":1136,"template":"","meta":{"jetpack_post_was_ever_published":false,"jetpack_publicize_message":"","jetpack_is_tweetstorm":false,"jetpack_publicize_feature_enabled":true,"jetpack_social_post_already_shared":true,"jetpack_social_options":{"image_generator_settings":{"template":"highway","enabled":false}}},"product_cat":[101,190],"product_tag":[43],"jetpack_publicize_connections":[],"jetpack_sharing_enabled":true,"_links":{"self":[{"href":"https:\/\/lauska.lv\/veikals\/wp-json\/wp\/v2\/product\/1172"}],"collection":[{"href":"https:\/\/lauska.lv\/veikals\/wp-json\/wp\/v2\/product"}],"about":[{"href":"https:\/\/lauska.lv\/veikals\/wp-json\/wp\/v2\/types\/product"}],"wp:featuredmedia":[{"embeddable":true,"href":"https:\/\/lauska.lv\/veikals\/wp-json\/wp\/v2\/media\/1136"}],"wp:attachment":[{"href":"https:\/\/lauska.lv\/veikals\/wp-json\/wp\/v2\/media?parent=1172"}],"wp:term":[{"taxonomy":"product_cat","embeddable":true,"href":"https:\/\/lauska.lv\/veikals\/wp-json\/wp\/v2\/product_cat?post=1172"},{"taxonomy":"product_tag","embeddable":true,"href":"https:\/\/lauska.lv\/veikals\/wp-json\/wp\/v2\/product_tag?post=1172"}],"curies":[{"name":"wp","href":"https:\/\/api.w.org\/{rel}","templated":true}]}}