{"id":1171,"date":"2015-07-28T10:14:30","date_gmt":"2015-07-28T07:14:30","guid":{"rendered":"http:\/\/lauska.lv\/veikalsbeta\/?post_type=product&#038;p=1171"},"modified":"2021-02-26T10:23:37","modified_gmt":"2021-02-26T08:23:37","slug":"janis","status":"publish","type":"product","link":"https:\/\/lauska.lv\/veikals\/Preces\/janis\/","title":{"rendered":"J\u0101nis"},"content":{"rendered":"<p>Album\u0101 &#8220;J\u0101nis&#8221; rodami tr\u012bspadsmit ska\u0146darbi &#8211; tr\u012bs instrument\u0101las kompoz\u012bcijas un desmit dziesmas, par kuru atlasi Edgars st\u0101sta: &#8220;es devos uz folkloras kr\u0101tuvi, samekl\u0113ju vair\u0101kas melodijas un uz katru VILKA\u010cU m\u0113\u0123in\u0101jumu nesu se\u0161as asto\u0146as dziesmas, no kur\u0101m mani pras\u012bgie kol\u0113\u0123i vairumu atzina par neder\u012bg\u0101m&#8230; Katr\u0101 reiz\u0113 repertu\u0101r\u0101 tika pa\u0146emta lab\u0101kaj\u0101 gad\u012bjum\u0101 viena dziesma un tas noz\u012bm\u0113, ka m\u0113s esam izv\u0113l\u0113ju\u0161ies t\u0101s , kas m\u016bs visvair\u0101k uzrun\u0101ja.&#8221;<\/p>\n<p>VILKA\u010cI ir izvair\u012bju\u0161ies no postfolka \u017eanr\u0101 bie\u017ei sastopam\u0101 vilin\u0101juma izmantot eksotiskos instrumentus un vi\u0146u album\u0101 skan tikai latvie\u0161u tautas instrumenti &#8211; d\u016bdas, stabules, \u0123\u012bga, kokles, bungas un da\u017e\u0101das perkusijas. Atteik\u0161an\u0101s no iepriek\u0161 izmantot\u0101s vijoles un akordeona notikusi, jo VILKA\u010cUS uzrun\u0101 v\u0113sturiskais laika periods no 10.l\u012bdz 12.gadsimtam &#8211; tas ir br\u012bdis, kad Latvijas kult\u016bra un trad\u012bcijas bija sal\u012bdzino\u0161i t\u012bras no citu tautu iespaidiem.<\/p>\n","protected":false},"excerpt":{"rendered":"<p><strong>Izpild\u012bt\u0101js<\/strong> <a href=\"http:\/\/lauska.lv\/veikals\/vilkaci\/\" target=\"_blank\" rel=\"noopener\">Vilka\u010di<\/a><\/p>\n<p><strong>\u017danri <\/strong><a href=\"http:\/\/lauska.lv\/veikals\/folklora\/\">Folklora<\/a>, <a href=\"http:\/\/lauska.lv\/veikals\/post-folks\/\">Post-folks<\/a><\/p>\n","protected":false},"featured_media":1133,"template":"","meta":{"jetpack_post_was_ever_published":false,"jetpack_publicize_message":"","jetpack_is_tweetstorm":false,"jetpack_publicize_feature_enabled":true,"jetpack_social_post_already_shared":true,"jetpack_social_options":{"image_generator_settings":{"template":"highway","enabled":false}}},"product_cat":[250,101,252,240,249],"product_tag":[43],"jetpack_publicize_connections":[],"jetpack_sharing_enabled":true,"_links":{"self":[{"href":"https:\/\/lauska.lv\/veikals\/wp-json\/wp\/v2\/product\/1171"}],"collection":[{"href":"https:\/\/lauska.lv\/veikals\/wp-json\/wp\/v2\/product"}],"about":[{"href":"https:\/\/lauska.lv\/veikals\/wp-json\/wp\/v2\/types\/product"}],"wp:featuredmedia":[{"embeddable":true,"href":"https:\/\/lauska.lv\/veikals\/wp-json\/wp\/v2\/media\/1133"}],"wp:attachment":[{"href":"https:\/\/lauska.lv\/veikals\/wp-json\/wp\/v2\/media?parent=1171"}],"wp:term":[{"taxonomy":"product_cat","embeddable":true,"href":"https:\/\/lauska.lv\/veikals\/wp-json\/wp\/v2\/product_cat?post=1171"},{"taxonomy":"product_tag","embeddable":true,"href":"https:\/\/lauska.lv\/veikals\/wp-json\/wp\/v2\/product_tag?post=1171"}],"curies":[{"name":"wp","href":"https:\/\/api.w.org\/{rel}","templated":true}]}}