{"id":1165,"date":"2015-06-28T10:11:06","date_gmt":"2015-06-28T07:11:06","guid":{"rendered":"http:\/\/lauska.lv\/veikalsbeta\/?post_type=product&#038;p=1165"},"modified":"2018-10-04T23:13:45","modified_gmt":"2018-10-04T20:13:45","slug":"zirga-pase","status":"publish","type":"product","link":"https:\/\/lauska.lv\/veikals\/Preces\/zirga-pase\/","title":{"rendered":"Zirga pase"},"content":{"rendered":"<p>Izdevums \u201cZirga pase&#8221; ir folkloras draugu kopas \u201cSavie\u0161i\u201d velt\u012bjums latvie\u0161u tautasdziesm\u0101m, kur\u0101s ir apdzied\u0101ti zirgi un vi\u0146u spalvas kr\u0101sa. Gr\u0101mat\u0101 ir izlas\u0101ms p\u0113t\u012bjums par zirgu kr\u0101su apz\u012bm\u0113jumiem dain\u0101s, ko papildina fotogr\u0101fijas, k\u0101 ar\u012b pievienota tabula &#8211; vizu\u0101li uzskat\u0101ms vair\u0101k k\u0101 30 zirgu kr\u0101su skaidrojums. Gr\u0101matai pievienots kompaktdisks ar 16 tautasdziesm\u0101m. Izdevums ir tapis, p\u0101rlasot latvie\u0161u tautasdziesmas, pasakas, spoku st\u0101stus, teikas, parunas un tic\u0113jumus.<\/p>\n<p>Ruzgs, sar\u0137is, sirks, sudrabskaris, rau\u010dkis, raudis, rudikis, puksis, pr\u016bss, teterains, d\u0101bolains, zili sirms, mu\u0161ains, loss, palss, zeltaini p\u0101ts, dzeltkr\u0113pis vai raudacis, valbacis, kam k\u0101ja augst\u0101 z\u0101b\u0101k\u0101, sarma kron\u012bt\u012b, pe\u013cu taka vai raunas acis \u2013 t\u0101s ir tikai da\u017eas zirgu paz\u012bmes no folkloras draugu kopas \u201eSavie\u0161i\u201d dal\u012bbnieces Ineses Tones p\u0113t\u012bjuma. Zirgs m\u016bsu tautai un t\u0101s priek\u0161tec\u0113m \u2013 baltu cilt\u012bm, ir bijis augsti god\u0101ts un \u012bpa\u0161s dz\u012bvnieks. Un, t\u0101ds b\u016bdams, ir izpeln\u012bjies lielu daudzumu da\u017e\u0101du to apz\u012bm\u0113jo\u0161u v\u0101rdu, latvie\u0161iem kopum\u0101 478.<\/p>\n<p>Izdevums noder\u0113s latvie\u0161u tradicion\u0101l\u0101s kult\u016bras izzin\u0101\u0161anai, kr\u0101su m\u0101c\u012bbas neparast\u0101 rakurs\u0101 apguvei, k\u0101 ar\u012b ierosmei izkopt savu v\u0113r\u012bgumu un bag\u0101tin\u0101t valodu aprakstot smalkas kr\u0101su nianses un to salikumus.<\/p>\n<p>Gr\u0101mata (form\u0101ts 14&#215;12.5 cm; 87 lpp.) latvie\u0161u un ang\u013cu valod\u0101 un CD<\/p>\n","protected":false},"excerpt":{"rendered":"<p><strong>Izpild\u012bt\u0101js<\/strong> <a href=\"http:\/\/lauska.lv\/veikals\/saviesi\/\" target=\"_blank\" rel=\"noopener\">Savie\u0161i<\/a><\/p>\n<p><strong>\u017danri <\/strong><a href=\"http:\/\/lauska.lv\/veikals\/folklora\/\">Folklora<\/a><strong>,\u00a0<\/strong><a href=\"http:\/\/lauska.lv\/veikals\/literari-diski-un-gramatas\/\">Liter\u0101ri diski un gr\u0101matas<\/a><\/p>\n<p><strong>ISBN<\/strong> 978-9934-8276-5-5<\/p>\n","protected":false},"featured_media":1130,"template":"","meta":{"jetpack_post_was_ever_published":false,"jetpack_publicize_message":"","jetpack_is_tweetstorm":false,"jetpack_publicize_feature_enabled":true,"jetpack_social_post_already_shared":true,"jetpack_social_options":{"image_generator_settings":{"template":"highway","enabled":false}}},"product_cat":[250,101,251,208,249],"product_tag":[43],"jetpack_publicize_connections":[],"jetpack_sharing_enabled":true,"_links":{"self":[{"href":"https:\/\/lauska.lv\/veikals\/wp-json\/wp\/v2\/product\/1165"}],"collection":[{"href":"https:\/\/lauska.lv\/veikals\/wp-json\/wp\/v2\/product"}],"about":[{"href":"https:\/\/lauska.lv\/veikals\/wp-json\/wp\/v2\/types\/product"}],"wp:featuredmedia":[{"embeddable":true,"href":"https:\/\/lauska.lv\/veikals\/wp-json\/wp\/v2\/media\/1130"}],"wp:attachment":[{"href":"https:\/\/lauska.lv\/veikals\/wp-json\/wp\/v2\/media?parent=1165"}],"wp:term":[{"taxonomy":"product_cat","embeddable":true,"href":"https:\/\/lauska.lv\/veikals\/wp-json\/wp\/v2\/product_cat?post=1165"},{"taxonomy":"product_tag","embeddable":true,"href":"https:\/\/lauska.lv\/veikals\/wp-json\/wp\/v2\/product_tag?post=1165"}],"curies":[{"name":"wp","href":"https:\/\/api.w.org\/{rel}","templated":true}]}}