{"id":1158,"date":"2015-09-28T10:04:45","date_gmt":"2015-09-28T07:04:45","guid":{"rendered":"http:\/\/lauska.lv\/veikalsbeta\/?post_type=product&#038;p=1158"},"modified":"2024-01-29T18:14:25","modified_gmt":"2024-01-29T16:14:25","slug":"sviests-6","status":"publish","type":"product","link":"https:\/\/lauska.lv\/veikals\/Preces\/sviests-6\/","title":{"rendered":"SVIESTS 6"},"content":{"rendered":"<p>\u0160\u012b muzik\u0101l\u0101 projekta sekot\u0101jus nep\u0101rsteigs jaun\u0101 Sviesta daudzveid\u012bgais saturs ar rado\u0161iem muzik\u0101liem mekl\u0113jumiem, kas tom\u0113r vair\u0101k vai maz\u0101k balst\u0101s tautas m\u016bzikas trad\u012bcij\u0101s. Tautas m\u016bzika m\u016bsdien\u0101s arvien vair\u0101k pak\u013cauta visda\u017e\u0101d\u0101kaj\u0101m ietekm\u0113m un mijiedarb\u012bb\u0101m, tom\u0113r ir lietas, kas nemain\u0101s. Joproj\u0101m latvie\u0161u etnom\u016bzikas izteiksm\u012bg\u0101k\u0101 balss pieder koklei un \u0161aj\u0101 album\u0101 to var baud\u012bt da\u017e\u0101du paaud\u017eu muzikantu izpild\u012bjum\u0101.<\/p>\n","protected":false},"excerpt":{"rendered":"<p><strong>Izpild\u012bt\u0101js<\/strong> Da\u017e\u0101di Izpild\u012bt\u0101js<\/p>\n<p><strong>\u017danri <\/strong><a href=\"http:\/\/lauska.lv\/veikals\/post-folks\/\">Post-folks<\/a><\/p>\n","protected":false},"featured_media":1127,"template":"","meta":{"jetpack_post_was_ever_published":false,"jetpack_publicize_message":"","jetpack_is_tweetstorm":false,"jetpack_publicize_feature_enabled":true,"jetpack_social_post_already_shared":true,"jetpack_social_options":{"image_generator_settings":{"template":"highway","enabled":false}}},"product_cat":[120,119,122,125,117,131,113,136,111,158,101,175,178,252,193,197,199,202,737,220,231,244,249,245,246],"product_tag":[43],"jetpack_publicize_connections":[],"jetpack_sharing_enabled":true,"_links":{"self":[{"href":"https:\/\/lauska.lv\/veikals\/wp-json\/wp\/v2\/product\/1158"}],"collection":[{"href":"https:\/\/lauska.lv\/veikals\/wp-json\/wp\/v2\/product"}],"about":[{"href":"https:\/\/lauska.lv\/veikals\/wp-json\/wp\/v2\/types\/product"}],"wp:featuredmedia":[{"embeddable":true,"href":"https:\/\/lauska.lv\/veikals\/wp-json\/wp\/v2\/media\/1127"}],"wp:attachment":[{"href":"https:\/\/lauska.lv\/veikals\/wp-json\/wp\/v2\/media?parent=1158"}],"wp:term":[{"taxonomy":"product_cat","embeddable":true,"href":"https:\/\/lauska.lv\/veikals\/wp-json\/wp\/v2\/product_cat?post=1158"},{"taxonomy":"product_tag","embeddable":true,"href":"https:\/\/lauska.lv\/veikals\/wp-json\/wp\/v2\/product_tag?post=1158"}],"curies":[{"name":"wp","href":"https:\/\/api.w.org\/{rel}","templated":true}]}}