{"id":1153,"date":"2015-08-28T10:00:26","date_gmt":"2015-08-28T07:00:26","guid":{"rendered":"http:\/\/lauska.lv\/veikalsbeta\/?post_type=product&#038;p=1153"},"modified":"2018-10-04T23:21:53","modified_gmt":"2018-10-04T20:21:53","slug":"rodi","status":"publish","type":"product","link":"https:\/\/lauska.lv\/veikals\/Preces\/rodi\/","title":{"rendered":"RODI"},"content":{"rendered":"<p>Darbs pie jubilejas albuma s\u0101k\u0101s 2011. gad\u0101, un ierakstos, iz\u0146emot pa\u0161us \u00abLaimas Muzykantus\u00bb, k\u0101 viesm\u0101kslinieki piedal\u012bj\u0101s ar\u012b citi m\u016bzi\u0137i no Latvijas,Lietuvas, Baltkrievijas un Lielbrit\u0101nijas. T\u0101, piem\u0113ram, dziesmas \u00ab\u0136\u0113v\u012bt, mana svilpast\u012bte\u00bb ierakst\u0101 dzirdami ar\u012b apvien\u012bbu \u00abKeksi\u00bb un \u00abMiracle Jazz Orchestra\u00bb m\u016bzi\u0137u Sandra Skrejanska un Eduarda Raubi\u0161ko iesp\u0113l\u0113tie p\u016b\u0161amie instrumenti, bet dziesm\u0101 \u00abGau\u017ei raud saul\u012bte\u00bb dzirdams 17 Latvijas,Lietuvas un Baltkrievijas akad\u0113misko un folkloras m\u016bzi\u0137u or\u0137estris, kur\u0161 ierakst\u012bts tr\u012bs valstu studij\u0101s.<\/p>\n","protected":false},"excerpt":{"rendered":"<p><strong>Izpild\u012bt\u0101js<\/strong> <a href=\"http:\/\/lauska.lv\/veikals\/laimas-muzykanti\/\" target=\"_blank\" rel=\"noopener\">Laimas Muzykanti<\/a><\/p>\n<p><strong>\u017danri <\/strong><a href=\"http:\/\/lauska.lv\/veikals\/post-folks\/\">Post-folks<\/a><\/p>\n","protected":false},"featured_media":1124,"template":"","meta":{"jetpack_post_was_ever_published":false,"jetpack_publicize_message":"","jetpack_is_tweetstorm":false,"jetpack_publicize_feature_enabled":true,"jetpack_social_post_already_shared":true,"jetpack_social_options":{"image_generator_settings":{"template":"highway","enabled":false}}},"product_cat":[101,166,252,249],"product_tag":[43],"jetpack_publicize_connections":[],"jetpack_sharing_enabled":true,"_links":{"self":[{"href":"https:\/\/lauska.lv\/veikals\/wp-json\/wp\/v2\/product\/1153"}],"collection":[{"href":"https:\/\/lauska.lv\/veikals\/wp-json\/wp\/v2\/product"}],"about":[{"href":"https:\/\/lauska.lv\/veikals\/wp-json\/wp\/v2\/types\/product"}],"wp:featuredmedia":[{"embeddable":true,"href":"https:\/\/lauska.lv\/veikals\/wp-json\/wp\/v2\/media\/1124"}],"wp:attachment":[{"href":"https:\/\/lauska.lv\/veikals\/wp-json\/wp\/v2\/media?parent=1153"}],"wp:term":[{"taxonomy":"product_cat","embeddable":true,"href":"https:\/\/lauska.lv\/veikals\/wp-json\/wp\/v2\/product_cat?post=1153"},{"taxonomy":"product_tag","embeddable":true,"href":"https:\/\/lauska.lv\/veikals\/wp-json\/wp\/v2\/product_tag?post=1153"}],"curies":[{"name":"wp","href":"https:\/\/api.w.org\/{rel}","templated":true}]}}