{"id":1150,"date":"2015-10-28T09:58:03","date_gmt":"2015-10-28T07:58:03","guid":{"rendered":"http:\/\/lauska.lv\/veikalsbeta\/?post_type=product&#038;p=1150"},"modified":"2018-10-04T23:34:52","modified_gmt":"2018-10-04T20:34:52","slug":"es-nezinu-kads-ir-isakais-cels-pie-tevis","status":"publish","type":"product","link":"https:\/\/lauska.lv\/veikals\/Preces\/es-nezinu-kads-ir-isakais-cels-pie-tevis\/","title":{"rendered":"Es nezinu k\u0101ds ir \u012bs\u0101kais ce\u013c\u0161 pie tevis"},"content":{"rendered":"<p>Album\u0101 iek\u013cautas Din\u0101ra Gulbja kompon\u0113tas dziesmas ar da\u017e\u0101du izcilu latvie\u0161u dzejnieku v\u0101rdiem.<\/p>\n<p>\u00abLieliska dzejas izv\u0113le, lieliska dzejas interpret\u0101cija un patiesums. Ticam\u012bbas pak\u0101pe klausoties \u0161os ierakstus ir visaugst\u0101k\u0101. Nekas viltots. Viss \u012bsts, tie\u0161i tik \u012bsts k\u0101 pa\u0161a Din\u0101ra raupjais balss tembrs, kur\u0161, k\u0101 izr\u0101d\u0101s, var skan\u0113t labi ar\u012b ne tik \u013coti sak\u0101pin\u0101taj\u0101s dziesmu da\u013c\u0101s, ta\u010du kad Din\u0101rs \u00abieblie\u017e\u00bb t\u0101 sirsn\u012bgi, atmi\u0146\u0101 n\u0101k S\u012bmanis, Visockis. Vair\u0101k jau Visockis,\u00bb par albumu p\u0101rdom\u0101s dal\u0101s Guntars Ra\u010ds.<\/p>\n","protected":false},"excerpt":{"rendered":"<p><strong>Izpild\u012bt\u0101js<\/strong> <a href=\"http:\/\/lauska.lv\/veikals\/makslinieki\/gulbis-dinars\/\" target=\"_blank\" rel=\"noopener\">Din\u0101rs Gulbis<\/a><\/p>\n<p><strong>\u017danri <\/strong><a href=\"http:\/\/lauska.lv\/veikals\/dziesminieki-autormuzika\/\">Dziesminieki \/ Autorm\u016bzika<\/a><\/p>\n","protected":false},"featured_media":1118,"template":"","meta":{"jetpack_post_was_ever_published":false,"jetpack_publicize_message":"","jetpack_is_tweetstorm":false,"jetpack_publicize_feature_enabled":true,"jetpack_social_post_already_shared":true,"jetpack_social_options":{"image_generator_settings":{"template":"highway","enabled":false}}},"product_cat":[49,147,101,249],"product_tag":[43],"jetpack_publicize_connections":[],"jetpack_sharing_enabled":true,"_links":{"self":[{"href":"https:\/\/lauska.lv\/veikals\/wp-json\/wp\/v2\/product\/1150"}],"collection":[{"href":"https:\/\/lauska.lv\/veikals\/wp-json\/wp\/v2\/product"}],"about":[{"href":"https:\/\/lauska.lv\/veikals\/wp-json\/wp\/v2\/types\/product"}],"wp:featuredmedia":[{"embeddable":true,"href":"https:\/\/lauska.lv\/veikals\/wp-json\/wp\/v2\/media\/1118"}],"wp:attachment":[{"href":"https:\/\/lauska.lv\/veikals\/wp-json\/wp\/v2\/media?parent=1150"}],"wp:term":[{"taxonomy":"product_cat","embeddable":true,"href":"https:\/\/lauska.lv\/veikals\/wp-json\/wp\/v2\/product_cat?post=1150"},{"taxonomy":"product_tag","embeddable":true,"href":"https:\/\/lauska.lv\/veikals\/wp-json\/wp\/v2\/product_tag?post=1150"}],"curies":[{"name":"wp","href":"https:\/\/api.w.org\/{rel}","templated":true}]}}