{"id":1149,"date":"2015-11-28T09:57:10","date_gmt":"2015-11-28T07:57:10","guid":{"rendered":"http:\/\/lauska.lv\/veikalsbeta\/?post_type=product&#038;p=1149"},"modified":"2018-10-04T23:36:13","modified_gmt":"2018-10-04T20:36:13","slug":"ruzupis-veiri","status":"publish","type":"product","link":"https:\/\/lauska.lv\/veikals\/Preces\/ruzupis-veiri\/","title":{"rendered":"R\u016b\u017eupis veiri"},"content":{"rendered":"<p>Folkloras kopa R\u016b\u017eupis veiri aizraut\u012bgi muzic\u0113 un dzied par alu, meiten\u0113m, karu un cit\u0101m v\u012briem svar\u012bg\u0101m liet\u0101m. Album\u0101 atrad\u012bsim gan \u013coti paz\u012bstamas, gan ar\u012b maz\u0101k dzird\u0113tas latgalie\u0161u tautasdziesmas.<\/p>\n","protected":false},"excerpt":{"rendered":"<p><strong>Izpild\u012bt\u0101js<\/strong> <a href=\"http:\/\/lauska.lv\/veikals\/ruzupis-veiri\/\" target=\"_blank\" rel=\"noopener\">R\u016b\u017eupis veiri<\/a><\/p>\n<p><strong>\u017danri <\/strong><a href=\"http:\/\/lauska.lv\/veikals\/folklora\/\">Folklora<\/a><\/p>\n","protected":false},"featured_media":1115,"template":"","meta":{"jetpack_post_was_ever_published":false,"jetpack_publicize_message":"","jetpack_is_tweetstorm":false,"jetpack_publicize_feature_enabled":true,"jetpack_social_post_already_shared":true,"jetpack_social_options":{"image_generator_settings":{"template":"highway","enabled":false}}},"product_cat":[250,101,205,249],"product_tag":[43],"jetpack_publicize_connections":[],"jetpack_sharing_enabled":true,"_links":{"self":[{"href":"https:\/\/lauska.lv\/veikals\/wp-json\/wp\/v2\/product\/1149"}],"collection":[{"href":"https:\/\/lauska.lv\/veikals\/wp-json\/wp\/v2\/product"}],"about":[{"href":"https:\/\/lauska.lv\/veikals\/wp-json\/wp\/v2\/types\/product"}],"wp:featuredmedia":[{"embeddable":true,"href":"https:\/\/lauska.lv\/veikals\/wp-json\/wp\/v2\/media\/1115"}],"wp:attachment":[{"href":"https:\/\/lauska.lv\/veikals\/wp-json\/wp\/v2\/media?parent=1149"}],"wp:term":[{"taxonomy":"product_cat","embeddable":true,"href":"https:\/\/lauska.lv\/veikals\/wp-json\/wp\/v2\/product_cat?post=1149"},{"taxonomy":"product_tag","embeddable":true,"href":"https:\/\/lauska.lv\/veikals\/wp-json\/wp\/v2\/product_tag?post=1149"}],"curies":[{"name":"wp","href":"https:\/\/api.w.org\/{rel}","templated":true}]}}