{"id":1144,"date":"2015-12-28T09:53:01","date_gmt":"2015-12-28T07:53:01","guid":{"rendered":"http:\/\/lauska.lv\/veikalsbeta\/?post_type=product&#038;p=1144"},"modified":"2018-10-04T23:37:53","modified_gmt":"2018-10-04T20:37:53","slug":"dzerves-un-dzervenes","status":"publish","type":"product","link":"https:\/\/lauska.lv\/veikals\/Preces\/dzerves-un-dzervenes\/","title":{"rendered":"Dz\u0113rves un dz\u0113rvenes"},"content":{"rendered":"<p>&#8220;Cen\u0161amies caur sevi atrast katras dziesmas v\u0113st\u012bjumu, saj\u016btu, pietuvoties t\u0101s dzi\u013c\u0101kajai b\u016bt\u012bbai. To visu kop\u0101 saliekot, esam sav\u0101 ogu groz\u0101 ielas\u012bju\u0161as m\u016bsu otro albumu &#8220;Dz\u0113rves un dz\u0113rvenes&#8221;. Aicin\u0101m ar mums kop\u0101 izstaig\u0101t, izl\u0101not \u0161\u012b br\u012b\u017ea &#8220;L\u0101na&#8221; takas,&#8221; st\u0101sta folkloras kopas L\u0101ns dal\u012bbnieces.<\/p>\n","protected":false},"excerpt":{"rendered":"<p><strong>Izpild\u012bt\u0101js\u00a0<\/strong><a href=\"http:\/\/lauska.lv\/veikals\/lans\/\" target=\"_blank\" rel=\"noopener\">L\u0101ns<\/a><\/p>\n<p><strong>\u017danri <\/strong><a href=\"http:\/\/lauska.lv\/veikals\/post-folks\/\">Post-folks<\/a><\/p>\n","protected":false},"featured_media":1112,"template":"","meta":{"jetpack_post_was_ever_published":false,"jetpack_publicize_message":"","jetpack_is_tweetstorm":false,"jetpack_publicize_feature_enabled":true,"jetpack_social_post_already_shared":true,"jetpack_social_options":{"image_generator_settings":{"template":"highway","enabled":false}}},"product_cat":[101,167,252,249],"product_tag":[43],"jetpack_publicize_connections":[],"jetpack_sharing_enabled":true,"_links":{"self":[{"href":"https:\/\/lauska.lv\/veikals\/wp-json\/wp\/v2\/product\/1144"}],"collection":[{"href":"https:\/\/lauska.lv\/veikals\/wp-json\/wp\/v2\/product"}],"about":[{"href":"https:\/\/lauska.lv\/veikals\/wp-json\/wp\/v2\/types\/product"}],"wp:featuredmedia":[{"embeddable":true,"href":"https:\/\/lauska.lv\/veikals\/wp-json\/wp\/v2\/media\/1112"}],"wp:attachment":[{"href":"https:\/\/lauska.lv\/veikals\/wp-json\/wp\/v2\/media?parent=1144"}],"wp:term":[{"taxonomy":"product_cat","embeddable":true,"href":"https:\/\/lauska.lv\/veikals\/wp-json\/wp\/v2\/product_cat?post=1144"},{"taxonomy":"product_tag","embeddable":true,"href":"https:\/\/lauska.lv\/veikals\/wp-json\/wp\/v2\/product_tag?post=1144"}],"curies":[{"name":"wp","href":"https:\/\/api.w.org\/{rel}","templated":true}]}}