{"id":1142,"date":"2015-08-28T09:51:04","date_gmt":"2015-08-28T06:51:04","guid":{"rendered":"http:\/\/lauska.lv\/veikalsbeta\/?post_type=product&#038;p=1142"},"modified":"2018-10-04T23:18:22","modified_gmt":"2018-10-04T20:18:22","slug":"cinai-sveiks","status":"publish","type":"product","link":"https:\/\/lauska.lv\/veikals\/Preces\/cinai-sveiks\/","title":{"rendered":"C\u012b\u0146ai sveiks!"},"content":{"rendered":"<p>lbum\u0101 iek\u013cautas 11 popul\u0101r\u0101k\u0101s no \u201cVilku\u201d izpild\u012btaj\u0101m latvie\u0161u karav\u012bru dziesm\u0101m &#8211; s\u0101kot ar seno karav\u012bru folkloru, str\u0113lnieku, br\u012bv\u012bbas c\u012bn\u012bt\u0101ju, le\u0123ion\u0101ru, nacion\u0101lo partiz\u0101nu dziesm\u0101m un dziesmu, kura atspogu\u013co m\u016bsdienu karav\u012bra dienestu misiju rajonos.<\/p>\n<p>Apdari dziesm\u0101m veidoju\u0161i -grupas \u201c<a href=\"https:\/\/lauska.lv\/veikals\/makslinieki-2\/auli\/\" target=\"_blank\" rel=\"noopener\">Au\u013ci<\/a>\u201d, \u201c<a href=\"https:\/\/lauska.lv\/veikals\/makslinieki-2\/skyforger\/\" target=\"_blank\" rel=\"noopener\">Skyforger<\/a>\u201d, \u201c<a href=\"https:\/\/lauska.lv\/veikals\/makslinieki-2\/ilgi\/\" target=\"_blank\" rel=\"noopener\">I\u013c\u0123i<\/a>\u201d, \u201cZig zag\u201d, J\u0101nis Bukums, Aigars Gr\u0101vers, Art\u016brs U\u0161k\u0101ns, Zemessardzes or\u0137estris un koris, Urbix un DJ Monsta. Tie\u0161i \u0161\u012b m\u016bsdien\u012bg\u0101 apdare rokm\u016bzik\u0101, saglab\u0101jot tautisko pieska\u0146u vai autentisko tekstu, padara albumu interesantu klaus\u012bties vair\u0101k nek\u0101 tikai reizi gad\u0101, sv\u0113tkos vai \u0161aur\u0101 domubiedru pulk\u0101. Un noska\u0146a, lai t\u0101s ar\u012b ir karav\u012bru dziesmas, taj\u0101s iek\u0161\u0101 ir savdab\u012bgs miers un ener\u0123ija. L\u016bk, tur ar\u012b sl\u0113pjas tautas sp\u0113ks, atsevi\u0161\u0137i \u201cVilki\u201d skan labi, bet \u0161\u0101d\u0101 interpret\u0101cij\u0101, kop\u0101 ar bung\u0101m, \u0123it\u0101r\u0101m vai citiem istrumentiem, skan v\u0113l kr\u0101\u0161\u0146\u0101k.<\/p>\n","protected":false},"excerpt":{"rendered":"<p><strong>Izpild\u012bt\u0101js<\/strong> <a href=\"http:\/\/lauska.lv\/veikals\/vilki\/\" target=\"_blank\" rel=\"noopener\">Vilki\u00a0<\/a>un citi<\/p>\n<p><strong>\u017danri\u00a0<\/strong><a href=\"http:\/\/lauska.lv\/veikals\/roks-pops\/\">Roks \/ Pops<\/a><\/p>\n","protected":false},"featured_media":1109,"template":"","meta":{"jetpack_post_was_ever_published":false,"jetpack_publicize_message":"","jetpack_is_tweetstorm":false,"jetpack_publicize_feature_enabled":true,"jetpack_social_post_already_shared":true,"jetpack_social_options":{"image_generator_settings":{"template":"highway","enabled":false}}},"product_cat":[101,253,241,249],"product_tag":[43],"jetpack_publicize_connections":[],"jetpack_sharing_enabled":true,"_links":{"self":[{"href":"https:\/\/lauska.lv\/veikals\/wp-json\/wp\/v2\/product\/1142"}],"collection":[{"href":"https:\/\/lauska.lv\/veikals\/wp-json\/wp\/v2\/product"}],"about":[{"href":"https:\/\/lauska.lv\/veikals\/wp-json\/wp\/v2\/types\/product"}],"wp:featuredmedia":[{"embeddable":true,"href":"https:\/\/lauska.lv\/veikals\/wp-json\/wp\/v2\/media\/1109"}],"wp:attachment":[{"href":"https:\/\/lauska.lv\/veikals\/wp-json\/wp\/v2\/media?parent=1142"}],"wp:term":[{"taxonomy":"product_cat","embeddable":true,"href":"https:\/\/lauska.lv\/veikals\/wp-json\/wp\/v2\/product_cat?post=1142"},{"taxonomy":"product_tag","embeddable":true,"href":"https:\/\/lauska.lv\/veikals\/wp-json\/wp\/v2\/product_tag?post=1142"}],"curies":[{"name":"wp","href":"https:\/\/api.w.org\/{rel}","templated":true}]}}