{"id":1103,"date":"2015-01-28T09:45:16","date_gmt":"2015-01-28T07:45:16","guid":{"rendered":"http:\/\/lauska.lv\/veikalsbeta\/?post_type=product&#038;p=1103"},"modified":"2024-12-06T11:01:01","modified_gmt":"2024-12-06T09:01:01","slug":"b-optimist","status":"publish","type":"product","link":"https:\/\/lauska.lv\/veikals\/Preces\/b-optimist\/","title":{"rendered":"B OPTIMIST"},"content":{"rendered":"<p>Rokgrupa &#8220;B Optimist&#8221; laidusi klaj\u0101 savu debijas albumu, kur\u0101 iek\u013cautas 13 dziesmas. &#8220;B Optimist&#8221; sp\u0113l\u0113 ener\u0123isku un emocion\u0101lu ori\u0123in\u0101lm\u016bziku, liekot uzsvaru uz dziesmu tekstiem latvie\u0161u valod\u0101.<br \/>\nAlbums ierakst\u012bts Ogres m\u016bzikas skolas ierakstu studij\u0101 Ata \u010cama\u0146a vad\u012bb\u0101.<\/p>\n","protected":false},"excerpt":{"rendered":"<p><strong>Izpild\u012bt\u0101js<\/strong> <a href=\"http:\/\/lauska.lv\/veikals\/b-optimist\/\" target=\"_blank\" rel=\"noopener\">B OPTIMIST<\/a><\/p>\n<p><strong>\u017danri <\/strong><a href=\"http:\/\/lauska.lv\/veikals\/roks-pops\/\">Roks\/Pops<\/a><\/p>\n","protected":false},"featured_media":1106,"template":"","meta":{"jetpack_post_was_ever_published":false,"jetpack_publicize_message":"","jetpack_is_tweetstorm":false,"jetpack_publicize_feature_enabled":true,"jetpack_social_post_already_shared":true,"jetpack_social_options":{"image_generator_settings":{"template":"highway","enabled":false}}},"product_cat":[123,101,253,249],"product_tag":[43],"jetpack_publicize_connections":[],"jetpack_sharing_enabled":true,"_links":{"self":[{"href":"https:\/\/lauska.lv\/veikals\/wp-json\/wp\/v2\/product\/1103"}],"collection":[{"href":"https:\/\/lauska.lv\/veikals\/wp-json\/wp\/v2\/product"}],"about":[{"href":"https:\/\/lauska.lv\/veikals\/wp-json\/wp\/v2\/types\/product"}],"wp:featuredmedia":[{"embeddable":true,"href":"https:\/\/lauska.lv\/veikals\/wp-json\/wp\/v2\/media\/1106"}],"wp:attachment":[{"href":"https:\/\/lauska.lv\/veikals\/wp-json\/wp\/v2\/media?parent=1103"}],"wp:term":[{"taxonomy":"product_cat","embeddable":true,"href":"https:\/\/lauska.lv\/veikals\/wp-json\/wp\/v2\/product_cat?post=1103"},{"taxonomy":"product_tag","embeddable":true,"href":"https:\/\/lauska.lv\/veikals\/wp-json\/wp\/v2\/product_tag?post=1103"}],"curies":[{"name":"wp","href":"https:\/\/api.w.org\/{rel}","templated":true}]}}