{"id":1057,"date":"2016-06-28T09:09:05","date_gmt":"2016-06-28T06:09:05","guid":{"rendered":"http:\/\/lauska.lv\/veikalsbeta\/?post_type=product&#038;p=1057"},"modified":"2021-04-07T09:46:59","modified_gmt":"2021-04-07T06:46:59","slug":"trejdevini-kokletaji","status":"publish","type":"product","link":"https:\/\/lauska.lv\/veikals\/Preces\/trejdevini-kokletaji\/","title":{"rendered":"Trejdevi\u0146i kokl\u0113t\u0101ji"},"content":{"rendered":"<p>Minim\u0101listiskas medit\u0101cijas, etnod\u017eezs, etnobaroks, intuit\u012bvas un sakompon\u0113tas sasp\u0113les, senu trad\u012bciju aizraujo\u0161as un pacil\u0101jo\u0161as vari\u0101cijas, konservat\u012bvs autentiskums un avangardiski eksperimenti \u2013 \u0161o m\u016bsdienu Latvijas kokl\u0113\u0161anas esenci pied\u0101v\u0101 albums \u201cTrejdevi\u0146i kokl\u0113t\u0101ji\u201d. Pirmoreiz vienkop skan visi kok\u013cu veidi \u2013 tradicion\u0101l\u0101s, moderniz\u0113t\u0101s jeb koncerta, etno un elektrisk\u0101s kokles. Albuma m\u0101kslinieki \u2013 Latvij\u0101 un \u0101rpus t\u0101s robe\u017e\u0101m paz\u012bstami kokl\u0113t\u0101ji \u2013 muzic\u0113 un apcer kokl\u0113\u0161anas trad\u012bcijas att\u012bst\u012bbu un cilv\u0113cisko noz\u012bmi m\u016bsdienu apst\u0101k\u013cos.<\/p>\n<p>Gr\u0101mata (72 lpp.) latvie\u0161u un ang\u013cu valod\u0101 un CD.<\/p>\n","protected":false},"excerpt":{"rendered":"<p><strong>Sast\u0101d\u012bt\u0101js<\/strong> <a href=\"http:\/\/lauska.lv\/veikals\/muktupavels-valdis\/\" target=\"_blank\" rel=\"noopener\">Valdis Muktup\u0101vels<\/a><\/p>\n<p><strong>\u017danri<\/strong> <a href=\"http:\/\/lauska.lv\/veikals\/literari-diski-un-gramatas\/\">Liter\u0101ri diski un gr\u0101matas<\/a>, <a href=\"http:\/\/lauska.lv\/veikals\/post-folks\/\">Post-folks<\/a><\/p>\n<p><strong>ISBN<\/strong> 978-9934-8276-6-2<\/p>\n","protected":false},"featured_media":1013,"template":"","meta":{"jetpack_post_was_ever_published":false,"jetpack_publicize_message":"","jetpack_is_tweetstorm":false,"jetpack_publicize_feature_enabled":true,"jetpack_social_post_already_shared":true,"jetpack_social_options":{"image_generator_settings":{"template":"highway","enabled":false}}},"product_cat":[646,115,116,146,155,156,101,165,251,180,181,182,252,206,248,237],"product_tag":[44],"jetpack_publicize_connections":[],"jetpack_sharing_enabled":true,"_links":{"self":[{"href":"https:\/\/lauska.lv\/veikals\/wp-json\/wp\/v2\/product\/1057"}],"collection":[{"href":"https:\/\/lauska.lv\/veikals\/wp-json\/wp\/v2\/product"}],"about":[{"href":"https:\/\/lauska.lv\/veikals\/wp-json\/wp\/v2\/types\/product"}],"wp:featuredmedia":[{"embeddable":true,"href":"https:\/\/lauska.lv\/veikals\/wp-json\/wp\/v2\/media\/1013"}],"wp:attachment":[{"href":"https:\/\/lauska.lv\/veikals\/wp-json\/wp\/v2\/media?parent=1057"}],"wp:term":[{"taxonomy":"product_cat","embeddable":true,"href":"https:\/\/lauska.lv\/veikals\/wp-json\/wp\/v2\/product_cat?post=1057"},{"taxonomy":"product_tag","embeddable":true,"href":"https:\/\/lauska.lv\/veikals\/wp-json\/wp\/v2\/product_tag?post=1057"}],"curies":[{"name":"wp","href":"https:\/\/api.w.org\/{rel}","templated":true}]}}