{"id":1051,"date":"2016-07-28T09:01:08","date_gmt":"2016-07-28T06:01:08","guid":{"rendered":"http:\/\/lauska.lv\/veikalsbeta\/?post_type=product&#038;p=1051"},"modified":"2021-02-26T10:23:00","modified_gmt":"2021-02-26T08:23:00","slug":"vainags","status":"publish","type":"product","link":"https:\/\/lauska.lv\/veikals\/Preces\/vainags\/","title":{"rendered":"Vai\u0146ags"},"content":{"rendered":"<p>Grupas jaunais albums ir vair\u0101ku gadu kop\u012bga rado\u0161a darba vai\u0146agojums. Sen\u0101k\u0101 dziesma tapusi jau ap 2008. gadu, bet jaun\u0101k\u0101 2016. gada s\u0101kum\u0101. Dziesmas dabiski apvienoju\u0161\u0101s vienot\u0101 koncertprogramm\u0101, jo t\u0101s saista vasar\u012bgas t\u0113mas un noska\u0146a. Visas lab\u0101k\u0101s idejas rodas p\u0113k\u0161\u0146i. T\u0101 ar\u012b \u201cVai\u0146aga\u201d v\u0101rds negaid\u012bti pie atlidoja pie \u201cDaba San\u201d un, k\u0101 uzskata grupas dal\u012bbnieki &#8211; lab\u0101ku nosaukumu savam albumam nevar\u0113tu iedom\u0101ties.<\/p>\n","protected":false},"excerpt":{"rendered":"<p><strong>Izpild\u012bt\u0101js<\/strong>\u00a0<a href=\"http:\/\/lauska.lv\/veikals\/daba-san\/\" target=\"_blank\" rel=\"noopener\">Daba San<\/a><\/p>\n<p><strong>\u017danrs <\/strong><a href=\"http:\/\/lauska.lv\/veikals\/post-folks\/\">Post-folks<\/a><\/p>\n","protected":false},"featured_media":1016,"template":"","meta":{"jetpack_post_was_ever_published":false,"jetpack_publicize_message":"","jetpack_is_tweetstorm":false,"jetpack_publicize_feature_enabled":true,"jetpack_social_post_already_shared":true,"jetpack_social_options":{"image_generator_settings":{"template":"highway","enabled":false}}},"product_cat":[114,101,252,249],"product_tag":[44],"jetpack_publicize_connections":[],"jetpack_sharing_enabled":true,"_links":{"self":[{"href":"https:\/\/lauska.lv\/veikals\/wp-json\/wp\/v2\/product\/1051"}],"collection":[{"href":"https:\/\/lauska.lv\/veikals\/wp-json\/wp\/v2\/product"}],"about":[{"href":"https:\/\/lauska.lv\/veikals\/wp-json\/wp\/v2\/types\/product"}],"wp:featuredmedia":[{"embeddable":true,"href":"https:\/\/lauska.lv\/veikals\/wp-json\/wp\/v2\/media\/1016"}],"wp:attachment":[{"href":"https:\/\/lauska.lv\/veikals\/wp-json\/wp\/v2\/media?parent=1051"}],"wp:term":[{"taxonomy":"product_cat","embeddable":true,"href":"https:\/\/lauska.lv\/veikals\/wp-json\/wp\/v2\/product_cat?post=1051"},{"taxonomy":"product_tag","embeddable":true,"href":"https:\/\/lauska.lv\/veikals\/wp-json\/wp\/v2\/product_tag?post=1051"}],"curies":[{"name":"wp","href":"https:\/\/api.w.org\/{rel}","templated":true}]}}