{"id":1047,"date":"2016-08-28T08:58:43","date_gmt":"2016-08-28T05:58:43","guid":{"rendered":"http:\/\/lauska.lv\/veikalsbeta\/?post_type=product&#038;p=1047"},"modified":"2018-10-04T23:57:10","modified_gmt":"2018-10-04T20:57:10","slug":"gadalokos","status":"publish","type":"product","link":"https:\/\/lauska.lv\/veikals\/Preces\/gadalokos\/","title":{"rendered":"Gadalokos"},"content":{"rendered":"<p>Grupas piektais studijas albums velt\u012bts gadsk\u0101rtu tematikai. Grupas dal\u012bbnieki rad\u012bju\u0161i 16 jaunas, ori\u0123in\u0101las kompoz\u012bcijas un katra no t\u0101m ir velt\u012bta konkr\u0113tam posmam senaj\u0101 latvie\u0161u kalend\u0101r\u0101.<\/p>\n","protected":false},"excerpt":{"rendered":"<p><strong>Izpild\u012bt\u0101js<\/strong>\u00a0<a href=\"http:\/\/lauska.lv\/veikals\/makslinieki\/auli\/\" target=\"_blank\" rel=\"noopener\">Au\u013ci<\/a><\/p>\n<p><strong>\u017danrs <\/strong><a href=\"http:\/\/lauska.lv\/veikals\/post-folks\/\">Post-folks<\/a><\/p>\n","protected":false},"featured_media":1019,"template":"","meta":{"jetpack_post_was_ever_published":false,"jetpack_publicize_message":"","jetpack_is_tweetstorm":false,"jetpack_publicize_feature_enabled":true,"jetpack_social_post_already_shared":true,"jetpack_social_options":{"image_generator_settings":{"template":"highway","enabled":false}}},"product_cat":[119,101,252,249],"product_tag":[44],"jetpack_publicize_connections":[],"jetpack_sharing_enabled":true,"_links":{"self":[{"href":"https:\/\/lauska.lv\/veikals\/wp-json\/wp\/v2\/product\/1047"}],"collection":[{"href":"https:\/\/lauska.lv\/veikals\/wp-json\/wp\/v2\/product"}],"about":[{"href":"https:\/\/lauska.lv\/veikals\/wp-json\/wp\/v2\/types\/product"}],"wp:featuredmedia":[{"embeddable":true,"href":"https:\/\/lauska.lv\/veikals\/wp-json\/wp\/v2\/media\/1019"}],"wp:attachment":[{"href":"https:\/\/lauska.lv\/veikals\/wp-json\/wp\/v2\/media?parent=1047"}],"wp:term":[{"taxonomy":"product_cat","embeddable":true,"href":"https:\/\/lauska.lv\/veikals\/wp-json\/wp\/v2\/product_cat?post=1047"},{"taxonomy":"product_tag","embeddable":true,"href":"https:\/\/lauska.lv\/veikals\/wp-json\/wp\/v2\/product_tag?post=1047"}],"curies":[{"name":"wp","href":"https:\/\/api.w.org\/{rel}","templated":true}]}}