{"id":1044,"date":"2016-09-28T08:54:33","date_gmt":"2016-09-28T05:54:33","guid":{"rendered":"http:\/\/lauska.lv\/veikalsbeta\/?post_type=product&#038;p=1044"},"modified":"2018-10-04T23:58:30","modified_gmt":"2018-10-04T20:58:30","slug":"muziga-geografa-piedzivojumi","status":"publish","type":"product","link":"https:\/\/lauska.lv\/veikals\/Preces\/muziga-geografa-piedzivojumi\/","title":{"rendered":"M\u016b\u017e\u012bg\u0101 \u0123eogr\u0101fa piedz\u012bvojumi"},"content":{"rendered":"<p>\u201cM\u016b\u017e\u012bg\u0101 \u0123eogr\u0101fa piedz\u012bvojumi\u201d ir pamat\u0101 akustisks ieraksts, kas papildin\u0101ts ar da\u017e\u0101d\u0101m vides ska\u0146\u0101m, elektrisk\u0101s \u0123it\u0101ras, v\u0113ja trubas un citu instrumentu iesp\u0113l\u0113m un ieraksta laik\u0101 apska\u0146otu k\u0101jas ritmu. K\u0101jas ritms, kas l\u012bdz \u0161im bija dzirdams tikai Imanta koncertos, pirmo reizi ir ar\u012b ierakst\u012bts un Imanta dziesm\u0101m pie\u0161\u0137ir jaunu raksturu un skan\u0113jumu. Albumu ierakst\u012bja un ska\u0146u re\u017eis\u0113ja M\u0101rti\u0146\u0161 Krasti\u0146\u0161.<\/p>\n<p>Imants par jauno albumu: \u201c\u0160o albumu es veltu m\u016b\u017e\u012bgajam \u0123eogr\u0101fam \u2013 cilv\u0113kam, kur\u0161 ir gatavs un v\u0113las iziet no savas komforta zonas. \u0122eogr\u0101fija ir vietu, sf\u0113ru kopums, ta\u010du t\u0101 ietver sev\u012b ar\u012b dinamikas potenci\u0101lu \u2013 \u0161aj\u0101 v\u0101rd\u0101 ir iekod\u0113ta kust\u012bba, ce\u013co\u0161ana, st\u0101vok\u013cu mai\u0146a, apzi\u0146as un identit\u0101tes pl\u016bsma. M\u016b\u017e\u012bg\u0101 \u0123eogr\u0101fija b\u016bt\u012bb\u0101 noz\u012bm\u0113 to, ka viss atrodas pl\u016bsm\u0101. Album\u0101 ietvertas t\u0113mas, kas ir \u013coti laikmet\u012bgas, un ir dziesmas, kas \u013coti cie\u0161i sasaucas ar to, kas \u0161obr\u012bd notiek pasaul\u0113. Ir dziesmas, kas sacer\u0113tas jau agr\u0101k, ta\u010du tie\u0161i tagad ir aktu\u0101las, un ir ar\u012b \u013coti patst\u0101v\u012bgi un autonomi st\u0101sti. Un m\u016b\u017e\u012bgais \u0123eogr\u0101fs ir tas, kas to visu piedz\u012bvo, bet kur\u0161 nekam no t\u0101 nepie\u0137eras \u2013 vi\u0146\u0161 pl\u016bst tam cauri un turpina b\u016bt m\u016b\u017e\u012bgais \u0123eogr\u0101fs. Un tas ir vi\u0146a sp\u0113ks, kas paradoks\u0101l\u0101 k\u0101rt\u0101 sp\u0113j iedvesmot cilv\u0113kus no da\u017e\u0101d\u0101m front\u0113m\u201d.<\/p>\n<p>&nbsp;<\/p>\n","protected":false},"excerpt":{"rendered":"<p><strong>Izpild\u012bt\u0101js<\/strong>\u00a0<a href=\"http:\/\/lauska.lv\/veikals\/daksis-imants\/\" target=\"_blank\" rel=\"noopener\">Imants Daksis<\/a><\/p>\n<p><strong>\u017danri<\/strong>\u00a0<a href=\"http:\/\/lauska.lv\/veikals\/dziesminieki-autormuzika\/\">Dziesminieki \/ Autorm\u016bzika<\/a><\/p>\n","protected":false},"featured_media":1022,"template":"","meta":{"jetpack_post_was_ever_published":false,"jetpack_publicize_message":"","jetpack_is_tweetstorm":false,"jetpack_publicize_feature_enabled":true,"jetpack_social_post_already_shared":true,"jetpack_social_options":{"image_generator_settings":{"template":"highway","enabled":false}}},"product_cat":[133,49,101,249],"product_tag":[44],"jetpack_publicize_connections":[],"jetpack_sharing_enabled":true,"_links":{"self":[{"href":"https:\/\/lauska.lv\/veikals\/wp-json\/wp\/v2\/product\/1044"}],"collection":[{"href":"https:\/\/lauska.lv\/veikals\/wp-json\/wp\/v2\/product"}],"about":[{"href":"https:\/\/lauska.lv\/veikals\/wp-json\/wp\/v2\/types\/product"}],"wp:featuredmedia":[{"embeddable":true,"href":"https:\/\/lauska.lv\/veikals\/wp-json\/wp\/v2\/media\/1022"}],"wp:attachment":[{"href":"https:\/\/lauska.lv\/veikals\/wp-json\/wp\/v2\/media?parent=1044"}],"wp:term":[{"taxonomy":"product_cat","embeddable":true,"href":"https:\/\/lauska.lv\/veikals\/wp-json\/wp\/v2\/product_cat?post=1044"},{"taxonomy":"product_tag","embeddable":true,"href":"https:\/\/lauska.lv\/veikals\/wp-json\/wp\/v2\/product_tag?post=1044"}],"curies":[{"name":"wp","href":"https:\/\/api.w.org\/{rel}","templated":true}]}}