{"id":1039,"date":"2016-08-28T08:51:50","date_gmt":"2016-08-28T05:51:50","guid":{"rendered":"http:\/\/lauska.lv\/veikalsbeta\/?post_type=product&#038;p=1039"},"modified":"2018-10-04T23:55:54","modified_gmt":"2018-10-04T20:55:54","slug":"trici-munu-ustabeni","status":"publish","type":"product","link":"https:\/\/lauska.lv\/veikals\/Preces\/trici-munu-ustabeni\/","title":{"rendered":"Tr\u012bci, munu ustabeni!"},"content":{"rendered":"<p>\u0160aj\u0101 album\u0101 tradicion\u0101l\u0101s dzied\u0101\u0161anas grupa &#8220;Sauc\u0113jas&#8221; iepaz\u012bstina ar Latgales tradicion\u0101lo m\u016bziku, kas pierakst\u012bta 1958.gad\u0101 Latvijas PSR Zin\u0101t\u0146u akad\u0113mijas folkloristu eksped\u012bcij\u0101 Ludzas un K\u0101rsavas rajon\u0101. Album\u0101 kr\u0101\u0161\u0146a vok\u0101l\u0101 daudzbals\u012bba mijas ar melodiski daudzveid\u012bgiem un nians\u0113tiem solodzied\u0101jumiem, ko papildina ar\u012b da\u017ei instrument\u0101l\u0101s m\u016bzikas paraugi.<\/p>\n","protected":false},"excerpt":{"rendered":"<p><strong>Izpild\u012bt\u0101js\u00a0<\/strong><a href=\"http:\/\/lauska.lv\/veikals\/saucejas\/\" target=\"_blank\" rel=\"noopener\">Sauc\u0113jas<\/a><\/p>\n<p><strong>\u017danri<\/strong> <a href=\"http:\/\/lauska.lv\/veikals\/literari-diski-un-gramatas\/\">Liter\u0101ri diski un gr\u0101matas<\/a>, <a href=\"http:\/\/lauska.lv\/veikals\/folklora\/\">Folklora<\/a><\/p>\n<p><strong>ISBN<\/strong> 978-9934-8276-7-9<\/p>\n","protected":false},"featured_media":1025,"template":"","meta":{"jetpack_post_was_ever_published":false,"jetpack_publicize_message":"","jetpack_is_tweetstorm":false,"jetpack_publicize_feature_enabled":true,"jetpack_social_post_already_shared":true,"jetpack_social_options":{"image_generator_settings":{"template":"highway","enabled":false}}},"product_cat":[250,101,251,207],"product_tag":[44],"jetpack_publicize_connections":[],"jetpack_sharing_enabled":true,"_links":{"self":[{"href":"https:\/\/lauska.lv\/veikals\/wp-json\/wp\/v2\/product\/1039"}],"collection":[{"href":"https:\/\/lauska.lv\/veikals\/wp-json\/wp\/v2\/product"}],"about":[{"href":"https:\/\/lauska.lv\/veikals\/wp-json\/wp\/v2\/types\/product"}],"wp:featuredmedia":[{"embeddable":true,"href":"https:\/\/lauska.lv\/veikals\/wp-json\/wp\/v2\/media\/1025"}],"wp:attachment":[{"href":"https:\/\/lauska.lv\/veikals\/wp-json\/wp\/v2\/media?parent=1039"}],"wp:term":[{"taxonomy":"product_cat","embeddable":true,"href":"https:\/\/lauska.lv\/veikals\/wp-json\/wp\/v2\/product_cat?post=1039"},{"taxonomy":"product_tag","embeddable":true,"href":"https:\/\/lauska.lv\/veikals\/wp-json\/wp\/v2\/product_tag?post=1039"}],"curies":[{"name":"wp","href":"https:\/\/api.w.org\/{rel}","templated":true}]}}