{"id":1037,"date":"2016-11-28T08:45:02","date_gmt":"2016-11-28T06:45:02","guid":{"rendered":"http:\/\/lauska.lv\/veikalsbeta\/?post_type=product&#038;p=1037"},"modified":"2018-10-05T00:02:05","modified_gmt":"2018-10-04T21:02:05","slug":"no-ropaznieku-dzives","status":"publish","type":"product","link":"https:\/\/lauska.lv\/veikals\/Preces\/no-ropaznieku-dzives\/","title":{"rendered":"No ropa\u017enieku dz\u012bves"},"content":{"rendered":"<p>Izdevums velt\u012bts Ropa\u017eu novada kult\u016brv\u0113sturei un folklorai. Las\u012bt\u0101js taj\u0101 atrad\u012bs Ropa\u017eu v\u0113stures notikumu p\u0101rskatu, bet \u012bpa\u0161a v\u0113r\u012bba velt\u012bta tautasdziesm\u0101m un folkloras kust\u012bbai Ropa\u017eu novad\u0101. Ropa\u017ei \u2013 Rodopoyse \u2013 pirmo reizi ir piemin\u0113ti jau \u201eIndri\u0137a hronik\u0101\u201d 1205.gad\u0101, l\u012bdz ar to \u0161is novads var lepoties ar senu un bag\u0101t\u012bgu v\u0113sturi. \u0160is b\u016bs pirmais t\u0101da apjoma novadp\u0113tniecisks apkopojums par Ropa\u017eu l\u012bbie\u0161u un latvie\u0161u kult\u016brv\u0113sturi, dziesm\u0101m un teik\u0101m. Gr\u0101mat\u0101 ir iek\u013cauts ar\u012b bag\u0101t\u012bgs v\u0113sturisko att\u0113lu materi\u0101ls.<\/p>\n<p>Gr\u0101matas pielikum\u0101 ir divi audiodiski. Vien\u0101 iek\u013cautas ar Ropa\u017eu novadu saist\u012bt\u0101s tautasdziesmas un zi\u0146\u0123es, otr\u0101 \u2013 dzejo\u013cu, nost\u0101stu, teiku un hroniku fragmentu las\u012bjumi. Albuma izdo\u0161anas iniciatori ir Ropa\u017eu tautas m\u016bzikas kopas \u201eTrejasmens\u201d dal\u012bbnieki. \u201eTrejasmens\u201d apvieno \u013caudis, kurus interes\u0113 ne tikai sen\u0101s latvie\u0161u tautasdziesmas, bet ar\u012b arheolo\u0123ija, amatniec\u012bba un v\u0113sture. Ierakst\u0101 piedal\u012bj\u0101s Za\u0137umui\u017eas folkloras kopa \u201e<a href=\"https:\/\/lauska.lv\/veikals\/makslinieki-2\/oglite\/\" target=\"_blank\" rel=\"noopener\">Ogl\u012bte<\/a>\u201d, Ropa\u017eu v\u012bru ansamblis \u201eKarma\u201d, biedr\u012bba \u201eLivonensis\u201d, grupa \u201e<a href=\"https:\/\/lauska.lv\/veikals\/makslinieki-2\/rava\/\" target=\"_blank\" rel=\"noopener\">R\u0101va<\/a>\u201d, folkloras un seno c\u012b\u0146u kopa \u201e<a href=\"https:\/\/lauska.lv\/veikals\/makslinieki-2\/vilkaci\/\" target=\"_blank\" rel=\"noopener\">Vilka\u010di<\/a>\u201d, folkloras draugu kopa \u201e<a href=\"https:\/\/lauska.lv\/veikals\/makslinieki-2\/skandinieki\/\" target=\"_blank\" rel=\"noopener\">Skandinieki<\/a>\u201d un v\u0113l pieaicin\u0101ti muzikanti.<\/p>\n","protected":false},"excerpt":{"rendered":"<p><strong>Izpild\u012bt\u0101js<\/strong>\u00a0<a href=\"http:\/\/lauska.lv\/veikals\/trejasmens\/\" target=\"_blank\" rel=\"noopener\">Trejasmens<\/a><\/p>\n<p><strong>\u017danri<\/strong>\u00a0<a href=\"http:\/\/lauska.lv\/veikals\/literari-diski-un-gramatas\/\">Liter\u0101ri diski un gr\u0101matas<\/a>, <a href=\"http:\/\/lauska.lv\/veikals\/folklora\/\">Folklora<\/a><\/p>\n<p><strong>ISBN<\/strong> 978-9934-8276-8-6<\/p>\n","protected":false},"featured_media":1028,"template":"","meta":{"jetpack_post_was_ever_published":false,"jetpack_publicize_message":"","jetpack_is_tweetstorm":false,"jetpack_publicize_feature_enabled":true,"jetpack_social_post_already_shared":true,"jetpack_social_options":{"image_generator_settings":{"template":"highway","enabled":false}}},"product_cat":[250,101,251,230,249],"product_tag":[44],"jetpack_publicize_connections":[],"jetpack_sharing_enabled":true,"_links":{"self":[{"href":"https:\/\/lauska.lv\/veikals\/wp-json\/wp\/v2\/product\/1037"}],"collection":[{"href":"https:\/\/lauska.lv\/veikals\/wp-json\/wp\/v2\/product"}],"about":[{"href":"https:\/\/lauska.lv\/veikals\/wp-json\/wp\/v2\/types\/product"}],"wp:featuredmedia":[{"embeddable":true,"href":"https:\/\/lauska.lv\/veikals\/wp-json\/wp\/v2\/media\/1028"}],"wp:attachment":[{"href":"https:\/\/lauska.lv\/veikals\/wp-json\/wp\/v2\/media?parent=1037"}],"wp:term":[{"taxonomy":"product_cat","embeddable":true,"href":"https:\/\/lauska.lv\/veikals\/wp-json\/wp\/v2\/product_cat?post=1037"},{"taxonomy":"product_tag","embeddable":true,"href":"https:\/\/lauska.lv\/veikals\/wp-json\/wp\/v2\/product_tag?post=1037"}],"curies":[{"name":"wp","href":"https:\/\/api.w.org\/{rel}","templated":true}]}}