{"id":1007,"date":"2016-08-28T08:39:53","date_gmt":"2016-08-28T05:39:53","guid":{"rendered":"http:\/\/lauska.lv\/veikalsbeta\/?post_type=product&#038;p=1007"},"modified":"2024-12-06T10:57:47","modified_gmt":"2024-12-06T08:57:47","slug":"divejadi","status":"publish","type":"product","link":"https:\/\/lauska.lv\/veikals\/Preces\/divejadi\/","title":{"rendered":"Div\u0113j\u0101di"},"content":{"rendered":"<p>Albums veidots, pieturoties pie lab\u0101kaj\u0101m modern\u0101 eklektisma trad\u012bcij\u0101m, ar konceptu\u0101lu st\u0101stu par sievietes m\u016b\u017eu no dzim\u0161anas br\u012b\u017ea l\u012bdz p\u0113d\u0113jam elpas vilcienam, par pamatu \u0146emot tautasdziesmu ori\u0123in\u0101los tekstus un melodijas.<\/p>\n","protected":false},"excerpt":{"rendered":"<p><b>Grupa\u00a0<\/b><a href=\"http:\/\/lauska.lv\/veikals\/brali-un-masas\/\" target=\"_blank\" rel=\"noopener\">Br\u0101\u013ci un m\u0101sas<\/a><\/p>\n<p><strong>\u017danrs\u00a0<\/strong><a href=\"http:\/\/lauska.lv\/veikals\/post-folks\/\">Post-folks<\/a><\/p>\n","protected":false},"featured_media":1031,"template":"","meta":{"jetpack_post_was_ever_published":false,"jetpack_publicize_message":"","jetpack_is_tweetstorm":false,"jetpack_publicize_feature_enabled":true,"jetpack_social_post_already_shared":false,"jetpack_social_options":{"image_generator_settings":{"template":"highway","enabled":false}}},"product_cat":[103,101,252,249],"product_tag":[44],"jetpack_publicize_connections":[],"jetpack_sharing_enabled":false,"_links":{"self":[{"href":"https:\/\/lauska.lv\/veikals\/wp-json\/wp\/v2\/product\/1007"}],"collection":[{"href":"https:\/\/lauska.lv\/veikals\/wp-json\/wp\/v2\/product"}],"about":[{"href":"https:\/\/lauska.lv\/veikals\/wp-json\/wp\/v2\/types\/product"}],"wp:featuredmedia":[{"embeddable":true,"href":"https:\/\/lauska.lv\/veikals\/wp-json\/wp\/v2\/media\/1031"}],"wp:attachment":[{"href":"https:\/\/lauska.lv\/veikals\/wp-json\/wp\/v2\/media?parent=1007"}],"wp:term":[{"taxonomy":"product_cat","embeddable":true,"href":"https:\/\/lauska.lv\/veikals\/wp-json\/wp\/v2\/product_cat?post=1007"},{"taxonomy":"product_tag","embeddable":true,"href":"https:\/\/lauska.lv\/veikals\/wp-json\/wp\/v2\/product_tag?post=1007"}],"curies":[{"name":"wp","href":"https:\/\/api.w.org\/{rel}","templated":true}]}}