{"id":941,"date":"2018-08-27T21:57:08","date_gmt":"2018-08-27T18:57:08","guid":{"rendered":"http:\/\/lauska.lv\/veikals\/makslinieki\/naktineica"},"modified":"2018-10-05T00:39:59","modified_gmt":"2018-10-04T21:39:59","slug":"naktineica","status":"publish","type":"page","link":"https:\/\/lauska.lv\/veikals\/makslinieki-2\/naktineica\/","title":{"rendered":"Naktineica"},"content":{"rendered":"\n<div class=\"wp-block-organic-profile-block\"><div class=\"organic-profile-content-title\"><nameartist>Naktineica<\/nameartist><hr\/><\/div><div class=\"organic-profile-content-flex\" style=\"text-align:left\"><div class=\"organic-profile-image\" style=\"background-image:url(http:\/\/lauska.lv\/veikalsbeta\/wp-content\/uploads\/sites\/6\/2018\/08\/Group_Naktineica.jpg)\"><img decoding=\"async\" src=\"http:\/\/lauska.lv\/veikalsbeta\/wp-content\/uploads\/sites\/6\/2018\/08\/Group_Naktineica.jpg\"\/><\/div><div class=\"organic-profile-content\" style=\"text-align:left\"><p>Etnogr\u0101fiskais ansamblis \u201cNaktineica\u201d ir unik\u0101ls folkloras kolekt\u012bvs, kas jau kop\u0161 1953. gada darbojas Prei\u013cu novada Saunas pagast\u0101. S\u0101kotn\u0113ji tas izveidoj\u0101s k\u0101 \u017ddanova v\u0101rd\u0101 nosaukt\u0101 kolhoza ansamblis, ko vad\u012bja Aleksandrs Vasi\u013cevskis. Tika dzied\u0101tas tautasdziesmas, kas rakstur\u012bgas \u0161im novadam. Te darboj\u0101s teic\u0113jas Anna Ka\u017ea, Roz\u0101lija Gilu\u010da, Jadviga Anspoka, Tekla Pastare u.c. Kolekt\u012bvs ir piedal\u012bjies visos folkloras festiv\u0101los \u201cBaltica\u201d, kas notiku\u0161i Latvij\u0101. Spilgt\u0101kie notikumi kolekt\u012bva v\u0113stur\u0113 ir piedal\u012b\u0161an\u0101s latvie\u0161u tautas m\u0101kslas dek\u0101d\u0113 Maskav\u0101 1955. gad\u0101, piedal\u012b\u0161an\u0101s starptautisk\u0101 folkloras festiv\u0101l\u0101 Ukrain\u0101 1989. gad\u0101. \u201cNaktineica\u201d piedal\u0101 ar\u012b Dziesmu sv\u0113tku folkloras dien\u0101s, pas\u0101kumos Nacion\u0101laj\u0101 br\u012bvdabas muzej\u0101, da\u017e\u0101dos Prei\u013cu novada, sava un kaimi\u0146u pagastu pas\u0101kumos.<br\/>Ir notiku\u0161as vair\u0101kas paaud\u017eu mai\u0146as, bet nav biju\u0161i p\u0101rtraukumi kolekt\u012bva darb\u012bb\u0101. No 1966.-2010. gadam etnogr\u0101fisk\u0101 ansamb\u013ca vad\u012bt\u0101js bija J\u0101nis Teil\u0101ns, kura vad\u012bb\u0101 tika izkopts etnogr\u0101fiskais dzied\u0101\u0161anas stils un saglab\u0101tas novada tautasdziesmas. Pa\u0161laik kolekt\u012bva vad\u012bt\u0101ja ir Anita Fedotova. Galvenie darb\u012bbas virzieni ir tradicion\u0101l\u0101 muzik\u0101l\u0101 mantojuma un latgalie\u0161u valodas saglab\u0101\u0161ana un t\u0101l\u0101knodo\u0161ana n\u0101kamaj\u0101m paaudz\u0113m.<\/p><div class=\"organic-profile-social\"><a class=\"social-link\" href=\"http:\/\/naktineica.blogspot.com\/\" target=\"_blank\"><i class=\"fas fa-play\"><\/i><\/a><\/div><\/div><\/div><\/div>\n\n\n<div class=\"woocommerce columns-4 \"><ul class=\"products columns-4\">\n<li class=\"product type-product post-1259 status-publish first outofstock product_cat-folklora product_cat-katalogs product_cat-naktineica product_cat-zanri product_tag-41 has-post-thumbnail taxable shipping-taxable purchasable product-type-simple\">\n\t<a href=\"https:\/\/lauska.lv\/veikals\/Preces\/seju-veju-rallala\/\" class=\"woocommerce-LoopProduct-link woocommerce-loop-product__link\"><img fetchpriority=\"high\" decoding=\"async\" width=\"324\" height=\"324\" src=\"https:\/\/lauska.lv\/veikals\/wp-content\/uploads\/sites\/6\/2018\/08\/Cover_Naktineica_Seju_veju_rallala_01-324x324.jpg\" class=\"attachment-woocommerce_thumbnail size-woocommerce_thumbnail\" alt=\"\" srcset=\"https:\/\/lauska.lv\/veikals\/wp-content\/uploads\/sites\/6\/2018\/08\/Cover_Naktineica_Seju_veju_rallala_01-324x324.jpg 324w, https:\/\/lauska.lv\/veikals\/wp-content\/uploads\/sites\/6\/2018\/08\/Cover_Naktineica_Seju_veju_rallala_01-100x100.jpg 100w, https:\/\/lauska.lv\/veikals\/wp-content\/uploads\/sites\/6\/2018\/08\/Cover_Naktineica_Seju_veju_rallala_01-150x150.jpg 150w\" sizes=\"(max-width: 324px) 100vw, 324px\" \/><h2 class=\"woocommerce-loop-product__title\">Seju, veju, rallal\u0101!<\/h2>\n\t<span class=\"price\"><span class=\"woocommerce-Price-amount amount\"><bdi>10.00&nbsp;<span class=\"woocommerce-Price-currencySymbol\">&euro;<\/span><\/bdi><\/span> <small class=\"woocommerce-price-suffix\">iesk. PVN<\/small><\/span>\n<\/a><a href=\"https:\/\/lauska.lv\/veikals\/Preces\/seju-veju-rallala\/\" data-quantity=\"1\" class=\"button product_type_simple\" data-product_id=\"1259\" data-product_sku=\"2013 CD_aaraa_01\" aria-label=\"Read more about &ldquo;Seju, veju, rallal\u0101!&rdquo;\" aria-describedby=\"\" rel=\"nofollow\">Skat\u012bt<\/a><\/li>\n<\/ul>\n<\/div>\n","protected":false},"excerpt":{"rendered":"","protected":false},"author":2,"featured_media":0,"parent":218,"menu_order":0,"comment_status":"closed","ping_status":"closed","template":"page-group.php","meta":{"jetpack_post_was_ever_published":false,"footnotes":""},"categories":[559,573],"tags":[],"jetpack_sharing_enabled":true,"_links":{"self":[{"href":"https:\/\/lauska.lv\/veikals\/wp-json\/wp\/v2\/pages\/941"}],"collection":[{"href":"https:\/\/lauska.lv\/veikals\/wp-json\/wp\/v2\/pages"}],"about":[{"href":"https:\/\/lauska.lv\/veikals\/wp-json\/wp\/v2\/types\/page"}],"author":[{"embeddable":true,"href":"https:\/\/lauska.lv\/veikals\/wp-json\/wp\/v2\/users\/2"}],"replies":[{"embeddable":true,"href":"https:\/\/lauska.lv\/veikals\/wp-json\/wp\/v2\/comments?post=941"}],"version-history":[{"count":3,"href":"https:\/\/lauska.lv\/veikals\/wp-json\/wp\/v2\/pages\/941\/revisions"}],"predecessor-version":[{"id":3210,"href":"https:\/\/lauska.lv\/veikals\/wp-json\/wp\/v2\/pages\/941\/revisions\/3210"}],"up":[{"embeddable":true,"href":"https:\/\/lauska.lv\/veikals\/wp-json\/wp\/v2\/pages\/218"}],"wp:attachment":[{"href":"https:\/\/lauska.lv\/veikals\/wp-json\/wp\/v2\/media?parent=941"}],"wp:term":[{"taxonomy":"category","embeddable":true,"href":"https:\/\/lauska.lv\/veikals\/wp-json\/wp\/v2\/categories?post=941"},{"taxonomy":"post_tag","embeddable":true,"href":"https:\/\/lauska.lv\/veikals\/wp-json\/wp\/v2\/tags?post=941"}],"curies":[{"name":"wp","href":"https:\/\/api.w.org\/{rel}","templated":true}]}}