{"id":902,"date":"2018-08-27T21:31:28","date_gmt":"2018-08-27T18:31:28","guid":{"rendered":"http:\/\/lauska.lv\/veikals\/makslinieki\/muktupavels-maris"},"modified":"2018-10-05T00:37:29","modified_gmt":"2018-10-04T21:37:29","slug":"muktupavels-maris","status":"publish","type":"page","link":"https:\/\/lauska.lv\/veikals\/makslinieki-2\/muktupavels-maris\/","title":{"rendered":"Muktup\u0101vels M\u0101ris"},"content":{"rendered":"\n<div class=\"wp-block-organic-profile-block\"><div class=\"organic-profile-content-title\"><nameartist>M\u0101ris Muktup\u0101vels<\/nameartist><hr\/><\/div><div class=\"organic-profile-content-flex\" style=\"text-align:left\"><div class=\"organic-profile-image\" style=\"background-image:url(http:\/\/lauska.lv\/veikalsbeta\/wp-content\/uploads\/sites\/6\/2018\/08\/Group_Maris_Muktupavels_Portrait_Jordi_NN_04.jpg)\"><img decoding=\"async\" src=\"http:\/\/lauska.lv\/veikalsbeta\/wp-content\/uploads\/sites\/6\/2018\/08\/Group_Maris_Muktupavels_Portrait_Jordi_NN_04.jpg\"\/><\/div><div class=\"organic-profile-content\" style=\"text-align:left\"><p>M\u0101ris Muktup\u0101vels ir latvie\u0161u m\u016bzi\u0137is, paz\u012bstam\u0101s postfolkloras grupas \u201cI\u013c\u0123i\u201d kokl\u0113t\u0101js un d\u016bdinieks. Grupas sast\u0101v\u0101 kop\u0161 1982. gada.<\/p><div class=\"organic-profile-social\"><a class=\"social-link\" href=\"https:\/\/www.youtube.com\/channel\/UC7JvkAY3Ez7YaNMNgTvs9_Q\" target=\"_blank\"><i class=\"fab fa-youtube\"><\/i><\/a><\/div><\/div><\/div><\/div>\n\n\n<div class=\"woocommerce columns-4 \"><ul class=\"products columns-4\">\n<li class=\"product type-product post-1057 status-publish first instock product_cat-admine-kristine product_cat-barbo-leanne product_cat-cantata product_cat-gulbis-artis product_cat-jansone-laima product_cat-jansons-ansis product_cat-katalogs product_cat-laiksne product_cat-literari-diski-un-gramatas product_cat-muktupavela-ruta product_cat-muktupavels-maris product_cat-muktupavels-valdis product_cat-post-folks product_cat-sablovskis-ainars product_cat-spruza-sanita product_cat-vetras-saites product_tag-44 has-post-thumbnail taxable shipping-taxable purchasable product-type-simple\">\n\t<a href=\"https:\/\/lauska.lv\/veikals\/Preces\/trejdevini-kokletaji\/\" class=\"woocommerce-LoopProduct-link woocommerce-loop-product__link\"><img fetchpriority=\"high\" decoding=\"async\" width=\"324\" height=\"324\" src=\"https:\/\/lauska.lv\/veikals\/wp-content\/uploads\/sites\/6\/2018\/08\/Trejdevini_kokletaji_cover-324x324.jpg\" class=\"attachment-woocommerce_thumbnail size-woocommerce_thumbnail\" alt=\"\" srcset=\"https:\/\/lauska.lv\/veikals\/wp-content\/uploads\/sites\/6\/2018\/08\/Trejdevini_kokletaji_cover-324x324.jpg 324w, https:\/\/lauska.lv\/veikals\/wp-content\/uploads\/sites\/6\/2018\/08\/Trejdevini_kokletaji_cover-100x100.jpg 100w, https:\/\/lauska.lv\/veikals\/wp-content\/uploads\/sites\/6\/2018\/08\/Trejdevini_kokletaji_cover-150x150.jpg 150w\" sizes=\"(max-width: 324px) 100vw, 324px\" \/><h2 class=\"woocommerce-loop-product__title\">Trejdevi\u0146i kokl\u0113t\u0101ji<\/h2>\n\t<span class=\"price\"><span class=\"woocommerce-Price-amount amount\"><bdi>12.00&nbsp;<span class=\"woocommerce-Price-currencySymbol\">&euro;<\/span><\/bdi><\/span> <small class=\"woocommerce-price-suffix\">iesk. PVN<\/small><\/span>\n<\/a><a href=\"?add-to-cart=1057\" data-quantity=\"1\" class=\"button product_type_simple add_to_cart_button ajax_add_to_cart\" data-product_id=\"1057\" data-product_sku=\"2016 CD063\" aria-label=\"Add to cart: &ldquo;Trejdevi\u0146i kokl\u0113t\u0101ji&rdquo;\" aria-describedby=\"\" rel=\"nofollow\">+<\/a><\/li>\n<\/ul>\n<\/div>\n","protected":false},"excerpt":{"rendered":"","protected":false},"author":2,"featured_media":0,"parent":218,"menu_order":0,"comment_status":"closed","ping_status":"closed","template":"page-group.php","meta":{"jetpack_post_was_ever_published":false,"footnotes":""},"categories":[559,572],"tags":[],"jetpack_sharing_enabled":true,"_links":{"self":[{"href":"https:\/\/lauska.lv\/veikals\/wp-json\/wp\/v2\/pages\/902"}],"collection":[{"href":"https:\/\/lauska.lv\/veikals\/wp-json\/wp\/v2\/pages"}],"about":[{"href":"https:\/\/lauska.lv\/veikals\/wp-json\/wp\/v2\/types\/page"}],"author":[{"embeddable":true,"href":"https:\/\/lauska.lv\/veikals\/wp-json\/wp\/v2\/users\/2"}],"replies":[{"embeddable":true,"href":"https:\/\/lauska.lv\/veikals\/wp-json\/wp\/v2\/comments?post=902"}],"version-history":[{"count":3,"href":"https:\/\/lauska.lv\/veikals\/wp-json\/wp\/v2\/pages\/902\/revisions"}],"predecessor-version":[{"id":3206,"href":"https:\/\/lauska.lv\/veikals\/wp-json\/wp\/v2\/pages\/902\/revisions\/3206"}],"up":[{"embeddable":true,"href":"https:\/\/lauska.lv\/veikals\/wp-json\/wp\/v2\/pages\/218"}],"wp:attachment":[{"href":"https:\/\/lauska.lv\/veikals\/wp-json\/wp\/v2\/media?parent=902"}],"wp:term":[{"taxonomy":"category","embeddable":true,"href":"https:\/\/lauska.lv\/veikals\/wp-json\/wp\/v2\/categories?post=902"},{"taxonomy":"post_tag","embeddable":true,"href":"https:\/\/lauska.lv\/veikals\/wp-json\/wp\/v2\/tags?post=902"}],"curies":[{"name":"wp","href":"https:\/\/api.w.org\/{rel}","templated":true}]}}