{"id":870,"date":"2018-08-27T21:02:55","date_gmt":"2018-08-27T18:02:55","guid":{"rendered":"http:\/\/lauska.lv\/veikals\/makslinieki\/miglas-asni"},"modified":"2018-10-05T00:32:18","modified_gmt":"2018-10-04T21:32:18","slug":"miglas-asni","status":"publish","type":"page","link":"https:\/\/lauska.lv\/veikals\/makslinieki-2\/miglas-asni\/","title":{"rendered":"Miglas asni"},"content":{"rendered":"\n<div class=\"wp-block-organic-profile-block\"><div class=\"organic-profile-content-title\"><nameartist>Miglas asni<\/nameartist><hr\/><\/div><div class=\"organic-profile-content-flex\" style=\"text-align:left\"><div class=\"organic-profile-image\" style=\"background-image:url(http:\/\/lauska.lv\/veikalsbeta\/wp-content\/uploads\/sites\/6\/2018\/08\/Group_Miglasasni.jpg)\"><img decoding=\"async\" src=\"http:\/\/lauska.lv\/veikalsbeta\/wp-content\/uploads\/sites\/6\/2018\/08\/Group_Miglasasni.jpg\"\/><\/div><div class=\"organic-profile-content\" style=\"text-align:left\"><p><strong>Agris Bombiza<\/strong>\u00a0\u0123it\u0101ra<br\/><strong>Ieva M\u016brniece<\/strong>\u00a0vijole, balss<br\/><strong>Liene Kri\u017eevica<\/strong>\u00a0balss<br\/><strong>Ieva Rijniece<\/strong>\u00a0\u010dells<br\/><strong>M\u0101rti\u0146\u0161 Arbid\u0101ns<\/strong>\u00a0bungas<br\/><strong>Guntis Pusaudzis<\/strong>\u00a0bas\u0123it\u0101ra<br\/><strong>Ieva Kri\u017eevica<\/strong>\u00a0balss<br\/><strong>Laura Ceizare<\/strong>\u00a0balss<br\/><strong>M\u0101rti\u0146\u0161 Kri\u017eevics<\/strong>\u00a0balss<br\/><strong>Zane Duka\u013cska<\/strong>\u00a0balss<br\/><strong>Gatis Polis<\/strong>\u00a0balss<br\/><br\/>Grupa izveidota 2011. gada s\u0101kum\u0101, un t\u0101s sast\u0101v\u0101 ir 7 jaunie\u0161i ar da\u017e\u0101du pieredzi gan tautas m\u016bzik\u0101, folklor\u0101, gan rokm\u016bzik\u0101, new-metal un indie . Ansamb\u013ca instrument\u0101lo b\u0101zi veido elektrisk\u0101 \u0123it\u0101ra, bas\u0123it\u0101ra, \u010dells, bungas un perkusijas, kas tiek papildin\u0101ts ar vair\u0101kiem vok\u0101liem.<br\/>Repertu\u0101ra atlas\u0113 priek\u0161roka tiek dota latvie\u0161u un lietuvie\u0161u tautas m\u016bzikai, tradicion\u0101l\u0101s melodijas un ritmu apvienojot ar m\u016bsdien\u012bg\u0101m harmonij\u0101m un stiliem.<br\/>Grupa, kas pa\u0161i par sevi saka: \u201eCauri nobru\u017e\u0101tai ikdien\u012bbai asno migla, m\u016bzikas ra\u0161an\u0101s br\u012bnums sl\u0113pjas taj\u0101 un 2011.gada janv\u0101r\u012b vien\u0101 dob\u0113 saasno Migla \u2013 Miglas Asni. Ar savu pasaules uztveres puls\u0113jumu un iek\u0161\u0113jo ritma saj\u016btu lai\u017eam caur sevi senatn\u012bgo \u2013 tautasdziesmu un m\u016bsdien\u012bgo \u2013 \u0161\u012b mirk\u013ca es\u012bbu.\u201d\u00a0<em>Miglas asniem<\/em>\u00a0rakstur\u012bga romantiska pieeja m\u016bzikai un dro\u0161i vien ar\u012b dz\u012bvei.<\/p><div class=\"organic-profile-social\"><a class=\"social-link\" href=\"https:\/\/twitter.com\/miglas_asni\" target=\"_blank\"><i class=\"fab fa-twitter\"><\/i><\/a><\/div><\/div><\/div><\/div>\n\n\n<div class=\"woocommerce columns-4 \"><ul class=\"products columns-4\">\n<li class=\"product type-product post-1303 status-publish first instock product_cat-brence-liene product_cat-der product_cat-enu-kaleidoskops product_cat-folkvakars product_cat-grasis-austris product_cat-hagenskalna-muzikanti product_cat-ilgi product_cat-ilza product_cat-jansone-laima product_cat-katalogs product_cat-krampis product_cat-laiksne product_cat-lans product_cat-miglas-asni product_cat-perkonviri product_cat-post-folks product_cat-rigas-dancu-klubs product_cat-rudzi product_cat-sprindza-aiga product_cat-sviests product_cat-tai-tai product_cat-teiksma product_cat-tervetes-trubaduri product_cat-trakula product_cat-vetras-saites product_cat-vilkaci product_cat-viteri product_cat-zanri product_tag-39 has-post-thumbnail taxable shipping-taxable purchasable product-type-simple\">\n\t<a href=\"https:\/\/lauska.lv\/veikals\/Preces\/sviests-iv\/\" class=\"woocommerce-LoopProduct-link woocommerce-loop-product__link\"><img fetchpriority=\"high\" decoding=\"async\" width=\"324\" height=\"324\" src=\"https:\/\/lauska.lv\/veikals\/wp-content\/uploads\/sites\/6\/2018\/08\/Cover_sviests_IV_01-324x324.jpg\" class=\"attachment-woocommerce_thumbnail size-woocommerce_thumbnail\" alt=\"\" srcset=\"https:\/\/lauska.lv\/veikals\/wp-content\/uploads\/sites\/6\/2018\/08\/Cover_sviests_IV_01-324x324.jpg 324w, https:\/\/lauska.lv\/veikals\/wp-content\/uploads\/sites\/6\/2018\/08\/Cover_sviests_IV_01-100x100.jpg 100w, https:\/\/lauska.lv\/veikals\/wp-content\/uploads\/sites\/6\/2018\/08\/Cover_sviests_IV_01-150x150.jpg 150w\" sizes=\"(max-width: 324px) 100vw, 324px\" \/><h2 class=\"woocommerce-loop-product__title\">SVIESTS IV<\/h2>\n\t<span class=\"price\"><span class=\"woocommerce-Price-amount amount\"><bdi>10.00&nbsp;<span class=\"woocommerce-Price-currencySymbol\">&euro;<\/span><\/bdi><\/span> <small class=\"woocommerce-price-suffix\">iesk. PVN<\/small><\/span>\n<\/a><a href=\"?add-to-cart=1303\" data-quantity=\"1\" class=\"button product_type_simple add_to_cart_button ajax_add_to_cart\" data-product_id=\"1303\" data-product_sku=\"2011 CD037\" aria-label=\"Add to cart: &ldquo;SVIESTS IV&rdquo;\" aria-describedby=\"\" rel=\"nofollow\">+<\/a><\/li>\n<\/ul>\n<\/div>\n","protected":false},"excerpt":{"rendered":"","protected":false},"author":2,"featured_media":0,"parent":218,"menu_order":0,"comment_status":"closed","ping_status":"closed","template":"page-group.php","meta":{"jetpack_post_was_ever_published":false,"footnotes":""},"categories":[559,572],"tags":[],"jetpack_sharing_enabled":true,"_links":{"self":[{"href":"https:\/\/lauska.lv\/veikals\/wp-json\/wp\/v2\/pages\/870"}],"collection":[{"href":"https:\/\/lauska.lv\/veikals\/wp-json\/wp\/v2\/pages"}],"about":[{"href":"https:\/\/lauska.lv\/veikals\/wp-json\/wp\/v2\/types\/page"}],"author":[{"embeddable":true,"href":"https:\/\/lauska.lv\/veikals\/wp-json\/wp\/v2\/users\/2"}],"replies":[{"embeddable":true,"href":"https:\/\/lauska.lv\/veikals\/wp-json\/wp\/v2\/comments?post=870"}],"version-history":[{"count":3,"href":"https:\/\/lauska.lv\/veikals\/wp-json\/wp\/v2\/pages\/870\/revisions"}],"predecessor-version":[{"id":3199,"href":"https:\/\/lauska.lv\/veikals\/wp-json\/wp\/v2\/pages\/870\/revisions\/3199"}],"up":[{"embeddable":true,"href":"https:\/\/lauska.lv\/veikals\/wp-json\/wp\/v2\/pages\/218"}],"wp:attachment":[{"href":"https:\/\/lauska.lv\/veikals\/wp-json\/wp\/v2\/media?parent=870"}],"wp:term":[{"taxonomy":"category","embeddable":true,"href":"https:\/\/lauska.lv\/veikals\/wp-json\/wp\/v2\/categories?post=870"},{"taxonomy":"post_tag","embeddable":true,"href":"https:\/\/lauska.lv\/veikals\/wp-json\/wp\/v2\/tags?post=870"}],"curies":[{"name":"wp","href":"https:\/\/api.w.org\/{rel}","templated":true}]}}