{"id":858,"date":"2018-08-27T20:59:38","date_gmt":"2018-08-27T17:59:38","guid":{"rendered":"http:\/\/lauska.lv\/veikals\/makslinieki\/mednis-alberts"},"modified":"2018-10-05T00:31:50","modified_gmt":"2018-10-04T21:31:50","slug":"mednis-alberts","status":"publish","type":"page","link":"https:\/\/lauska.lv\/veikals\/makslinieki-2\/mednis-alberts\/","title":{"rendered":"Mednis Alberts"},"content":{"rendered":"\n<div class=\"wp-block-organic-profile-block\"><div class=\"organic-profile-content-title\"><nameartist>Alberts Mednis<\/nameartist><hr\/><\/div><div class=\"organic-profile-content-flex\" style=\"text-align:left\"><div class=\"organic-profile-image\" style=\"background-image:url(http:\/\/lauska.lv\/veikalsbeta\/wp-content\/uploads\/sites\/6\/2018\/08\/Group_MednisAlberts.jpg)\"><img decoding=\"async\" src=\"http:\/\/lauska.lv\/veikalsbeta\/wp-content\/uploads\/sites\/6\/2018\/08\/Group_MednisAlberts.jpg\"\/><\/div><div class=\"organic-profile-content\" style=\"text-align:left\"><p>Alberts Mednis ir dzimis 1936.gad\u0101 Latgal\u0113 \u2013 Baltinavas pagasta Blauzgov\u0101 (tagad Balvu rajons), \u0123imen\u0113, kur\u0101 gan t\u0113vs, gan m\u0101te ir sp\u0113l\u0113ju\u0161i da\u017e\u0101dus tautas instrumentus, ar\u012b pats jau agri s\u0101cis sp\u0113l\u0113t pa\u0161m\u0101c\u012bbas ce\u013c\u0101 apg\u016bt\u0101s ermo\u0146ikas. Apprec\u0113jies 1958.gad\u0101, kop\u0101 ar sievu devies darba mekl\u0113jumos uz Kurzemi, bet nu jau 44. gadu Med\u0146i dz\u012bvo Jelgavas rajona L\u012bvb\u0113rzes pagast\u0101. Alberts izveidoja pats savu kapelu, kur\u0101 bez ermo\u0146ik\u0101m bija ar\u012b c\u012btara, vijole un bungas. Reizumis Alberts ar\u012b kuplina L\u012bvb\u0113rzes folkloras kopas uzst\u0101\u0161an\u0101s, t\u0101 vi\u0146\u0161 ar\u012b \u0161ovasar piedal\u012bj\u0101s Dziesmu un deju sv\u0113tku Folkloras dien\u0101 Br\u012bvdabas muzej\u0101, k\u0101 ar\u012b dev\u0101s uz folkloras festiv\u0101lu Baltica 2008 Lietuv\u0101.<\/p><div class=\"organic-profile-social\"><\/div><\/div><\/div><\/div>\n\n\n<div class=\"woocommerce columns-4 \"><ul class=\"products columns-4\">\n<li class=\"product type-product post-1398 status-publish first outofstock product_cat-folklora product_cat-mednis-alberts product_cat-zanri product_tag-36 has-post-thumbnail taxable shipping-taxable purchasable product-type-simple\">\n\t<a href=\"https:\/\/lauska.lv\/veikals\/Preces\/tautas-muzikants-alberts-mednis-trisrindu-ermonikas\/\" class=\"woocommerce-LoopProduct-link woocommerce-loop-product__link\"><img fetchpriority=\"high\" decoding=\"async\" width=\"324\" height=\"324\" src=\"https:\/\/lauska.lv\/veikals\/wp-content\/uploads\/sites\/6\/2018\/08\/Cover_trisrindu_ermonikas_01-324x324.jpg\" class=\"attachment-woocommerce_thumbnail size-woocommerce_thumbnail\" alt=\"\" srcset=\"https:\/\/lauska.lv\/veikals\/wp-content\/uploads\/sites\/6\/2018\/08\/Cover_trisrindu_ermonikas_01-324x324.jpg 324w, https:\/\/lauska.lv\/veikals\/wp-content\/uploads\/sites\/6\/2018\/08\/Cover_trisrindu_ermonikas_01-100x100.jpg 100w, https:\/\/lauska.lv\/veikals\/wp-content\/uploads\/sites\/6\/2018\/08\/Cover_trisrindu_ermonikas_01-150x150.jpg 150w\" sizes=\"(max-width: 324px) 100vw, 324px\" \/><h2 class=\"woocommerce-loop-product__title\">Tautas muzikants Alberts Mednis \u2013 Tr\u012bsrindu ermo\u0146ikas<\/h2>\n\t<span class=\"price\"><span class=\"woocommerce-Price-amount amount\"><bdi>10.00&nbsp;<span class=\"woocommerce-Price-currencySymbol\">&euro;<\/span><\/bdi><\/span> <small class=\"woocommerce-price-suffix\">iesk. PVN<\/small><\/span>\n<\/a><a href=\"https:\/\/lauska.lv\/veikals\/Preces\/tautas-muzikants-alberts-mednis-trisrindu-ermonikas\/\" data-quantity=\"1\" class=\"button product_type_simple\" data-product_id=\"1398\" data-product_sku=\"2008 CD023\" aria-label=\"Read more about &ldquo;Tautas muzikants Alberts Mednis \u2013 Tr\u012bsrindu ermo\u0146ikas&rdquo;\" aria-describedby=\"\" rel=\"nofollow\">Skat\u012bt<\/a><\/li>\n<\/ul>\n<\/div>\n\n\n\n<h2 class=\"wp-block-heading\">Video<\/h2>\n\n\n\n<hr class=\"wp-block-separator\"\/>\n\n\n\n<figure class=\"wp-block-embed-youtube wp-block-embed is-type-video is-provider-youtube wp-has-aspect-ratio wp-embed-aspect-16-9\"><div class=\"wp-block-embed__wrapper\">\n<span class=\"embed-youtube\" style=\"text-align:center; display: block;\"><iframe class=\"youtube-player\" width=\"980\" height=\"552\" src=\"https:\/\/www.youtube.com\/embed\/mz_XI5WVCXM?version=3&#038;rel=1&#038;showsearch=0&#038;showinfo=1&#038;iv_load_policy=1&#038;fs=1&#038;hl=lv-LV&#038;autohide=2&#038;wmode=transparent\" allowfullscreen=\"true\" style=\"border:0;\" sandbox=\"allow-scripts allow-same-origin allow-popups allow-presentation allow-popups-to-escape-sandbox\"><\/iframe><\/span>\n<\/div><\/figure>\n","protected":false},"excerpt":{"rendered":"<p>Video<\/p>\n","protected":false},"author":2,"featured_media":0,"parent":218,"menu_order":0,"comment_status":"closed","ping_status":"closed","template":"page-group.php","meta":{"jetpack_post_was_ever_published":false,"footnotes":""},"categories":[559,572],"tags":[],"jetpack_sharing_enabled":true,"_links":{"self":[{"href":"https:\/\/lauska.lv\/veikals\/wp-json\/wp\/v2\/pages\/858"}],"collection":[{"href":"https:\/\/lauska.lv\/veikals\/wp-json\/wp\/v2\/pages"}],"about":[{"href":"https:\/\/lauska.lv\/veikals\/wp-json\/wp\/v2\/types\/page"}],"author":[{"embeddable":true,"href":"https:\/\/lauska.lv\/veikals\/wp-json\/wp\/v2\/users\/2"}],"replies":[{"embeddable":true,"href":"https:\/\/lauska.lv\/veikals\/wp-json\/wp\/v2\/comments?post=858"}],"version-history":[{"count":3,"href":"https:\/\/lauska.lv\/veikals\/wp-json\/wp\/v2\/pages\/858\/revisions"}],"predecessor-version":[{"id":3197,"href":"https:\/\/lauska.lv\/veikals\/wp-json\/wp\/v2\/pages\/858\/revisions\/3197"}],"up":[{"embeddable":true,"href":"https:\/\/lauska.lv\/veikals\/wp-json\/wp\/v2\/pages\/218"}],"wp:attachment":[{"href":"https:\/\/lauska.lv\/veikals\/wp-json\/wp\/v2\/media?parent=858"}],"wp:term":[{"taxonomy":"category","embeddable":true,"href":"https:\/\/lauska.lv\/veikals\/wp-json\/wp\/v2\/categories?post=858"},{"taxonomy":"post_tag","embeddable":true,"href":"https:\/\/lauska.lv\/veikals\/wp-json\/wp\/v2\/tags?post=858"}],"curies":[{"name":"wp","href":"https:\/\/api.w.org\/{rel}","templated":true}]}}