{"id":815,"date":"2018-08-27T19:57:22","date_gmt":"2018-08-27T16:57:22","guid":{"rendered":"http:\/\/lauska.lv\/veikals\/makslinieki\/lokal-heroes"},"modified":"2018-10-05T00:16:32","modified_gmt":"2018-10-04T21:16:32","slug":"lokal-heroes","status":"publish","type":"page","link":"https:\/\/lauska.lv\/veikals\/makslinieki-2\/lokal-heroes\/","title":{"rendered":"Lokal Heroes"},"content":{"rendered":"\n<div class=\"wp-block-organic-profile-block\"><div class=\"organic-profile-content-title\"><nameartist>Lokal Heroes<\/nameartist><hr\/><\/div><div class=\"organic-profile-content-flex\" style=\"text-align:left\"><div class=\"organic-profile-image\" style=\"background-image:url(http:\/\/lauska.lv\/veikalsbeta\/wp-content\/uploads\/sites\/6\/2018\/08\/Group_LokalHeroes.jpg)\"><img decoding=\"async\" src=\"http:\/\/lauska.lv\/veikalsbeta\/wp-content\/uploads\/sites\/6\/2018\/08\/Group_LokalHeroes.jpg\"\/><\/div><div class=\"organic-profile-content\" style=\"text-align:left\"><p><strong>Christoph Spix<\/strong>\u00a0balss, akordeons<br\/><strong>Liene S\u0113j\u0101ne<\/strong>\u00a0flautas<br\/><strong>Kristaps Grasis<\/strong>\u00a0\u0123it\u0101ras, mandol\u012bna, band\u017eo<br\/><strong>Ralf Wolfgarten<\/strong>\u00a0<em>High &amp; Low Whistles<\/em><br\/><strong>Wendel Biskup<\/strong>\u00a0bass<br\/><strong>Mike Haarmann<\/strong>\u00a0ritma instrumenti<br\/><br\/>Starptautiska folk funk grupa Kristapa Gra\u0161a vad\u012bb\u0101. Darbojas V\u0101cij\u0101 kop\u0161 1993. gada.<br\/>Sp\u0113l\u0113 \u0137eltu, baltie\u0161u, skandin\u0101vu, indie\u0161u u. c. tautu m\u016bzikas apdares.<br\/>Public\u0113ti vair\u0101ki albumi.<br\/><\/p><div class=\"organic-profile-social\"><a class=\"social-link\" href=\"http:\/\/www.lokalheroes.com\/\" target=\"_blank\"><i class=\"fas fa-play\"><\/i><\/a><\/div><\/div><\/div><\/div>\n\n\n<div class=\"woocommerce columns-4 \"><ul class=\"products columns-4\">\n<li class=\"product type-product post-1291 status-publish first instock product_cat-abra product_cat-auli product_cat-balki product_cat-baobabs product_cat-ceiruleits product_cat-etnomuzikologi product_cat-folkvakars product_cat-gosti product_cat-katalogs product_cat-kgb product_cat-kokle product_cat-laiksne product_cat-laimas-muzykanti product_cat-lini product_cat-lokal-heroes product_cat-misters product_cat-perlis product_cat-skyforger product_cat-sviests product_cat-trakula product_cat-vecpilsetas-dziedataji product_cat-vilkaci product_cat-zala-zale product_cat-zigridas-kalpi product_tag-37 has-post-thumbnail taxable shipping-taxable purchasable product-type-simple\">\n\t<a href=\"https:\/\/lauska.lv\/veikals\/Preces\/sviests-3\/\" class=\"woocommerce-LoopProduct-link woocommerce-loop-product__link\"><img fetchpriority=\"high\" decoding=\"async\" width=\"324\" height=\"324\" src=\"https:\/\/lauska.lv\/veikals\/wp-content\/uploads\/sites\/6\/2018\/08\/Cover_sviests_3_01-324x324.jpg\" class=\"attachment-woocommerce_thumbnail size-woocommerce_thumbnail\" alt=\"\" srcset=\"https:\/\/lauska.lv\/veikals\/wp-content\/uploads\/sites\/6\/2018\/08\/Cover_sviests_3_01-324x324.jpg 324w, https:\/\/lauska.lv\/veikals\/wp-content\/uploads\/sites\/6\/2018\/08\/Cover_sviests_3_01-100x100.jpg 100w, https:\/\/lauska.lv\/veikals\/wp-content\/uploads\/sites\/6\/2018\/08\/Cover_sviests_3_01-150x150.jpg 150w\" sizes=\"(max-width: 324px) 100vw, 324px\" \/><h2 class=\"woocommerce-loop-product__title\">SVIESTS 3<\/h2>\n\t<span class=\"price\"><span class=\"woocommerce-Price-amount amount\"><bdi>10.00&nbsp;<span class=\"woocommerce-Price-currencySymbol\">&euro;<\/span><\/bdi><\/span> <small class=\"woocommerce-price-suffix\">iesk. PVN<\/small><\/span>\n<\/a><a href=\"?add-to-cart=1291\" data-quantity=\"1\" class=\"button product_type_simple add_to_cart_button ajax_add_to_cart\" data-product_id=\"1291\" data-product_sku=\"2012 CD031\" aria-label=\"Add to cart: &ldquo;SVIESTS 3&rdquo;\" aria-describedby=\"\" rel=\"nofollow\">+<\/a><\/li>\n<\/ul>\n<\/div>\n\n\n\n<h2 class=\"wp-block-heading\">Video<\/h2>\n\n\n\n<hr class=\"wp-block-separator\"\/>\n\n\n\n<figure class=\"wp-block-embed-youtube wp-block-embed is-type-video is-provider-youtube wp-has-aspect-ratio wp-embed-aspect-16-9\"><div class=\"wp-block-embed__wrapper\">\n<span class=\"embed-youtube\" style=\"text-align:center; display: block;\"><iframe class=\"youtube-player\" width=\"980\" height=\"552\" src=\"https:\/\/www.youtube.com\/embed\/EUbqz8IEz6Q?version=3&#038;rel=1&#038;showsearch=0&#038;showinfo=1&#038;iv_load_policy=1&#038;fs=1&#038;hl=lv-LV&#038;autohide=2&#038;wmode=transparent&#038;listType=playlist&#038;list=PLlzUjSgLpT4wWPsyNvsN_EhgJlLFI2vKG\" allowfullscreen=\"true\" style=\"border:0;\" sandbox=\"allow-scripts allow-same-origin allow-popups allow-presentation allow-popups-to-escape-sandbox\"><\/iframe><\/span>\n<\/div><\/figure>\n","protected":false},"excerpt":{"rendered":"<p>Video<\/p>\n","protected":false},"author":2,"featured_media":0,"parent":218,"menu_order":0,"comment_status":"closed","ping_status":"closed","template":"page-group.php","meta":{"jetpack_post_was_ever_published":false,"footnotes":""},"categories":[559,571],"tags":[],"jetpack_sharing_enabled":true,"_links":{"self":[{"href":"https:\/\/lauska.lv\/veikals\/wp-json\/wp\/v2\/pages\/815"}],"collection":[{"href":"https:\/\/lauska.lv\/veikals\/wp-json\/wp\/v2\/pages"}],"about":[{"href":"https:\/\/lauska.lv\/veikals\/wp-json\/wp\/v2\/types\/page"}],"author":[{"embeddable":true,"href":"https:\/\/lauska.lv\/veikals\/wp-json\/wp\/v2\/users\/2"}],"replies":[{"embeddable":true,"href":"https:\/\/lauska.lv\/veikals\/wp-json\/wp\/v2\/comments?post=815"}],"version-history":[{"count":3,"href":"https:\/\/lauska.lv\/veikals\/wp-json\/wp\/v2\/pages\/815\/revisions"}],"predecessor-version":[{"id":3156,"href":"https:\/\/lauska.lv\/veikals\/wp-json\/wp\/v2\/pages\/815\/revisions\/3156"}],"up":[{"embeddable":true,"href":"https:\/\/lauska.lv\/veikals\/wp-json\/wp\/v2\/pages\/218"}],"wp:attachment":[{"href":"https:\/\/lauska.lv\/veikals\/wp-json\/wp\/v2\/media?parent=815"}],"wp:term":[{"taxonomy":"category","embeddable":true,"href":"https:\/\/lauska.lv\/veikals\/wp-json\/wp\/v2\/categories?post=815"},{"taxonomy":"post_tag","embeddable":true,"href":"https:\/\/lauska.lv\/veikals\/wp-json\/wp\/v2\/tags?post=815"}],"curies":[{"name":"wp","href":"https:\/\/api.w.org\/{rel}","templated":true}]}}