{"id":8,"date":"2018-08-23T11:35:20","date_gmt":"2018-08-23T08:35:20","guid":{"rendered":"http:\/\/lauska.lv\/veikal\/jusu-pasutijums"},"modified":"2018-08-23T17:44:57","modified_gmt":"2018-08-23T14:44:57","slug":"jusu-pasutijums","status":"publish","type":"page","link":"https:\/\/lauska.lv\/veikals\/jusu-pasutijums\/","title":{"rendered":"J\u016bsu pas\u016bt\u012bjums"},"content":{"rendered":"\n","protected":false},"excerpt":{"rendered":"","protected":false},"author":1,"featured_media":0,"parent":0,"menu_order":0,"comment_status":"closed","ping_status":"closed","template":"","meta":{"jetpack_post_was_ever_published":false,"footnotes":""},"categories":[],"tags":[],"jetpack_sharing_enabled":true,"_links":{"self":[{"href":"https:\/\/lauska.lv\/veikals\/wp-json\/wp\/v2\/pages\/8"}],"collection":[{"href":"https:\/\/lauska.lv\/veikals\/wp-json\/wp\/v2\/pages"}],"about":[{"href":"https:\/\/lauska.lv\/veikals\/wp-json\/wp\/v2\/types\/page"}],"author":[{"embeddable":true,"href":"https:\/\/lauska.lv\/veikals\/wp-json\/wp\/v2\/users\/1"}],"replies":[{"embeddable":true,"href":"https:\/\/lauska.lv\/veikals\/wp-json\/wp\/v2\/comments?post=8"}],"version-history":[{"count":1,"href":"https:\/\/lauska.lv\/veikals\/wp-json\/wp\/v2\/pages\/8\/revisions"}],"predecessor-version":[{"id":178,"href":"https:\/\/lauska.lv\/veikals\/wp-json\/wp\/v2\/pages\/8\/revisions\/178"}],"wp:attachment":[{"href":"https:\/\/lauska.lv\/veikals\/wp-json\/wp\/v2\/media?parent=8"}],"wp:term":[{"taxonomy":"category","embeddable":true,"href":"https:\/\/lauska.lv\/veikals\/wp-json\/wp\/v2\/categories?post=8"},{"taxonomy":"post_tag","embeddable":true,"href":"https:\/\/lauska.lv\/veikals\/wp-json\/wp\/v2\/tags?post=8"}],"curies":[{"name":"wp","href":"https:\/\/api.w.org\/{rel}","templated":true}]}}