{"id":799,"date":"2018-08-27T19:31:34","date_gmt":"2018-08-27T16:31:34","guid":{"rendered":"http:\/\/lauska.lv\/veikals\/makslinieki\/liepa-dina"},"modified":"2018-10-04T23:57:20","modified_gmt":"2018-10-04T20:57:20","slug":"liepa-dina","status":"publish","type":"page","link":"https:\/\/lauska.lv\/veikals\/makslinieki-2\/liepa-dina\/","title":{"rendered":"Liepa Dina"},"content":{"rendered":"\n<div class=\"wp-block-organic-profile-block\"><div class=\"organic-profile-content-title\"><nameartist>Dina Liepa<\/nameartist><hr\/><\/div><div class=\"organic-profile-content-flex\" style=\"text-align:left\"><div class=\"organic-profile-image\" style=\"background-image:url(http:\/\/lauska.lv\/veikalsbeta\/wp-content\/uploads\/sites\/6\/2018\/08\/Group_Dina_Liepa_Portrait_Jordi_NN_03.jpg)\"><img decoding=\"async\" src=\"http:\/\/lauska.lv\/veikalsbeta\/wp-content\/uploads\/sites\/6\/2018\/08\/Group_Dina_Liepa_Portrait_Jordi_NN_03.jpg\"\/><\/div><div class=\"organic-profile-content\" style=\"text-align:left\"><p>Folkloras kopas \u201cKokle\u201d vad\u012bt\u0101ja, ilggad\u012bga folkloras kopas \u201cLaiksne\u201d dal\u012bbniece, sp\u0113l\u0113 kokli ar\u012b grup\u0101 \u201cSymbolic\u201d.<\/p><div class=\"organic-profile-social\"><\/div><\/div><\/div><\/div>\n\n\n<div class=\"woocommerce columns-4 \"><\/div>\n","protected":false},"excerpt":{"rendered":"","protected":false},"author":2,"featured_media":0,"parent":218,"menu_order":0,"comment_status":"closed","ping_status":"closed","template":"page-group.php","meta":{"jetpack_post_was_ever_published":false,"footnotes":""},"categories":[559,571],"tags":[],"jetpack_sharing_enabled":true,"_links":{"self":[{"href":"https:\/\/lauska.lv\/veikals\/wp-json\/wp\/v2\/pages\/799"}],"collection":[{"href":"https:\/\/lauska.lv\/veikals\/wp-json\/wp\/v2\/pages"}],"about":[{"href":"https:\/\/lauska.lv\/veikals\/wp-json\/wp\/v2\/types\/page"}],"author":[{"embeddable":true,"href":"https:\/\/lauska.lv\/veikals\/wp-json\/wp\/v2\/users\/2"}],"replies":[{"embeddable":true,"href":"https:\/\/lauska.lv\/veikals\/wp-json\/wp\/v2\/comments?post=799"}],"version-history":[{"count":3,"href":"https:\/\/lauska.lv\/veikals\/wp-json\/wp\/v2\/pages\/799\/revisions"}],"predecessor-version":[{"id":3142,"href":"https:\/\/lauska.lv\/veikals\/wp-json\/wp\/v2\/pages\/799\/revisions\/3142"}],"up":[{"embeddable":true,"href":"https:\/\/lauska.lv\/veikals\/wp-json\/wp\/v2\/pages\/218"}],"wp:attachment":[{"href":"https:\/\/lauska.lv\/veikals\/wp-json\/wp\/v2\/media?parent=799"}],"wp:term":[{"taxonomy":"category","embeddable":true,"href":"https:\/\/lauska.lv\/veikals\/wp-json\/wp\/v2\/categories?post=799"},{"taxonomy":"post_tag","embeddable":true,"href":"https:\/\/lauska.lv\/veikals\/wp-json\/wp\/v2\/tags?post=799"}],"curies":[{"name":"wp","href":"https:\/\/api.w.org\/{rel}","templated":true}]}}