{"id":794,"date":"2018-08-27T19:27:59","date_gmt":"2018-08-27T16:27:59","guid":{"rendered":"http:\/\/lauska.lv\/veikals\/makslinieki\/lidojosais-paklajs"},"modified":"2018-10-04T23:54:59","modified_gmt":"2018-10-04T20:54:59","slug":"lidojosais-paklajs","status":"publish","type":"page","link":"https:\/\/lauska.lv\/veikals\/makslinieki-2\/lidojosais-paklajs\/","title":{"rendered":"Lidojo\u0161ais pakl\u0101js"},"content":{"rendered":"\n<div class=\"wp-block-organic-profile-block\"><div class=\"organic-profile-content-title\"><nameartist>Lidojo\u0161ais pakl\u0101js<\/nameartist><hr\/><\/div><div class=\"organic-profile-content-flex\" style=\"text-align:left\"><div class=\"organic-profile-image\" style=\"background-image:url(http:\/\/lauska.lv\/veikalsbeta\/wp-content\/uploads\/sites\/6\/2018\/08\/Group_LidojosaisPaklajs.jpg)\"><img decoding=\"async\" src=\"http:\/\/lauska.lv\/veikalsbeta\/wp-content\/uploads\/sites\/6\/2018\/08\/Group_LidojosaisPaklajs.jpg\"\/><\/div><div class=\"organic-profile-content\" style=\"text-align:left\"><p><strong>Ieva Akuratere<\/strong>\u00a0balss, \u0123it\u0101ra<br\/><strong>Zane \u0160mite<\/strong>\u00a0balss<br\/><strong>Ilze Grunte<\/strong>\u00a012-st\u012bgu \u0123it\u0101ra, akustiskais bass<br\/><strong>Mat\u012bss Akuraters<\/strong>\u00a0tablas, perkusijas, bungas<br\/><br\/>Grup\u0101 \u201eLidojo\u0161ais pakl\u0101js\u201d ir apvienoju\u0161ies pieredz\u0113ju\u0161i m\u016bzi\u0137i, kuri ir darboju\u0161ies visda\u017e\u0101d\u0101kajos m\u016bzikas \u017eanros. Ievas Akurateres akad\u0113misk\u0101s, roka, popa un akustisk\u0101s muzic\u0113\u0161ana un talants apvienojas ar Zanes \u0160mites dzi\u013co izpratni etnom\u016bzikas jom\u0101. Dziesmas aran\u017e\u0113jusi un pavada izcil\u0101 \u0123it\u0101riste Ilze Grunte, bet \u012bpa\u0161u, latvie\u0161u grup\u0101m nerakstur\u012bgu noska\u0146u rada Mat\u012bsa Akuratera sp\u0113l\u0113t\u0101s indie\u0161u tablas un braz\u012b\u013cu perkusijas.<br\/><\/p><div class=\"organic-profile-social\"><a class=\"social-link\" href=\"https:\/\/www.facebook.com\/Lidojo%C5%A1ais-Pakl%C4%81js-92470292925\/\" target=\"_blank\"><i class=\"fab fa-facebook-f\"><\/i><\/a><a class=\"social-link\" href=\"https:\/\/www.draugiem.lv\/lidojosaispaklajs\/\" target=\"_blank\"><i class=\"fas fa-link\"><\/i><\/a><\/div><\/div><\/div><\/div>\n\n\n<div class=\"woocommerce columns-4 \"><ul class=\"products columns-4\">\n<li class=\"product type-product post-1450 status-publish first instock product_cat-katalogs product_cat-lidojosais-paklajs product_cat-post-folks product_cat-zanri product_tag-36 has-post-thumbnail taxable shipping-taxable purchasable product-type-simple\">\n\t<a href=\"https:\/\/lauska.lv\/veikals\/Preces\/lidojosais-paklajs\/\" class=\"woocommerce-LoopProduct-link woocommerce-loop-product__link\"><img fetchpriority=\"high\" decoding=\"async\" width=\"324\" height=\"324\" src=\"https:\/\/lauska.lv\/veikals\/wp-content\/uploads\/sites\/6\/2018\/08\/Cover_lidojosais-paklajs_lidojosais-paklajs_01-324x324.jpg\" class=\"attachment-woocommerce_thumbnail size-woocommerce_thumbnail\" alt=\"\" srcset=\"https:\/\/lauska.lv\/veikals\/wp-content\/uploads\/sites\/6\/2018\/08\/Cover_lidojosais-paklajs_lidojosais-paklajs_01-324x324.jpg 324w, https:\/\/lauska.lv\/veikals\/wp-content\/uploads\/sites\/6\/2018\/08\/Cover_lidojosais-paklajs_lidojosais-paklajs_01-100x100.jpg 100w, https:\/\/lauska.lv\/veikals\/wp-content\/uploads\/sites\/6\/2018\/08\/Cover_lidojosais-paklajs_lidojosais-paklajs_01-150x150.jpg 150w\" sizes=\"(max-width: 324px) 100vw, 324px\" \/><h2 class=\"woocommerce-loop-product__title\">Lidojo\u0161ais pakl\u0101js<\/h2>\n\t<span class=\"price\"><span class=\"woocommerce-Price-amount amount\"><bdi>10.00&nbsp;<span class=\"woocommerce-Price-currencySymbol\">&euro;<\/span><\/bdi><\/span> <small class=\"woocommerce-price-suffix\">iesk. PVN<\/small><\/span>\n<\/a><a href=\"?add-to-cart=1450\" data-quantity=\"1\" class=\"button product_type_simple add_to_cart_button ajax_add_to_cart\" data-product_id=\"1450\" data-product_sku=\"2008 CD025\" aria-label=\"Add to cart: &ldquo;Lidojo\u0161ais pakl\u0101js&rdquo;\" aria-describedby=\"\" rel=\"nofollow\">+<\/a><\/li>\n<li class=\"product type-product post-1543 status-publish outofstock product_cat-auli product_cat-auri product_cat-ceiruleits product_cat-delve product_cat-dudinieks product_cat-kala-jeng product_cat-karkle-kristine product_cat-katalogs product_cat-kokle product_cat-laiksne product_cat-lans product_cat-lidojosais-paklajs product_cat-patina product_cat-post-folks product_cat-risa-zvejnieki product_cat-skandinieki product_cat-skyforger product_cat-sviests product_cat-trejasmens product_cat-vilkaci product_cat-visi-veji product_cat-zanri product_tag-33 has-post-thumbnail taxable shipping-taxable purchasable product-type-simple\">\n\t<a href=\"https:\/\/lauska.lv\/veikals\/Preces\/sviests\/\" class=\"woocommerce-LoopProduct-link woocommerce-loop-product__link\"><img decoding=\"async\" width=\"324\" height=\"324\" src=\"https:\/\/lauska.lv\/veikals\/wp-content\/uploads\/sites\/6\/2005\/08\/sviests_1-324x324.png\" class=\"attachment-woocommerce_thumbnail size-woocommerce_thumbnail\" alt=\"\" srcset=\"https:\/\/lauska.lv\/veikals\/wp-content\/uploads\/sites\/6\/2005\/08\/sviests_1-324x324.png 324w, https:\/\/lauska.lv\/veikals\/wp-content\/uploads\/sites\/6\/2005\/08\/sviests_1-150x150.png 150w, https:\/\/lauska.lv\/veikals\/wp-content\/uploads\/sites\/6\/2005\/08\/sviests_1-100x100.png 100w\" sizes=\"(max-width: 324px) 100vw, 324px\" \/><h2 class=\"woocommerce-loop-product__title\">SVIESTS<\/h2>\n\t<span class=\"price\"><span class=\"woocommerce-Price-amount amount\"><bdi>10.00&nbsp;<span class=\"woocommerce-Price-currencySymbol\">&euro;<\/span><\/bdi><\/span> <small class=\"woocommerce-price-suffix\">iesk. PVN<\/small><\/span>\n<\/a><a href=\"https:\/\/lauska.lv\/veikals\/Preces\/sviests\/\" data-quantity=\"1\" class=\"button product_type_simple\" data-product_id=\"1543\" data-product_sku=\"2005 CD005\" aria-label=\"Read more about &ldquo;SVIESTS&rdquo;\" aria-describedby=\"\" rel=\"nofollow\">Skat\u012bt<\/a><\/li>\n<\/ul>\n<\/div>\n\n\n\n<h2 class=\"wp-block-heading\">Video<\/h2>\n\n\n\n<hr class=\"wp-block-separator\"\/>\n\n\n\n<figure class=\"wp-block-embed-youtube wp-block-embed is-type-video is-provider-youtube wp-has-aspect-ratio wp-embed-aspect-16-9\"><div class=\"wp-block-embed__wrapper\">\n<span class=\"embed-youtube\" style=\"text-align:center; display: block;\"><iframe class=\"youtube-player\" width=\"980\" height=\"552\" src=\"https:\/\/www.youtube.com\/embed\/OZkgEtGuqYg?version=3&#038;rel=1&#038;showsearch=0&#038;showinfo=1&#038;iv_load_policy=1&#038;fs=1&#038;hl=lv-LV&#038;autohide=2&#038;wmode=transparent\" allowfullscreen=\"true\" style=\"border:0;\" sandbox=\"allow-scripts allow-same-origin allow-popups allow-presentation allow-popups-to-escape-sandbox\"><\/iframe><\/span>\n<\/div><\/figure>\n","protected":false},"excerpt":{"rendered":"<p>Video<\/p>\n","protected":false},"author":2,"featured_media":0,"parent":218,"menu_order":0,"comment_status":"closed","ping_status":"closed","template":"page-group.php","meta":{"jetpack_post_was_ever_published":false,"footnotes":""},"categories":[559,571],"tags":[],"jetpack_sharing_enabled":true,"_links":{"self":[{"href":"https:\/\/lauska.lv\/veikals\/wp-json\/wp\/v2\/pages\/794"}],"collection":[{"href":"https:\/\/lauska.lv\/veikals\/wp-json\/wp\/v2\/pages"}],"about":[{"href":"https:\/\/lauska.lv\/veikals\/wp-json\/wp\/v2\/types\/page"}],"author":[{"embeddable":true,"href":"https:\/\/lauska.lv\/veikals\/wp-json\/wp\/v2\/users\/2"}],"replies":[{"embeddable":true,"href":"https:\/\/lauska.lv\/veikals\/wp-json\/wp\/v2\/comments?post=794"}],"version-history":[{"count":3,"href":"https:\/\/lauska.lv\/veikals\/wp-json\/wp\/v2\/pages\/794\/revisions"}],"predecessor-version":[{"id":3140,"href":"https:\/\/lauska.lv\/veikals\/wp-json\/wp\/v2\/pages\/794\/revisions\/3140"}],"up":[{"embeddable":true,"href":"https:\/\/lauska.lv\/veikals\/wp-json\/wp\/v2\/pages\/218"}],"wp:attachment":[{"href":"https:\/\/lauska.lv\/veikals\/wp-json\/wp\/v2\/media?parent=794"}],"wp:term":[{"taxonomy":"category","embeddable":true,"href":"https:\/\/lauska.lv\/veikals\/wp-json\/wp\/v2\/categories?post=794"},{"taxonomy":"post_tag","embeddable":true,"href":"https:\/\/lauska.lv\/veikals\/wp-json\/wp\/v2\/tags?post=794"}],"curies":[{"name":"wp","href":"https:\/\/api.w.org\/{rel}","templated":true}]}}