{"id":744,"date":"2018-08-27T18:20:53","date_gmt":"2018-08-27T15:20:53","guid":{"rendered":"http:\/\/lauska.lv\/veikals\/makslinieki\/karkle-kristine"},"modified":"2018-10-04T23:43:10","modified_gmt":"2018-10-04T20:43:10","slug":"karkle-kristine","status":"publish","type":"page","link":"https:\/\/lauska.lv\/veikals\/makslinieki-2\/karkle-kristine\/","title":{"rendered":"K\u0101rkle Krist\u012bne"},"content":{"rendered":"\n<div class=\"wp-block-organic-profile-block\"><div class=\"organic-profile-content-title\"><nameartist>Krist\u012bne K\u0101rkle<\/nameartist><hr\/><\/div><div class=\"organic-profile-content-flex\" style=\"text-align:left\"><div class=\"organic-profile-image\" style=\"background-image:url(http:\/\/lauska.lv\/veikalsbeta\/wp-content\/uploads\/sites\/6\/2018\/08\/Group_KarkleKristine.jpg)\"><img decoding=\"async\" src=\"http:\/\/lauska.lv\/veikalsbeta\/wp-content\/uploads\/sites\/6\/2018\/08\/Group_KarkleKristine.jpg\"\/><\/div><div class=\"organic-profile-content\" style=\"text-align:left\"><p>Dzimusi un augusi Latgal\u0113, L\u012bv\u0101nos. Ilgus gadus dzied un sp\u0113l\u0113 folkloras kop\u0101 \u201cCeiruleits\u201d, etnoroka grup\u0101 \u201cLaimas karklemuzykanti\u201d. Pa\u0161laik dz\u012bvo R\u012bg\u0101 un beigusi JVLMA Etnomuzikolo\u0123ijas noda\u013cu.<br\/>Akt\u012bvi darbojas pedago\u0123ijas jom\u0101 ne tikai Latvij\u0101, str\u0101d\u0101jot par folkloras un tradicion\u0101l\u0101s vijo\u013csp\u0113les skolot\u0101ju, bet ir vad\u012bjusi tradicion\u0101l\u0101s m\u016bzikas nodarb\u012bbas ar\u012b ASV, Kan\u0101d\u0101 un Austr\u0101lij\u0101. K\u0101 vijolniece un dzied\u0101t\u0101ja piedal\u012bjusies da\u017e\u0101d\u0101s te\u0101tra izr\u0101d\u0113s, tostarp izr\u0101d\u0113 \u201cDrakula. D\u0113moni\u201d Latvijas Nacion\u0101laj\u0101 te\u0101tr\u012b (re\u017e. Regn\u0101rs Vaivars), k\u0101 muzik\u0101l\u0101s da\u013cas vad\u012bt\u0101ja. Akt\u012bvi koncert\u0113 da\u017e\u0101dos festiv\u0101los Latvij\u0101 un pasaul\u0113. Sadarbojoties ar komponistu Valtu P\u016bci ierakst\u012bts albums \u201c\u0160aizem\u0113\/Taizem\u0113\u201d, un muzik\u0101lais projekts CD \u201cEs ar\u012b\u201d kop\u0101 ar pasaul\u0113 zin\u0101mo etnod\u017eeza trio \u201cThe Shin\u201d (Gruzija). \u0160obr\u012bd dzied un sp\u0113l\u0113 grup\u0101\u00a0<a href=\"https:\/\/lauska.lv\/veikals\/makslinieki-2\/raxtu-raxti\/\">Raxtu Raxti<\/a> un\u00a0<a href=\"https:\/\/lauska.lv\/veikals\/makslinieki-2\/brali-un-masas\/\">Br\u0101\u013ci un m\u0101sas<\/a>.<\/p><div class=\"organic-profile-social\"><\/div><\/div><\/div><\/div>\n\n\n<div class=\"woocommerce columns-4 \"><ul class=\"products columns-4\">\n<li class=\"product type-product post-1543 status-publish first outofstock product_cat-auli product_cat-auri product_cat-ceiruleits product_cat-delve product_cat-dudinieks product_cat-kala-jeng product_cat-karkle-kristine product_cat-katalogs product_cat-kokle product_cat-laiksne product_cat-lans product_cat-lidojosais-paklajs product_cat-patina product_cat-post-folks product_cat-risa-zvejnieki product_cat-skandinieki product_cat-skyforger product_cat-sviests product_cat-trejasmens product_cat-vilkaci product_cat-visi-veji product_cat-zanri product_tag-33 has-post-thumbnail taxable shipping-taxable purchasable product-type-simple\">\n\t<a href=\"https:\/\/lauska.lv\/veikals\/Preces\/sviests\/\" class=\"woocommerce-LoopProduct-link woocommerce-loop-product__link\"><img fetchpriority=\"high\" decoding=\"async\" width=\"324\" height=\"324\" src=\"https:\/\/lauska.lv\/veikals\/wp-content\/uploads\/sites\/6\/2005\/08\/sviests_1-324x324.png\" class=\"attachment-woocommerce_thumbnail size-woocommerce_thumbnail\" alt=\"\" srcset=\"https:\/\/lauska.lv\/veikals\/wp-content\/uploads\/sites\/6\/2005\/08\/sviests_1-324x324.png 324w, https:\/\/lauska.lv\/veikals\/wp-content\/uploads\/sites\/6\/2005\/08\/sviests_1-150x150.png 150w, https:\/\/lauska.lv\/veikals\/wp-content\/uploads\/sites\/6\/2005\/08\/sviests_1-100x100.png 100w\" sizes=\"(max-width: 324px) 100vw, 324px\" \/><h2 class=\"woocommerce-loop-product__title\">SVIESTS<\/h2>\n\t<span class=\"price\"><span class=\"woocommerce-Price-amount amount\"><bdi>10.00&nbsp;<span class=\"woocommerce-Price-currencySymbol\">&euro;<\/span><\/bdi><\/span> <small class=\"woocommerce-price-suffix\">iesk. PVN<\/small><\/span>\n<\/a><a href=\"https:\/\/lauska.lv\/veikals\/Preces\/sviests\/\" data-quantity=\"1\" class=\"button product_type_simple\" data-product_id=\"1543\" data-product_sku=\"2005 CD005\" aria-label=\"Read more about &ldquo;SVIESTS&rdquo;\" aria-describedby=\"\" rel=\"nofollow\">Skat\u012bt<\/a><\/li>\n<\/ul>\n<\/div>\n\n\n\n<h2 class=\"wp-block-heading\">Video<\/h2>\n\n\n\n<hr class=\"wp-block-separator\"\/>\n\n\n\n<figure class=\"wp-block-embed-youtube wp-block-embed is-type-video is-provider-youtube wp-has-aspect-ratio wp-embed-aspect-16-9\"><div class=\"wp-block-embed__wrapper\">\n<span class=\"embed-youtube\" style=\"text-align:center; display: block;\"><iframe class=\"youtube-player\" width=\"980\" height=\"552\" src=\"https:\/\/www.youtube.com\/embed\/tAJZ2wDNtzo?version=3&#038;rel=1&#038;showsearch=0&#038;showinfo=1&#038;iv_load_policy=1&#038;fs=1&#038;hl=lv-LV&#038;autohide=2&#038;wmode=transparent\" allowfullscreen=\"true\" style=\"border:0;\" sandbox=\"allow-scripts allow-same-origin allow-popups allow-presentation allow-popups-to-escape-sandbox\"><\/iframe><\/span>\n<\/div><\/figure>\n","protected":false},"excerpt":{"rendered":"<p>Video<\/p>\n","protected":false},"author":2,"featured_media":0,"parent":218,"menu_order":0,"comment_status":"closed","ping_status":"closed","template":"page-group.php","meta":{"jetpack_post_was_ever_published":false,"footnotes":""},"categories":[559,570],"tags":[],"jetpack_sharing_enabled":true,"_links":{"self":[{"href":"https:\/\/lauska.lv\/veikals\/wp-json\/wp\/v2\/pages\/744"}],"collection":[{"href":"https:\/\/lauska.lv\/veikals\/wp-json\/wp\/v2\/pages"}],"about":[{"href":"https:\/\/lauska.lv\/veikals\/wp-json\/wp\/v2\/types\/page"}],"author":[{"embeddable":true,"href":"https:\/\/lauska.lv\/veikals\/wp-json\/wp\/v2\/users\/2"}],"replies":[{"embeddable":true,"href":"https:\/\/lauska.lv\/veikals\/wp-json\/wp\/v2\/comments?post=744"}],"version-history":[{"count":4,"href":"https:\/\/lauska.lv\/veikals\/wp-json\/wp\/v2\/pages\/744\/revisions"}],"predecessor-version":[{"id":3130,"href":"https:\/\/lauska.lv\/veikals\/wp-json\/wp\/v2\/pages\/744\/revisions\/3130"}],"up":[{"embeddable":true,"href":"https:\/\/lauska.lv\/veikals\/wp-json\/wp\/v2\/pages\/218"}],"wp:attachment":[{"href":"https:\/\/lauska.lv\/veikals\/wp-json\/wp\/v2\/media?parent=744"}],"wp:term":[{"taxonomy":"category","embeddable":true,"href":"https:\/\/lauska.lv\/veikals\/wp-json\/wp\/v2\/categories?post=744"},{"taxonomy":"post_tag","embeddable":true,"href":"https:\/\/lauska.lv\/veikals\/wp-json\/wp\/v2\/tags?post=744"}],"curies":[{"name":"wp","href":"https:\/\/api.w.org\/{rel}","templated":true}]}}