{"id":729,"date":"2018-08-27T18:03:13","date_gmt":"2018-08-27T15:03:13","guid":{"rendered":"http:\/\/lauska.lv\/veikals\/makslinieki\/jauno-janu-orkestris"},"modified":"2018-10-04T23:38:41","modified_gmt":"2018-10-04T20:38:41","slug":"jauno-janu-orkestris","status":"publish","type":"page","link":"https:\/\/lauska.lv\/veikals\/makslinieki-2\/jauno-janu-orkestris\/","title":{"rendered":"Jauno J\u0101\u0146u or\u0137estris"},"content":{"rendered":"\n<div class=\"wp-block-organic-profile-block\"><div class=\"organic-profile-content-title\"><nameartist>Jauno J\u0101\u0146u or\u0137estris<\/nameartist><hr\/><\/div><div class=\"organic-profile-content-flex\" style=\"text-align:left\"><div class=\"organic-profile-image\" style=\"background-image:url(http:\/\/lauska.lv\/veikalsbeta\/wp-content\/uploads\/sites\/6\/2018\/08\/Group_JJO.jpg)\"><img decoding=\"async\" src=\"http:\/\/lauska.lv\/veikalsbeta\/wp-content\/uploads\/sites\/6\/2018\/08\/Group_JJO.jpg\"\/><\/div><div class=\"organic-profile-content\" style=\"text-align:left\"><p><strong>Juris Kaukulis<\/strong>\u00a0balss, mandol\u012bna<br\/><strong>Artis Orubs<\/strong>\u00a0perkusijas<br\/><strong>Ieva Strode<\/strong>\u00a0balss<br\/><strong>Andris Alvi\u0137is\u00a0<\/strong>balss, \u0123\u012bga<br\/><strong>Kaspars Tobis<\/strong>\u00a0sintezators<br\/><br\/>Etnoroka grupa Jauno J\u0101\u0146u Or\u0137estris, dibin\u0101ta 2012. gad\u0101, ir septi\u0146u m\u016bzi\u0137u apvien\u012bba, kas rada vit\u0101las ener\u0123ijas pilnu m\u016bsdienu tautas m\u016bziku, izmantojot gan m\u016bsdien\u012bgus, gan etnogr\u0101fiskus instrumentus, kompoz\u012bciju pamat\u0101 liekot latvju dainu tekstus.<\/p><div class=\"organic-profile-social\"><a class=\"social-link\" href=\"https:\/\/www.jjo.lv\/\" target=\"_blank\"><i class=\"fas fa-play\"><\/i><\/a><a class=\"social-link\" href=\"https:\/\/www.facebook.com\/jjo.lv\/\" target=\"_blank\"><i class=\"fab fa-facebook-f\"><\/i><\/a><a class=\"social-link\" href=\"https:\/\/twitter.com\/jaunojanuorkest\" target=\"_blank\"><i class=\"fab fa-twitter\"><\/i><\/a><a class=\"social-link\" href=\"https:\/\/www.jjo.lv\/\" target=\"_blank\"><i class=\"fab fa-instagram\"><\/i><\/a><a class=\"social-link\" href=\"https:\/\/www.draugiem.lv\/jaunojanuorkestris\/\" target=\"_blank\"><i class=\"fas fa-link\"><\/i><\/a><a class=\"social-link\" href=\"https:\/\/www.youtube.com\/channel\/UCM42z8fyFxIVDoxfiRtzKOQ\" target=\"_blank\"><i class=\"fab fa-youtube\"><\/i><\/a><a class=\"social-link\" href=\"https:\/\/soundcloud.com\/jaunojanuorkestris\" target=\"_blank\"><i class=\"fab fa-soundcloud\"><\/i><\/a><a class=\"social-link\" href=\"https:\/\/jaunojanuorkestris.bandcamp.com\/\" target=\"_blank\"><i class=\"fab fa-bandcamp\"><\/i><\/a><a class=\"social-link\" href=\"https:\/\/open.spotify.com\/album\/6beU0VxxxGXuTMvAPq42ls\" target=\"_blank\"><i class=\"fab fa-spotify\"><\/i><\/a><\/div><\/div><\/div><\/div>\n\n\n<div class=\"woocommerce columns-4 \"><ul class=\"products columns-4\">\n<li class=\"product type-product post-3316 status-publish first instock product_cat-auli product_cat-austrumkalns product_cat-daba-san product_cat-dj-monsta product_cat-ilgi product_cat-ilza product_cat-imantadimanta-un-draugi product_cat-jansone-laima product_cat-jauno-janu-orkestris product_cat-katalogs product_cat-lans product_cat-lata-donga product_cat-lausa product_cat-muktupavels-valdis product_cat-post-folks product_cat-rahu-the-fool product_cat-rava product_cat-raxtu-raxti product_cat-saucejas product_cat-tarkski product_cat-tautumeitas product_cat-trejasmens product_cat-zanri product_cat-zari product_tag-47 has-post-thumbnail taxable shipping-taxable purchasable product-type-simple\">\n\t<a href=\"https:\/\/lauska.lv\/veikals\/Preces\/folk-great-tunes-from-latvia\/\" class=\"woocommerce-LoopProduct-link woocommerce-loop-product__link\"><img fetchpriority=\"high\" decoding=\"async\" width=\"324\" height=\"324\" src=\"https:\/\/lauska.lv\/veikals\/wp-content\/uploads\/sites\/6\/2018\/10\/CD_FolkGreatTunesLatvia-1-324x324.jpg\" class=\"attachment-woocommerce_thumbnail size-woocommerce_thumbnail\" alt=\"\" srcset=\"https:\/\/lauska.lv\/veikals\/wp-content\/uploads\/sites\/6\/2018\/10\/CD_FolkGreatTunesLatvia-1-324x324.jpg 324w, https:\/\/lauska.lv\/veikals\/wp-content\/uploads\/sites\/6\/2018\/10\/CD_FolkGreatTunesLatvia-1-100x100.jpg 100w, https:\/\/lauska.lv\/veikals\/wp-content\/uploads\/sites\/6\/2018\/10\/CD_FolkGreatTunesLatvia-1-150x150.jpg 150w, https:\/\/lauska.lv\/veikals\/wp-content\/uploads\/sites\/6\/2018\/10\/CD_FolkGreatTunesLatvia-1-600x600.jpg 600w\" sizes=\"(max-width: 324px) 100vw, 324px\" \/><h2 class=\"woocommerce-loop-product__title\">Folk &#038; great Tunes from Latvia<\/h2>\n\t<span class=\"price\"><span class=\"woocommerce-Price-amount amount\"><bdi>12.00&nbsp;<span class=\"woocommerce-Price-currencySymbol\">&euro;<\/span><\/bdi><\/span> <small class=\"woocommerce-price-suffix\">iesk. PVN<\/small><\/span>\n<\/a><a href=\"?add-to-cart=3316\" data-quantity=\"1\" class=\"button product_type_simple add_to_cart_button ajax_add_to_cart\" data-product_id=\"3316\" data-product_sku=\"CPL026\" aria-label=\"Add to cart: &ldquo;Folk &amp; great Tunes from Latvia&rdquo;\" aria-describedby=\"\" rel=\"nofollow\">+<\/a><\/li>\n<li class=\"product type-product post-975 status-publish instock product_cat-artemisia-absinthium product_cat-bezgalibiesi product_cat-brali-un-masas product_cat-ceidari product_cat-dj-monsta product_cat-elza-rozentale-un-bur-mani product_cat-gaudeamus-viru-koris product_cat-jansone-laima product_cat-jansons-oskars product_cat-jauno-janu-orkestris product_cat-katalogs product_cat-kazaks-karlis product_cat-lipors-edgars product_cat-misters product_cat-muktupavela-ruta product_cat-muktupavels-valdis product_cat-post-folks product_cat-rava product_cat-skandi product_cat-sviests product_cat-tautumeitas product_cat-teikas-muzikanti product_cat-trejasmens product_cat-varna product_cat-zanri product_tag-46 has-post-thumbnail taxable shipping-taxable purchasable product-type-simple\">\n\t<a href=\"https:\/\/lauska.lv\/veikals\/Preces\/sviests-7\/\" class=\"woocommerce-LoopProduct-link woocommerce-loop-product__link\"><img decoding=\"async\" width=\"324\" height=\"324\" src=\"https:\/\/lauska.lv\/veikals\/wp-content\/uploads\/sites\/6\/2018\/08\/sviests7-front-small-324x324.jpg\" class=\"attachment-woocommerce_thumbnail size-woocommerce_thumbnail\" alt=\"\" srcset=\"https:\/\/lauska.lv\/veikals\/wp-content\/uploads\/sites\/6\/2018\/08\/sviests7-front-small-324x324.jpg 324w, https:\/\/lauska.lv\/veikals\/wp-content\/uploads\/sites\/6\/2018\/08\/sviests7-front-small-100x100.jpg 100w, https:\/\/lauska.lv\/veikals\/wp-content\/uploads\/sites\/6\/2018\/08\/sviests7-front-small-150x150.jpg 150w\" sizes=\"(max-width: 324px) 100vw, 324px\" \/><h2 class=\"woocommerce-loop-product__title\">SVIESTS 7<\/h2>\n\t<span class=\"price\"><span class=\"woocommerce-Price-amount amount\"><bdi>10.00&nbsp;<span class=\"woocommerce-Price-currencySymbol\">&euro;<\/span><\/bdi><\/span> <small class=\"woocommerce-price-suffix\">iesk. PVN<\/small><\/span>\n<\/a><a href=\"?add-to-cart=975\" data-quantity=\"1\" class=\"button product_type_simple add_to_cart_button ajax_add_to_cart\" data-product_id=\"975\" data-product_sku=\"2017 CD071\" aria-label=\"Add to cart: &ldquo;SVIESTS 7&rdquo;\" aria-describedby=\"\" rel=\"nofollow\">+<\/a><\/li>\n<li class=\"product type-product post-1158 status-publish instock product_cat-amorala-psihoze product_cat-auli product_cat-austrumkalns product_cat-balle-pie-ratna-zirdzina product_cat-black-diamonds product_cat-cesu-medibu-kolektiva-cepurisu-orkestris product_cat-dardi product_cat-dj-monsta product_cat-gaudeamus-viru-koris product_cat-jauno-janu-orkestris product_cat-katalogs product_cat-masas-dimantas product_cat-milleru-balandinu-gimene product_cat-post-folks product_cat-prievisu-andris product_cat-rasata product_cat-raxtu-raxti product_cat-riksi product_cat-sviests product_cat-symbolic product_cat-trio-smite-karkle-cinkuss product_cat-zala-zale product_cat-zanri product_cat-zari product_cat-zarins-jekabs product_tag-43 has-post-thumbnail taxable shipping-taxable purchasable product-type-simple\">\n\t<a href=\"https:\/\/lauska.lv\/veikals\/Preces\/sviests-6\/\" class=\"woocommerce-LoopProduct-link woocommerce-loop-product__link\"><img decoding=\"async\" width=\"324\" height=\"324\" src=\"https:\/\/lauska.lv\/veikals\/wp-content\/uploads\/sites\/6\/2018\/08\/Cover_Sviests_6_01-324x324.jpg\" class=\"attachment-woocommerce_thumbnail size-woocommerce_thumbnail\" alt=\"\" srcset=\"https:\/\/lauska.lv\/veikals\/wp-content\/uploads\/sites\/6\/2018\/08\/Cover_Sviests_6_01-324x324.jpg 324w, https:\/\/lauska.lv\/veikals\/wp-content\/uploads\/sites\/6\/2018\/08\/Cover_Sviests_6_01-100x100.jpg 100w, https:\/\/lauska.lv\/veikals\/wp-content\/uploads\/sites\/6\/2018\/08\/Cover_Sviests_6_01-150x150.jpg 150w\" sizes=\"(max-width: 324px) 100vw, 324px\" \/><h2 class=\"woocommerce-loop-product__title\">SVIESTS 6<\/h2>\n\t<span class=\"price\"><span class=\"woocommerce-Price-amount amount\"><bdi>10.00&nbsp;<span class=\"woocommerce-Price-currencySymbol\">&euro;<\/span><\/bdi><\/span> <small class=\"woocommerce-price-suffix\">iesk. PVN<\/small><\/span>\n<\/a><a href=\"?add-to-cart=1158\" data-quantity=\"1\" class=\"button product_type_simple add_to_cart_button ajax_add_to_cart\" data-product_id=\"1158\" data-product_sku=\"2015 CD057\" aria-label=\"Add to cart: &ldquo;SVIESTS 6&rdquo;\" aria-describedby=\"\" rel=\"nofollow\">+<\/a><\/li>\n<\/ul>\n<\/div>\n\n\n\n<h2 class=\"wp-block-heading\">Video<\/h2>\n\n\n\n<hr class=\"wp-block-separator\"\/>\n\n\n\n<figure class=\"wp-block-embed-youtube wp-block-embed is-type-video is-provider-youtube wp-has-aspect-ratio wp-embed-aspect-16-9\"><div class=\"wp-block-embed__wrapper\">\n<span class=\"embed-youtube\" style=\"text-align:center; display: block;\"><iframe class=\"youtube-player\" width=\"980\" height=\"552\" src=\"https:\/\/www.youtube.com\/embed\/ZueeA_8E7J0?version=3&#038;rel=1&#038;showsearch=0&#038;showinfo=1&#038;iv_load_policy=1&#038;fs=1&#038;hl=lv-LV&#038;autohide=2&#038;wmode=transparent\" allowfullscreen=\"true\" style=\"border:0;\" sandbox=\"allow-scripts allow-same-origin allow-popups allow-presentation allow-popups-to-escape-sandbox\"><\/iframe><\/span>\n<\/div><\/figure>\n","protected":false},"excerpt":{"rendered":"<p>Video<\/p>\n","protected":false},"author":2,"featured_media":0,"parent":218,"menu_order":0,"comment_status":"closed","ping_status":"closed","template":"page-group.php","meta":{"jetpack_post_was_ever_published":false,"footnotes":""},"categories":[559,569],"tags":[],"jetpack_sharing_enabled":true,"_links":{"self":[{"href":"https:\/\/lauska.lv\/veikals\/wp-json\/wp\/v2\/pages\/729"}],"collection":[{"href":"https:\/\/lauska.lv\/veikals\/wp-json\/wp\/v2\/pages"}],"about":[{"href":"https:\/\/lauska.lv\/veikals\/wp-json\/wp\/v2\/types\/page"}],"author":[{"embeddable":true,"href":"https:\/\/lauska.lv\/veikals\/wp-json\/wp\/v2\/users\/2"}],"replies":[{"embeddable":true,"href":"https:\/\/lauska.lv\/veikals\/wp-json\/wp\/v2\/comments?post=729"}],"version-history":[{"count":3,"href":"https:\/\/lauska.lv\/veikals\/wp-json\/wp\/v2\/pages\/729\/revisions"}],"predecessor-version":[{"id":3126,"href":"https:\/\/lauska.lv\/veikals\/wp-json\/wp\/v2\/pages\/729\/revisions\/3126"}],"up":[{"embeddable":true,"href":"https:\/\/lauska.lv\/veikals\/wp-json\/wp\/v2\/pages\/218"}],"wp:attachment":[{"href":"https:\/\/lauska.lv\/veikals\/wp-json\/wp\/v2\/media?parent=729"}],"wp:term":[{"taxonomy":"category","embeddable":true,"href":"https:\/\/lauska.lv\/veikals\/wp-json\/wp\/v2\/categories?post=729"},{"taxonomy":"post_tag","embeddable":true,"href":"https:\/\/lauska.lv\/veikals\/wp-json\/wp\/v2\/tags?post=729"}],"curies":[{"name":"wp","href":"https:\/\/api.w.org\/{rel}","templated":true}]}}