{"id":709,"date":"2018-08-27T17:40:19","date_gmt":"2018-08-27T14:40:19","guid":{"rendered":"http:\/\/lauska.lv\/veikals\/makslinieki\/imanta-dimanta-un-draugi"},"modified":"2018-09-26T19:19:57","modified_gmt":"2018-09-26T16:19:57","slug":"imanta-dimanta-un-draugi","status":"publish","type":"page","link":"https:\/\/lauska.lv\/veikals\/makslinieki-2\/imanta-dimanta-un-draugi\/","title":{"rendered":"Imanta Dimanta un draugi"},"content":{"rendered":"\n<div class=\"wp-block-organic-profile-block\"><div class=\"organic-profile-content-title\"><nameartist>ImantaDimanta un draugi<\/nameartist><hr\/><\/div><div class=\"organic-profile-content-flex\" style=\"text-align:left\"><div class=\"organic-profile-image\" style=\"background-image:url(http:\/\/lauska.lv\/veikalsbeta\/wp-content\/uploads\/sites\/6\/2018\/08\/Group_ImantaDimanta.jpg)\"><img decoding=\"async\" src=\"http:\/\/lauska.lv\/veikalsbeta\/wp-content\/uploads\/sites\/6\/2018\/08\/Group_ImantaDimanta.jpg\"\/><\/div><div class=\"organic-profile-content\" style=\"text-align:left\"><p><strong>Katr\u012bna Dimanta\u00a0<\/strong>\u2013 balss, vijole, \u010dells<br\/><strong>Imanta N\u012bgale\u00a0<\/strong>\u2013 balss, mandol\u012bna<br\/><strong>Kri\u0161j\u0101nis Sils\u00a0<\/strong>\u2013\u00a0\u0123it\u0101ra<br\/><strong>Ingus Pur\u0113ns<\/strong>\u00a0\u2013\u00a0perkusijas<br\/><strong>Kristaps Strods\u00a0<\/strong>\u2013 kontrabass<br\/>Grup\u0101 Imanta Dimanta un draugi darbojas 5 jaunie\u0161i. Tr\u012bs no mums uzauga \u0101rzemju latvie\u0161u \u0123imen\u0113s da\u017e\u0101d\u0101s pasaules mal\u0101s \u2013 Austr\u0101lij\u0101, Amerik\u0101, V\u0101cij\u0101 un divi piedzima un uzauga Latvij\u0101. Katrs esam g\u0101ju\u0161i da\u017e\u0101dus muzik\u0101los ce\u013cus un nu esam satiku\u0161ies, lai veidotu kop\u012bgu m\u016bziku.<br\/>Katr\u012bna sp\u0113l\u0113 vijoli, \u010dellu tambur\u012bnu un dzied, Imanta sp\u0113l\u0113 mandol\u012bnu un dzied, Kri\u0161j\u0101nis sp\u0113l\u0113 \u0123it\u0101ru, Kristaps sp\u0113l\u0113 basu, Ingus sp\u0113l\u0113 kahonu, tambur\u012bnu un dzied, reiz\u0113m mums pievienojas Kaspars, kas sp\u0113l\u0113 perkusijas.<br\/>Visi kop\u0101 priec\u0101jamies sp\u0113l\u0113t un baudam ikkatru sasp\u0113les reizi.<br\/>Kop\u0101 nopietni s\u0101k\u0101m sp\u0113l\u0113t 2014.gada nogal\u0113. Kop\u0161 t\u0101 laika esam sadzied\u0101ju\u0161\u0101s un kop\u0101 ar\u012b ar pui\u0161iem sasp\u0113l\u0113ju\u0161\u0101s. Sp\u0113l\u0113ju\u0161as koncertus esam gan Latvij\u0101, gan Amerik\u0101.<br\/>Mums pat\u012bk tas, ko m\u0113s daram un g\u016bstam lielu prieku par to, ka ar savu m\u016bziku varam dal\u012bties ar citiem!<br\/>Latvie\u0161u tautasdziesm\u0101m veidojam skaistas apdares, t\u0101m iedodot jaunu elpu. 2015.gada vasar\u0101, kam\u0113r bij\u0101m Amerik\u0101, s\u0101ka tapt ar\u012b m\u016bsu pa\u0161u pirm\u0101s rad\u012bt\u0101s dziesmas, gan ar savu tekstu, gan parokoties dainu skap\u012b uzietaj\u0101m tautasdziesm\u0101m, ko veiksm\u012bgi sakombin\u0113jot radu\u0161ies jauni garadarbi.<br\/>M\u0113s v\u0113lamies klaus\u012bt\u0101jiem sniegt prieku un lai pie m\u016bsu m\u016bzikas cilv\u0113ki labi pavad\u012btu laiku un atp\u016bstos.<\/p><div class=\"organic-profile-social\"><a class=\"social-link\" href=\"https:\/\/www.facebook.com\/imantadimanta\" target=\"_blank\"><i class=\"fab fa-facebook-f\"><\/i><\/a><a class=\"social-link\" href=\"https:\/\/www.instagram.com\/imantadimanta\/?hl=en\" target=\"_blank\"><i class=\"fab fa-instagram\"><\/i><\/a><a class=\"social-link\" href=\"https:\/\/www.youtube.com\/channel\/UCfjz-xlEzobQsZ1qlIf7euA\" target=\"_blank\"><i class=\"fab fa-youtube\"><\/i><\/a><a class=\"social-link\" href=\"https:\/\/imantadimanta.bandcamp.com\/releases\" target=\"_blank\"><i class=\"fab fa-bandcamp\"><\/i><\/a><\/div><\/div><\/div><\/div>\n\n\n\n<h2 class=\"wp-block-heading\">Video<\/h2>\n\n\n\n<hr class=\"wp-block-separator\"\/>\n\n\n\n<figure class=\"wp-block-embed-youtube wp-block-embed is-type-video is-provider-youtube\">\n<span class=\"embed-youtube\" style=\"text-align:center; display: block;\"><iframe class=\"youtube-player\" width=\"980\" height=\"552\" src=\"https:\/\/www.youtube.com\/embed\/ZH9m6dldCw4?version=3&#038;rel=1&#038;showsearch=0&#038;showinfo=1&#038;iv_load_policy=1&#038;fs=1&#038;hl=lv-LV&#038;autohide=2&#038;wmode=transparent\" allowfullscreen=\"true\" style=\"border:0;\" sandbox=\"allow-scripts allow-same-origin allow-popups allow-presentation allow-popups-to-escape-sandbox\"><\/iframe><\/span>\n<\/figure>\n","protected":false},"excerpt":{"rendered":"<p>Video<\/p>\n","protected":false},"author":2,"featured_media":0,"parent":218,"menu_order":0,"comment_status":"closed","ping_status":"closed","template":"page-group.php","meta":{"jetpack_post_was_ever_published":false,"footnotes":""},"categories":[568,559],"tags":[],"jetpack_sharing_enabled":true,"_links":{"self":[{"href":"https:\/\/lauska.lv\/veikals\/wp-json\/wp\/v2\/pages\/709"}],"collection":[{"href":"https:\/\/lauska.lv\/veikals\/wp-json\/wp\/v2\/pages"}],"about":[{"href":"https:\/\/lauska.lv\/veikals\/wp-json\/wp\/v2\/types\/page"}],"author":[{"embeddable":true,"href":"https:\/\/lauska.lv\/veikals\/wp-json\/wp\/v2\/users\/2"}],"replies":[{"embeddable":true,"href":"https:\/\/lauska.lv\/veikals\/wp-json\/wp\/v2\/comments?post=709"}],"version-history":[{"count":1,"href":"https:\/\/lauska.lv\/veikals\/wp-json\/wp\/v2\/pages\/709\/revisions"}],"predecessor-version":[{"id":713,"href":"https:\/\/lauska.lv\/veikals\/wp-json\/wp\/v2\/pages\/709\/revisions\/713"}],"up":[{"embeddable":true,"href":"https:\/\/lauska.lv\/veikals\/wp-json\/wp\/v2\/pages\/218"}],"wp:attachment":[{"href":"https:\/\/lauska.lv\/veikals\/wp-json\/wp\/v2\/media?parent=709"}],"wp:term":[{"taxonomy":"category","embeddable":true,"href":"https:\/\/lauska.lv\/veikals\/wp-json\/wp\/v2\/categories?post=709"},{"taxonomy":"post_tag","embeddable":true,"href":"https:\/\/lauska.lv\/veikals\/wp-json\/wp\/v2\/tags?post=709"}],"curies":[{"name":"wp","href":"https:\/\/api.w.org\/{rel}","templated":true}]}}