{"id":703,"date":"2018-08-27T17:34:20","date_gmt":"2018-08-27T14:34:20","guid":{"rendered":"http:\/\/lauska.lv\/veikals\/makslinieki\/ivaska-astride"},"modified":"2018-10-04T23:15:59","modified_gmt":"2018-10-04T20:15:59","slug":"ivaska-astride","status":"publish","type":"page","link":"https:\/\/lauska.lv\/veikals\/makslinieki-2\/ivaska-astride\/","title":{"rendered":"Ivaska Astr\u012bde"},"content":{"rendered":"\n<div class=\"wp-block-organic-profile-block\"><div class=\"organic-profile-content-title\"><nameartist>Astr\u012bde Ivaska<\/nameartist><hr\/><\/div><div class=\"organic-profile-content-flex\" style=\"text-align:left\"><div class=\"organic-profile-image\" style=\"background-image:url(http:\/\/lauska.lv\/veikalsbeta\/wp-content\/uploads\/sites\/6\/2018\/08\/Group_Ivaska_studija.jpg)\"><img decoding=\"async\" src=\"http:\/\/lauska.lv\/veikalsbeta\/wp-content\/uploads\/sites\/6\/2018\/08\/Group_Ivaska_studija.jpg\"\/><\/div><div class=\"organic-profile-content\" style=\"text-align:left\"><p>Dzejniece (1926-2015) dzimusi R\u012bg\u0101, b\u0113rn\u012bbu un jaun\u012bbas laiku pavad\u012bjusi R\u012bg\u0101, Lesten\u0113, J\u016brmal\u0101, Astr\u012bde jau agri sastapusies ar skaisto un tra\u0123isko \u2013 dabas un literat\u016bras kl\u0101tb\u016btne ir \u0161\u012b skaist\u0101 puse. Tra\u0123isk\u0101 ir \u2013 t\u0113va apcietin\u0101\u0161ana 1940. gad\u0101 un gadu desmitiem ilgusi nezi\u0146a par vi\u0146a likteni. Nenov\u0113r\u0161ami \u2013 vairoties no p\u0101r\u0113jo \u0123imenes locek\u013cu iesp\u0113jamas izs\u016bt\u012b\u0161anas \u2013 \u0123imene atst\u0101j Latviju 1944. gad\u0101, kad padomju armija jau ir Latvij\u0101. S\u0101kas ce\u013cojums laik\u0101 un telp\u0101 \u2013 ar dz\u012bves viet\u0101m V\u0101cij\u0101, Amerik\u0101, \u012arij\u0101, l\u012bdz beidzot 2001. gad\u0101 atkal, un jau uz palik\u0161anu, Latvij\u0101, R\u012bg\u0101. Ik pa laikam \u2013 neuzst\u0101j\u012bgi, ar klusu smeldzi, tas saklaus\u0101ms dzej\u0101.<\/p><div class=\"organic-profile-social\"><\/div><\/div><\/div><\/div>\n\n\n<div class=\"woocommerce columns-4 \"><ul class=\"products columns-4\">\n<li class=\"product type-product post-1375 status-publish first instock product_cat-ivaska-astride product_cat-katalogs product_cat-literari-diski-un-gramatas product_cat-zanri product_tag-37 has-post-thumbnail taxable shipping-taxable purchasable product-type-simple\">\n\t<a href=\"https:\/\/lauska.lv\/veikals\/Preces\/cels\/\" class=\"woocommerce-LoopProduct-link woocommerce-loop-product__link\"><img fetchpriority=\"high\" decoding=\"async\" width=\"324\" height=\"324\" src=\"https:\/\/lauska.lv\/veikals\/wp-content\/uploads\/sites\/6\/2018\/08\/Cover_astride_ivaska_cels_01-324x324.jpg\" class=\"attachment-woocommerce_thumbnail size-woocommerce_thumbnail\" alt=\"\" srcset=\"https:\/\/lauska.lv\/veikals\/wp-content\/uploads\/sites\/6\/2018\/08\/Cover_astride_ivaska_cels_01-324x324.jpg 324w, https:\/\/lauska.lv\/veikals\/wp-content\/uploads\/sites\/6\/2018\/08\/Cover_astride_ivaska_cels_01-100x100.jpg 100w, https:\/\/lauska.lv\/veikals\/wp-content\/uploads\/sites\/6\/2018\/08\/Cover_astride_ivaska_cels_01-150x150.jpg 150w\" sizes=\"(max-width: 324px) 100vw, 324px\" \/><h2 class=\"woocommerce-loop-product__title\">Ce\u013c\u0161<\/h2>\n\t<span class=\"price\"><span class=\"woocommerce-Price-amount amount\"><bdi>12.00&nbsp;<span class=\"woocommerce-Price-currencySymbol\">&euro;<\/span><\/bdi><\/span> <small class=\"woocommerce-price-suffix\">iesk. PVN<\/small><\/span>\n<\/a><a href=\"?add-to-cart=1375\" data-quantity=\"1\" class=\"button product_type_simple add_to_cart_button ajax_add_to_cart\" data-product_id=\"1375\" data-product_sku=\"2009 CD030\" aria-label=\"Add to cart: &ldquo;Ce\u013c\u0161&rdquo;\" aria-describedby=\"\" rel=\"nofollow\">+<\/a><\/li>\n<\/ul>\n<\/div>\n\n\n\n<h2 class=\"wp-block-heading\">Video<\/h2>\n\n\n\n<hr class=\"wp-block-separator\"\/>\n\n\n\n<figure class=\"wp-block-embed-youtube wp-block-embed is-type-video is-provider-youtube wp-has-aspect-ratio wp-embed-aspect-16-9\"><div class=\"wp-block-embed__wrapper\">\n<span class=\"embed-youtube\" style=\"text-align:center; display: block;\"><iframe class=\"youtube-player\" width=\"980\" height=\"552\" src=\"https:\/\/www.youtube.com\/embed\/htRa4OhMarA?version=3&#038;rel=1&#038;showsearch=0&#038;showinfo=1&#038;iv_load_policy=1&#038;fs=1&#038;hl=lv-LV&#038;autohide=2&#038;wmode=transparent&#038;listType=playlist&#038;list=PLlzUjSgLpT4wtqDqlndXKnOWM0I085aYb\" allowfullscreen=\"true\" style=\"border:0;\" sandbox=\"allow-scripts allow-same-origin allow-popups allow-presentation allow-popups-to-escape-sandbox\"><\/iframe><\/span>\n<\/div><\/figure>\n","protected":false},"excerpt":{"rendered":"<p>Video<\/p>\n","protected":false},"author":2,"featured_media":0,"parent":218,"menu_order":0,"comment_status":"closed","ping_status":"closed","template":"page-group.php","meta":{"jetpack_post_was_ever_published":false,"footnotes":""},"categories":[568,559],"tags":[],"jetpack_sharing_enabled":true,"_links":{"self":[{"href":"https:\/\/lauska.lv\/veikals\/wp-json\/wp\/v2\/pages\/703"}],"collection":[{"href":"https:\/\/lauska.lv\/veikals\/wp-json\/wp\/v2\/pages"}],"about":[{"href":"https:\/\/lauska.lv\/veikals\/wp-json\/wp\/v2\/types\/page"}],"author":[{"embeddable":true,"href":"https:\/\/lauska.lv\/veikals\/wp-json\/wp\/v2\/users\/2"}],"replies":[{"embeddable":true,"href":"https:\/\/lauska.lv\/veikals\/wp-json\/wp\/v2\/comments?post=703"}],"version-history":[{"count":3,"href":"https:\/\/lauska.lv\/veikals\/wp-json\/wp\/v2\/pages\/703\/revisions"}],"predecessor-version":[{"id":3107,"href":"https:\/\/lauska.lv\/veikals\/wp-json\/wp\/v2\/pages\/703\/revisions\/3107"}],"up":[{"embeddable":true,"href":"https:\/\/lauska.lv\/veikals\/wp-json\/wp\/v2\/pages\/218"}],"wp:attachment":[{"href":"https:\/\/lauska.lv\/veikals\/wp-json\/wp\/v2\/media?parent=703"}],"wp:term":[{"taxonomy":"category","embeddable":true,"href":"https:\/\/lauska.lv\/veikals\/wp-json\/wp\/v2\/categories?post=703"},{"taxonomy":"post_tag","embeddable":true,"href":"https:\/\/lauska.lv\/veikals\/wp-json\/wp\/v2\/tags?post=703"}],"curies":[{"name":"wp","href":"https:\/\/api.w.org\/{rel}","templated":true}]}}