{"id":675,"date":"2018-08-27T17:12:37","date_gmt":"2018-08-27T14:12:37","guid":{"rendered":"http:\/\/lauska.lv\/veikals\/makslinieki\/hagenskalna-muzikanti"},"modified":"2018-10-04T23:10:28","modified_gmt":"2018-10-04T20:10:28","slug":"hagenskalna-muzikanti","status":"publish","type":"page","link":"https:\/\/lauska.lv\/veikals\/makslinieki-2\/hagenskalna-muzikanti\/","title":{"rendered":"H\u0101genskalna muzikanti"},"content":{"rendered":"\n<div class=\"wp-block-organic-profile-block\"><div class=\"organic-profile-content-title\"><nameartist>H\u0101genskalna muzikanti<\/nameartist><hr\/><\/div><div class=\"organic-profile-content-flex\" style=\"text-align:left\"><div class=\"organic-profile-image\" style=\"background-image:url(http:\/\/lauska.lv\/veikalsbeta\/wp-content\/uploads\/sites\/6\/2018\/08\/Group_HagenskalnaMuzikanti.jpg)\"><img decoding=\"async\" src=\"http:\/\/lauska.lv\/veikalsbeta\/wp-content\/uploads\/sites\/6\/2018\/08\/Group_HagenskalnaMuzikanti.jpg\"\/><\/div><div class=\"organic-profile-content\" style=\"text-align:left\"><p><strong>Ilm\u0101rs Pumpurs\u00a0<\/strong>balss, kontrabass<br\/><strong>Sandra Lipska<\/strong>\u00a0c\u012btara, balss<br\/><strong>Zane Kriumane<\/strong>\u00a0vijole, balss<br\/><strong>Rolands Zel\u010ds<\/strong>\u00a0akordeons<br\/><br\/>Ja v\u0113laties g\u016bt kaut ko no muzik\u0101lajiem iespaidiem, kas tautai bija m\u012b\u013ci 19. gs. beig\u0101s vai 20. gs. s\u0101kum\u0101, tad noteikti j\u0101dzird H\u0101genskalna muzikanti no P\u0101rdaugavas. Kapelas repertu\u0101ra lielu da\u013cu veido zi\u0146\u0123es, kas bija \u013coti popul\u0101ras apm\u0113ram pirms 100 gadiem. Turkl\u0101t H\u0101genskalna muzikanti t\u0101s izpilda t\u0113rpu\u0161ies ar\u012b atbilsto\u0161os t\u0113rpos. Varb\u016bt da\u017eas dziesmas v\u0113l atcer\u0113sies m\u016bsu vecm\u0101mi\u0146as no saviem jaun\u012bbas laikiem.<\/p><div class=\"organic-profile-social\"><a class=\"social-link\" href=\"https:\/\/www.facebook.com\/hagenskalnamuzikanti\/\" target=\"_blank\"><i class=\"fab fa-facebook-f\"><\/i><\/a><a class=\"social-link\" href=\"https:\/\/www.draugiem.lv\/music\/10005337\/\" target=\"_blank\"><i class=\"fas fa-link\"><\/i><\/a><\/div><\/div><\/div><\/div>\n\n\n<div class=\"woocommerce columns-4 \"><ul class=\"products columns-4\">\n<li class=\"product type-product post-1303 status-publish first instock product_cat-brence-liene product_cat-der product_cat-enu-kaleidoskops product_cat-folkvakars product_cat-grasis-austris product_cat-hagenskalna-muzikanti product_cat-ilgi product_cat-ilza product_cat-jansone-laima product_cat-katalogs product_cat-krampis product_cat-laiksne product_cat-lans product_cat-miglas-asni product_cat-perkonviri product_cat-post-folks product_cat-rigas-dancu-klubs product_cat-rudzi product_cat-sprindza-aiga product_cat-sviests product_cat-tai-tai product_cat-teiksma product_cat-tervetes-trubaduri product_cat-trakula product_cat-vetras-saites product_cat-vilkaci product_cat-viteri product_cat-zanri product_tag-39 has-post-thumbnail taxable shipping-taxable purchasable product-type-simple\">\n\t<a href=\"https:\/\/lauska.lv\/veikals\/Preces\/sviests-iv\/\" class=\"woocommerce-LoopProduct-link woocommerce-loop-product__link\"><img fetchpriority=\"high\" decoding=\"async\" width=\"324\" height=\"324\" src=\"https:\/\/lauska.lv\/veikals\/wp-content\/uploads\/sites\/6\/2018\/08\/Cover_sviests_IV_01-324x324.jpg\" class=\"attachment-woocommerce_thumbnail size-woocommerce_thumbnail\" alt=\"\" srcset=\"https:\/\/lauska.lv\/veikals\/wp-content\/uploads\/sites\/6\/2018\/08\/Cover_sviests_IV_01-324x324.jpg 324w, https:\/\/lauska.lv\/veikals\/wp-content\/uploads\/sites\/6\/2018\/08\/Cover_sviests_IV_01-100x100.jpg 100w, https:\/\/lauska.lv\/veikals\/wp-content\/uploads\/sites\/6\/2018\/08\/Cover_sviests_IV_01-150x150.jpg 150w\" sizes=\"(max-width: 324px) 100vw, 324px\" \/><h2 class=\"woocommerce-loop-product__title\">SVIESTS IV<\/h2>\n\t<span class=\"price\"><span class=\"woocommerce-Price-amount amount\"><bdi>10.00&nbsp;<span class=\"woocommerce-Price-currencySymbol\">&euro;<\/span><\/bdi><\/span> <small class=\"woocommerce-price-suffix\">iesk. PVN<\/small><\/span>\n<\/a><a href=\"?add-to-cart=1303\" data-quantity=\"1\" class=\"button product_type_simple add_to_cart_button ajax_add_to_cart\" data-product_id=\"1303\" data-product_sku=\"2011 CD037\" aria-label=\"Add to cart: &ldquo;SVIESTS IV&rdquo;\" aria-describedby=\"\" rel=\"nofollow\">+<\/a><\/li>\n<\/ul>\n<\/div>\n\n\n\n<h2 class=\"wp-block-heading\">Video<\/h2>\n\n\n\n<hr class=\"wp-block-separator\"\/>\n\n\n\n<figure class=\"wp-block-embed-youtube wp-block-embed is-type-video is-provider-youtube wp-has-aspect-ratio wp-embed-aspect-16-9\"><div class=\"wp-block-embed__wrapper\">\n<span class=\"embed-youtube\" style=\"text-align:center; display: block;\"><iframe class=\"youtube-player\" width=\"980\" height=\"552\" src=\"https:\/\/www.youtube.com\/embed\/Hml2WODk_so?version=3&#038;rel=1&#038;showsearch=0&#038;showinfo=1&#038;iv_load_policy=1&#038;fs=1&#038;hl=lv-LV&#038;autohide=2&#038;wmode=transparent\" allowfullscreen=\"true\" style=\"border:0;\" sandbox=\"allow-scripts allow-same-origin allow-popups allow-presentation allow-popups-to-escape-sandbox\"><\/iframe><\/span>\n<\/div><\/figure>\n","protected":false},"excerpt":{"rendered":"<p>Video<\/p>\n","protected":false},"author":2,"featured_media":0,"parent":218,"menu_order":0,"comment_status":"closed","ping_status":"closed","template":"page-group.php","meta":{"jetpack_post_was_ever_published":false,"footnotes":""},"categories":[567,559],"tags":[],"jetpack_sharing_enabled":true,"_links":{"self":[{"href":"https:\/\/lauska.lv\/veikals\/wp-json\/wp\/v2\/pages\/675"}],"collection":[{"href":"https:\/\/lauska.lv\/veikals\/wp-json\/wp\/v2\/pages"}],"about":[{"href":"https:\/\/lauska.lv\/veikals\/wp-json\/wp\/v2\/types\/page"}],"author":[{"embeddable":true,"href":"https:\/\/lauska.lv\/veikals\/wp-json\/wp\/v2\/users\/2"}],"replies":[{"embeddable":true,"href":"https:\/\/lauska.lv\/veikals\/wp-json\/wp\/v2\/comments?post=675"}],"version-history":[{"count":3,"href":"https:\/\/lauska.lv\/veikals\/wp-json\/wp\/v2\/pages\/675\/revisions"}],"predecessor-version":[{"id":3103,"href":"https:\/\/lauska.lv\/veikals\/wp-json\/wp\/v2\/pages\/675\/revisions\/3103"}],"up":[{"embeddable":true,"href":"https:\/\/lauska.lv\/veikals\/wp-json\/wp\/v2\/pages\/218"}],"wp:attachment":[{"href":"https:\/\/lauska.lv\/veikals\/wp-json\/wp\/v2\/media?parent=675"}],"wp:term":[{"taxonomy":"category","embeddable":true,"href":"https:\/\/lauska.lv\/veikals\/wp-json\/wp\/v2\/categories?post=675"},{"taxonomy":"post_tag","embeddable":true,"href":"https:\/\/lauska.lv\/veikals\/wp-json\/wp\/v2\/tags?post=675"}],"curies":[{"name":"wp","href":"https:\/\/api.w.org\/{rel}","templated":true}]}}