{"id":669,"date":"2018-08-27T17:05:25","date_gmt":"2018-08-27T14:05:25","guid":{"rendered":"http:\/\/lauska.lv\/veikals\/makslinieki\/geidans-andris"},"modified":"2024-02-17T07:09:48","modified_gmt":"2024-02-17T05:09:48","slug":"geidans-andris","status":"publish","type":"page","link":"https:\/\/lauska.lv\/veikals\/makslinieki-2\/geidans-andris\/","title":{"rendered":"Geid\u0101ns Andris"},"content":{"rendered":"\n<div class=\"wp-block-organic-profile-block\"><div class=\"organic-profile-content-title\"><nameartist>Andris Geid\u0101ns<\/nameartist><hr\/><\/div><div class=\"organic-profile-content-flex\" style=\"text-align:left\"><div class=\"organic-profile-image\" style=\"background-image:url(http:\/\/lauska.lv\/veikalsbeta\/wp-content\/uploads\/sites\/6\/2018\/08\/Group_Geidans.jpg)\"><img decoding=\"async\" src=\"http:\/\/lauska.lv\/veikalsbeta\/wp-content\/uploads\/sites\/6\/2018\/08\/Group_Geidans.jpg\"\/><\/div><div class=\"organic-profile-content\" style=\"text-align:left\"><p>D\u0113v\u0113ts par Latvijas v\u0113sturisk\u0101s rekonstrukcijas ciltst\u0113vu. Galvenais biedr\u012bbas \u201cLivonensis\u201d ideolo\u0123ijas virz\u012bt\u0101jsp\u0113ks, grupu vad\u012bt\u0101js un t\u016brisma gids ar vair\u0101k k\u0101 20 gadu pasaules pieredzi.<\/p><div class=\"organic-profile-social\"><a class=\"social-link\" href=\"http:\/\/vesturiskiaktivs.lv\/lv\/home\/\" target=\"_blank\" rel=\"noopener\"><i class=\"fas fa-play\"><\/i><\/a><a class=\"social-link\" href=\"https:\/\/www.youtube.com\/channel\/UCjnwl9_afUvVSCsrMLrz6jQ\" target=\"_blank\" rel=\"noopener\"><i class=\"fab fa-youtube\"><\/i><\/a><\/div><\/div><\/div><\/div>\n\n\n<div class=\"woocommerce columns-4 \"><\/div>\n","protected":false},"excerpt":{"rendered":"","protected":false},"author":2,"featured_media":0,"parent":218,"menu_order":2,"comment_status":"closed","ping_status":"closed","template":"page-group.php","meta":{"jetpack_post_was_ever_published":false,"footnotes":""},"categories":[566,559],"tags":[],"jetpack_sharing_enabled":true,"_links":{"self":[{"href":"https:\/\/lauska.lv\/veikals\/wp-json\/wp\/v2\/pages\/669"}],"collection":[{"href":"https:\/\/lauska.lv\/veikals\/wp-json\/wp\/v2\/pages"}],"about":[{"href":"https:\/\/lauska.lv\/veikals\/wp-json\/wp\/v2\/types\/page"}],"author":[{"embeddable":true,"href":"https:\/\/lauska.lv\/veikals\/wp-json\/wp\/v2\/users\/2"}],"replies":[{"embeddable":true,"href":"https:\/\/lauska.lv\/veikals\/wp-json\/wp\/v2\/comments?post=669"}],"version-history":[{"count":3,"href":"https:\/\/lauska.lv\/veikals\/wp-json\/wp\/v2\/pages\/669\/revisions"}],"predecessor-version":[{"id":18359,"href":"https:\/\/lauska.lv\/veikals\/wp-json\/wp\/v2\/pages\/669\/revisions\/18359"}],"up":[{"embeddable":true,"href":"https:\/\/lauska.lv\/veikals\/wp-json\/wp\/v2\/pages\/218"}],"wp:attachment":[{"href":"https:\/\/lauska.lv\/veikals\/wp-json\/wp\/v2\/media?parent=669"}],"wp:term":[{"taxonomy":"category","embeddable":true,"href":"https:\/\/lauska.lv\/veikals\/wp-json\/wp\/v2\/categories?post=669"},{"taxonomy":"post_tag","embeddable":true,"href":"https:\/\/lauska.lv\/veikals\/wp-json\/wp\/v2\/tags?post=669"}],"curies":[{"name":"wp","href":"https:\/\/api.w.org\/{rel}","templated":true}]}}